{"id":10,"date":"2023-07-20T11:25:03","date_gmt":"2023-07-20T09:25:03","guid":{"rendered":"https:\/\/preprod.nannienergy.com\/?page_id=10"},"modified":"2024-10-29T12:25:33","modified_gmt":"2024-10-29T11:25:33","slug":"service","status":"publish","type":"page","link":"https:\/\/nannienergy.com\/fr\/service\/","title":{"rendered":"Services"},"content":{"rendered":"<div class=\"wpb-content-wrapper\"><p>[vc_row full_width=\u00a0\u00bbstretch_row_content\u00a0\u00bb el_class=\u00a0\u00bbtitle_content parent\u00a0\u00bb css=\u00a0\u00bb.vc_custom_1725439556102{background-image: url(https:\/\/nannienergy.com\/wp-content\/uploads\/2024\/09\/SAV_Dubourdieu-nanni-1.jpg?id=7902) !important;background-position: center !important;background-repeat: no-repeat !important;background-size: cover !important;}\u00a0\u00bb][vc_column][vc_column_text el_class=\u00a0\u00bbbreadcrumb\u00a0\u00bb]<span><span><a href=\"https:\/\/nannienergy.com\/fr\/\"><span class=\"home\"><\/span><\/a><\/span><\/span>[\/vc_column_text][vc_column_text css_animation=\u00a0\u00bbfadeIn\u00a0\u00bb el_class=\u00a0\u00bbtitle_container\u00a0\u00bb]<\/p>\n<h1>Services<\/h1>\n<p>En tant que propri\u00e9taire d\u2019un produit Nanni, vous pouvez compter sur notre engagement assidu envers la qualit\u00e9, la fiabilit\u00e9 et le service \u00e0 la client\u00e8le. Pour vous soutenir tout au long de votre exp\u00e9rience, notre r\u00e9seau de service est l\u00e0 : que ce soit pour vous fournir un programme de garantie complet, r\u00e9pondre \u00e0 vos questions, vous donner des conseils d&rsquo;entretien, vous offrir des cours pratiques ou encore vous fournir des pi\u00e8ces de rechanges d\u2019origine Nanni.[\/vc_column_text][\/vc_column][\/vc_row][vc_row el_class=\u00a0\u00bbblock-img-txt-services\u00a0\u00bb][vc_column width=\u00a0\u00bb1\/2&Prime;][vc_single_image image=\u00a0\u00bb412&Prime; img_size=\u00a0\u00bbfull\u00a0\u00bb][\/vc_column][vc_column width=\u00a0\u00bb1\/2&Prime;][vc_column_text css=\u00a0\u00bb\u00a0\u00bb]<\/p>\n<h2>Pi\u00e8ces de rechange<\/h2>\n<p><strong>Ici commence l\u2019aventure.<\/strong><\/p>\n<p>Prenez soin de votre investissement, choisissez la pi\u00e8ce d&rsquo;origine Nanni.<\/p>\n<p><a class=\"tertiary\" href=\"\/fr\/service\/piece-de-rechange\/\">En savoir plus<\/a>[\/vc_column_text][\/vc_column][\/vc_row][vc_row el_class=\u00a0\u00bbblock-img-txt-services\u00a0\u00bb][vc_column width=\u00a0\u00bb1\/2&Prime;][vc_single_image image=\u00a0\u00bb3418&Prime; img_size=\u00a0\u00bbfull\u00a0\u00bb][\/vc_column][vc_column width=\u00a0\u00bb1\/2&Prime;][vc_column_text css=\u00a0\u00bb\u00a0\u00bb]<\/p>\n<h2>Garantie<\/h2>\n<p><strong>Ensemble, partenaires de toutes vos missions.<br \/>\n<\/strong><br \/>\nUn programme de garantie complet pour votre investissement, vous pouvez naviguer avec tranquillit\u00e9 !<\/p>\n<p><a class=\"tertiary\" href=\"\/fr\/service\/garantie\/\">En savoir plus<\/a>[\/vc_column_text][\/vc_column][\/vc_row][vc_row el_class=\u00a0\u00bbblock-img-txt-services\u00a0\u00bb][vc_column width=\u00a0\u00bb1\/2&Prime;][vc_single_image image=\u00a0\u00bb414&Prime; img_size=\u00a0\u00bbfull\u00a0\u00bb][\/vc_column][vc_column width=\u00a0\u00bb1\/2&Prime;][vc_column_text css=\u00a0\u00bb\u00a0\u00bb]<\/p>\n<h2>Documentation<\/h2>\n<p><strong>Ici commence l\u2019aventure.<br \/>\n<\/strong><br \/>\nVous trouverez ici les manuels utilisateurs, conditions de garanties ou encore toute la documentation concernant les produits et services Nanni.<\/p>\n<p><a class=\"tertiary\" href=\"\/fr\/service\/documentation\/\">En savoir plus<\/a><\/p>\n<p>[\/vc_column_text][\/vc_column][\/vc_row]<\/p>\n<\/div>","protected":false},"excerpt":{"rendered":"[vc_row full_width=\u00a0\u00bbstretch_row_content\u00a0\u00bb el_class=\u00a0\u00bbtitle_content parent\u00a0\u00bb css=\u00a0\u00bb.vc_custom_1725439556102{background-image: url(https:\/\/nannienergy.com\/wp-content\/uploads\/2024\/09\/SAV_Dubourdieu-nanni-1.jpg?id=7902) !important;background-position: center !important;background-repeat: no-repeat !important;background-size: cover !important;}\u00a0\u00bb][vc_column][vc_column_text el_class=\u00a0\u00bbbreadcrumb\u00a0\u00bb][\/vc_column_text][vc_column_text css_animation=\u00a0\u00bbfadeIn\u00a0\u00bb el_class=\u00a0\u00bbtitle_container\u00a0\u00bb] Services En tant que propri\u00e9taire d\u2019un produit Nanni, vous pouvez compter sur notre engagement assidu envers la qualit\u00e9, la fiabilit\u00e9 et le service \u00e0 la client\u00e8le. Pour vous soutenir tout au long de votre exp\u00e9rience, notre r\u00e9seau de service&#8230; <a class=\"view-article\" href=\"https:\/\/nannienergy.com\/fr\/service\/\">Voir l&rsquo;article<\/a>","protected":false},"author":1,"featured_media":0,"parent":0,"menu_order":0,"comment_status":"closed","ping_status":"closed","template":"","meta":{"_acf_changed":false,"footnotes":""},"class_list":["post-10","page","type-page","status-publish","hentry"],"acf":[],"yoast_head":"<!-- This site is optimized with the Yoast SEO plugin v26.4 - https:\/\/yoast.com\/wordpress\/plugins\/seo\/ -->\n<title>Services - Nanni Industries<\/title>\n<meta name=\"robots\" content=\"index, follow, max-snippet:-1, max-image-preview:large, max-video-preview:-1\" \/>\n<link rel=\"canonical\" href=\"https:\/\/nannienergy.com\/fr\/service\/\" \/>\n<meta property=\"og:locale\" content=\"fr_FR\" \/>\n<meta property=\"og:type\" content=\"article\" \/>\n<meta property=\"og:title\" content=\"Services - Nanni Industries\" \/>\n<meta property=\"og:description\" content=\"[vc_row full_width=\u00a0\u00bbstretch_row_content\u00a0\u00bb el_class=\u00a0\u00bbtitle_content parent\u00a0\u00bb css=\u00a0\u00bb.vc_custom_1725439556102{background-image: url(https:\/\/nannienergy.com\/wp-content\/uploads\/2024\/09\/SAV_Dubourdieu-nanni-1.jpg?id=7902) !important;background-position: center !important;background-repeat: no-repeat !important;background-size: cover !important;}\u00a0\u00bb][vc_column][vc_column_text el_class=\u00a0\u00bbbreadcrumb\u00a0\u00bb][\/vc_column_text][vc_column_text css_animation=\u00a0\u00bbfadeIn\u00a0\u00bb el_class=\u00a0\u00bbtitle_container\u00a0\u00bb] Services En tant que propri\u00e9taire d\u2019un produit Nanni, vous pouvez compter sur notre engagement assidu envers la qualit\u00e9, la fiabilit\u00e9 et le service \u00e0 la client\u00e8le. Pour vous soutenir tout au long de votre exp\u00e9rience, notre r\u00e9seau de service... Voir l&#039;article\" \/>\n<meta property=\"og:url\" content=\"https:\/\/nannienergy.com\/fr\/service\/\" \/>\n<meta property=\"og:site_name\" content=\"Nanni Industries\" \/>\n<meta property=\"article:modified_time\" content=\"2024-10-29T11:25:33+00:00\" \/>\n<meta name=\"twitter:card\" content=\"summary_large_image\" \/>\n<meta name=\"twitter:label1\" content=\"Dur\u00e9e de lecture estim\u00e9e\" \/>\n\t<meta name=\"twitter:data1\" content=\"2 minutes\" \/>\n<script type=\"application\/ld+json\" class=\"yoast-schema-graph\">{\"@context\":\"https:\/\/schema.org\",\"@graph\":[{\"@type\":\"WebPage\",\"@id\":\"https:\/\/nannienergy.com\/fr\/service\/\",\"url\":\"https:\/\/nannienergy.com\/fr\/service\/\",\"name\":\"Services - Nanni Industries\",\"isPartOf\":{\"@id\":\"https:\/\/nannienergy.com\/fr\/#website\"},\"datePublished\":\"2023-07-20T09:25:03+00:00\",\"dateModified\":\"2024-10-29T11:25:33+00:00\",\"breadcrumb\":{\"@id\":\"https:\/\/nannienergy.com\/fr\/service\/#breadcrumb\"},\"inLanguage\":\"fr-FR\",\"potentialAction\":[{\"@type\":\"ReadAction\",\"target\":[\"https:\/\/nannienergy.com\/fr\/service\/\"]}]},{\"@type\":\"BreadcrumbList\",\"@id\":\"https:\/\/nannienergy.com\/fr\/service\/#breadcrumb\",\"itemListElement\":[{\"@type\":\"ListItem\",\"position\":1,\"name\":\"\",\"item\":\"https:\/\/nannienergy.com\/fr\/\"},{\"@type\":\"ListItem\",\"position\":2,\"name\":\"Services\"}]},{\"@type\":\"WebSite\",\"@id\":\"https:\/\/nannienergy.com\/fr\/#website\",\"url\":\"https:\/\/nannienergy.com\/fr\/\",\"name\":\"Nanni Industries\",\"description\":\"\",\"potentialAction\":[{\"@type\":\"SearchAction\",\"target\":{\"@type\":\"EntryPoint\",\"urlTemplate\":\"https:\/\/nannienergy.com\/fr\/?s={search_term_string}\"},\"query-input\":{\"@type\":\"PropertyValueSpecification\",\"valueRequired\":true,\"valueName\":\"search_term_string\"}}],\"inLanguage\":\"fr-FR\"}]}<\/script>\n<!-- \/ Yoast SEO plugin. -->","yoast_head_json":{"title":"Services - Nanni Industries","robots":{"index":"index","follow":"follow","max-snippet":"max-snippet:-1","max-image-preview":"max-image-preview:large","max-video-preview":"max-video-preview:-1"},"canonical":"https:\/\/nannienergy.com\/fr\/service\/","og_locale":"fr_FR","og_type":"article","og_title":"Services - Nanni Industries","og_description":"[vc_row full_width=\u00a0\u00bbstretch_row_content\u00a0\u00bb el_class=\u00a0\u00bbtitle_content parent\u00a0\u00bb css=\u00a0\u00bb.vc_custom_1725439556102{background-image: url(https:\/\/nannienergy.com\/wp-content\/uploads\/2024\/09\/SAV_Dubourdieu-nanni-1.jpg?id=7902) !important;background-position: center !important;background-repeat: no-repeat !important;background-size: cover !important;}\u00a0\u00bb][vc_column][vc_column_text el_class=\u00a0\u00bbbreadcrumb\u00a0\u00bb][\/vc_column_text][vc_column_text css_animation=\u00a0\u00bbfadeIn\u00a0\u00bb el_class=\u00a0\u00bbtitle_container\u00a0\u00bb] Services En tant que propri\u00e9taire d\u2019un produit Nanni, vous pouvez compter sur notre engagement assidu envers la qualit\u00e9, la fiabilit\u00e9 et le service \u00e0 la client\u00e8le. Pour vous soutenir tout au long de votre exp\u00e9rience, notre r\u00e9seau de service... Voir l'article","og_url":"https:\/\/nannienergy.com\/fr\/service\/","og_site_name":"Nanni Industries","article_modified_time":"2024-10-29T11:25:33+00:00","twitter_card":"summary_large_image","twitter_misc":{"Dur\u00e9e de lecture estim\u00e9e":"2 minutes"},"schema":{"@context":"https:\/\/schema.org","@graph":[{"@type":"WebPage","@id":"https:\/\/nannienergy.com\/fr\/service\/","url":"https:\/\/nannienergy.com\/fr\/service\/","name":"Services - Nanni Industries","isPartOf":{"@id":"https:\/\/nannienergy.com\/fr\/#website"},"datePublished":"2023-07-20T09:25:03+00:00","dateModified":"2024-10-29T11:25:33+00:00","breadcrumb":{"@id":"https:\/\/nannienergy.com\/fr\/service\/#breadcrumb"},"inLanguage":"fr-FR","potentialAction":[{"@type":"ReadAction","target":["https:\/\/nannienergy.com\/fr\/service\/"]}]},{"@type":"BreadcrumbList","@id":"https:\/\/nannienergy.com\/fr\/service\/#breadcrumb","itemListElement":[{"@type":"ListItem","position":1,"name":"","item":"https:\/\/nannienergy.com\/fr\/"},{"@type":"ListItem","position":2,"name":"Services"}]},{"@type":"WebSite","@id":"https:\/\/nannienergy.com\/fr\/#website","url":"https:\/\/nannienergy.com\/fr\/","name":"Nanni Industries","description":"","potentialAction":[{"@type":"SearchAction","target":{"@type":"EntryPoint","urlTemplate":"https:\/\/nannienergy.com\/fr\/?s={search_term_string}"},"query-input":{"@type":"PropertyValueSpecification","valueRequired":true,"valueName":"search_term_string"}}],"inLanguage":"fr-FR"}]}},"_links":{"self":[{"href":"https:\/\/nannienergy.com\/fr\/wp-json\/wp\/v2\/pages\/10","targetHints":{"allow":["GET"]}}],"collection":[{"href":"https:\/\/nannienergy.com\/fr\/wp-json\/wp\/v2\/pages"}],"about":[{"href":"https:\/\/nannienergy.com\/fr\/wp-json\/wp\/v2\/types\/page"}],"author":[{"embeddable":true,"href":"https:\/\/nannienergy.com\/fr\/wp-json\/wp\/v2\/users\/1"}],"replies":[{"embeddable":true,"href":"https:\/\/nannienergy.com\/fr\/wp-json\/wp\/v2\/comments?post=10"}],"version-history":[{"count":0,"href":"https:\/\/nannienergy.com\/fr\/wp-json\/wp\/v2\/pages\/10\/revisions"}],"wp:attachment":[{"href":"https:\/\/nannienergy.com\/fr\/wp-json\/wp\/v2\/media?parent=10"}],"curies":[{"name":"wp","href":"https:\/\/api.w.org\/{rel}","templated":true}]}}