{"id":12,"date":"2023-07-20T11:25:10","date_gmt":"2023-07-20T09:25:10","guid":{"rendered":"https:\/\/preprod.nannienergy.com\/?page_id=12"},"modified":"2025-03-28T11:15:06","modified_gmt":"2025-03-28T10:15:06","slug":"reseau","status":"publish","type":"page","link":"https:\/\/nannienergy.com\/fr\/reseau\/","title":{"rendered":"R\u00e9seau"},"content":{"rendered":"<div class=\"wpb-content-wrapper\"><p>[vc_row el_class=\u00a0\u00bbreseau_content\u00a0\u00bb][vc_column][vc_column_text el_class=\u00a0\u00bbbreadcrumb\u00a0\u00bb]<span><span><a href=\"https:\/\/nannienergy.com\/fr\/\"><span class=\"home\"><\/span><\/a><\/span><\/span>[\/vc_column_text][vc_column_text css=\u00a0\u00bb\u00a0\u00bb el_class=\u00a0\u00bbasl_content\u00a0\u00bb]<style type=\"text\/css\">\nbody #asl-storelocator.asl-cont.asl-template-0 {--sl-primary: #F3F3F3;}.asl-p-cont .asl-print-btn,.asl-cont .asl-print-btn {display: none !important;}#asl-storelocator.asl-cont .sl-main-cont .asl-panel.pol-lg-12 {\n    order: 0;\n}\n\n#asl-storelocator.asl-cont .sl-main-cont .asl-panel.pol-lg-12 .asl-panel-inner {\n    position: relative;\n    height: 450px;\n}\n\n.asl-cont .onoffswitch .onoffswitch-label .onoffswitch-switch:before {\n    content: \"OUVRIR\" !important;\n}\n\n.asl-cont .onoffswitch .onoffswitch-label .onoffswitch-switch:after {\n    content: \"TOUS\" !important;\n}\n\n@media (max-width: 767px) {\n    #asl-storelocator.asl-cont .asl-panel {\n        order: 0;\n    }\n}\n\n.asl-cont.sl-search-only .Filter_section+.sl-row {\n    display: none;\n}\n\n.asl-cont .sl-hide-branches,\n.asl-cont .sl-hide-branches:hover {\n    color: #FFF !important;\n    text-decoration: none !important;\n    cursor: pointer;\n}\n<\/style>\n<div id=\"asl-storelocator\"\n    class=\"storelocator-main asl-cont asl-template-0 asl-layout-0 asl-bg-0 full-width sl-category-tabs full-height asl-text-1\">\n    <div class=\"asl-wrapper\">\n        <div class=\"sl-container-fluid\">\n                        <div class=\"sl-row\">\n                <div class=\"pol-12\">\n                    <div class=\"sl-main-cont\">\n                        <div class=\"sl-row no-gutters sl-main-row\">\n                            <div id=\"asl-panel\" class=\"asl-panel pol-md-5 pol-lg-4 asl_locator-panel\">\n                                                                <h1>Trouver un revendeur<\/h1>\n                                <div class=\"asl-description\">\n                                  <p>Nanni commercialise ses produits \u00e0 travers son r\u00e9seau de vente et de service r\u00e9partis dans 90 pays \u00e0 travers le monde. Il compte sur un solide maillage de pr\u00e8s de 800 partenaires qualifi\u00e9s. Les agents agr\u00e9\u00e9s Nanni sont l\u00e0 pour vous apporter assistance tout au long de la vie de votre produit.<\/p>\n                                <\/div>\n                                                                    <div class=\"sl-row Filter_section\">\n                                                                                <div class=\"pol-lg-8 pol-md-7 pol-sm-12\">\n                                            <div class=\"sl-row\">\n                                                <div class=\"pol-sm-12 asl-advance-filters hide\">\n                                                    <div class=\"sl-row\">\n                                                                                                                                                                                                                                                                                                <div\n                                                                class=\"pol-lg-4 pol-md-6 pol-sm-12  asl-tabs-ddl pol-12 pol-lg-12 pol-md-12 pol-sm-12 asl-ddl-filters asl-ddl-filter-brand\">\n                                                                <div class=\"asl-filter-cntrl\">\n                                                                    <label class=\"asl-cntrl-lbl\"\n                                                                        for=\"asl-brand\">S\u00e9lectionner une marque<\/label>\n                                                                    <div class=\"sl-dropdown-cont\" id=\"brand_filter\">\n                                                                    <\/div>\n                                                                <\/div>\n                                                            <\/div>\n                                                                                                                                                                                                                                        <div class=\"pol-lg-4 pol-md-6 pol-sm-12  asl-tabs-ddl pol-12 pol-lg-12 pol-md-12 pol-sm-12 asl-ddl-filters asl-ddl-filter-cats\">\n                                                                <div class=\"asl-filter-cntrl\">\n                                                                    <label class=\"asl-cntrl-lbl\"\n                                                                        for=\"asl-categories\">Que recherchez-vous ?<\/label>\n                                                                    <div class=\"sl-dropdown-cont\" id=\"categories_filter\">\n                                                                    <\/div>\n                                                                <\/div>\n                                                            <\/div>\n                                                                                                                    \n                                                        <div class=\"pol-lg-4 pol-md-6 pol-sm-12 range_filter asl-ddl-filters hide\">\n                                                            <div class=\"rangeFilter asl-filter-cntrl\">\n                                                                <label for=\"asl-radius-slide\"\n                                                                    class=\"asl-cntrl-lbl\">Port\u00e9e de distance<\/label>\n                                                                <input id=\"asl-radius-slide\" type=\"text\" class=\"span2\" \/>\n                                                                <span class=\"rad-unit\">Rayon: <span\n                                                                        id=\"asl-radius-input\"><\/span> <span\n                                                                        id=\"asl-dist-unit\">Km<\/span><\/span>\n                                                            <\/div>\n                                                        <\/div>\n                                                        <div class=\"pol-lg-2 pol-md-3 pol-sm-12 Status_filter\">\n                                                            <div class=\"asl-filter-cntrl\">\n                                                                <label class=\"asl-cntrl-lbl\">Statut<\/label>\n                                                                <div class=\"onoffswitch\">\n                                                                    <input type=\"checkbox\" name=\"onoffswitch\" class=\"onoffswitch-checkbox\"\n                                                                        id=\"asl-open-close\" checked>\n                                                                    <label aria-label=\"Magasins ouverts\"\n                                                                        title=\"Magasins ouverts\"\n                                                                        class=\"onoffswitch-label\" for=\"asl-open-close\">\n                                                                        <span class=\"onoffswitch-inner\"><\/span>\n                                                                        <span class=\"onoffswitch-switch\"><\/span>\n                                                                    <\/label>\n                                                                <\/div>\n                                                            <\/div>\n                                                        <\/div>\n                                                    <\/div>\n                                                <\/div>\n                                            <\/div>\n                                        <\/div>\n                                    <\/div>\n                                                                <div class=\"asl-overlay\" id=\"map-loading\">\n                                    <div class=\"white\"><\/div>\n                                    <div class=\"sl-loading\">\n                                        <i class=\"animate-sl-spin icon-spin3\"><\/i>\n                                        Chargement...                                    <\/div>\n                                <\/div>\n                                                                <!-- list -->\n                                <div class=\"asl-panel-inner\">\n                                    <div class=\"top-title Num_of_store\">\n                                                                                <span><span class=\"sl-head-title\"><span class=\"count-result\">0<\/span> r\u00e9sultats<\/span>\n                                                                            <\/div>\n                                    <div class=\"sl-main-cont-box\">\n                                        <div id=\"asl-list\" class=\"sl-list-wrapper\">\n                                            <ul id=\"p-statelist\" class=\"sl-list\">\n                                            <\/ul>\n                                        <\/div>\n                                    <\/div>\n                                <\/div>\n\n                                <div class=\"directions-cont hide\">\n                                    <div class=\"agile-modal-header\">\n                                        <button type=\"button\" class=\"close\"><span aria-hidden=\"true\">\u00d7<\/span><\/button>\n                                        <h4>Direction du magasin<\/h4>\n                                    <\/div>\n                                    <div class=\"rendered-directions\" id=\"asl-rendered-dir\" style=\"direction: ltr;\">\n                                    <\/div>\n                                <\/div>\n                            <\/div>\n                            <div class=\"pol-md-7 pol-lg-8 asl-map\">\n                                                                <div class=\"pol-lg-4 pol-md-5 pol-sm-12 search_filter\">\n                                                                        <div class=\"sl-search-group d-flex\">\n                                        <input type=\"text\" value=\"\" data-submit=\"disable\" id=\"auto-complete-search\" placeholder=\"Entrez un emplacement\"  class=\"asl-search-address form-control isp_ignore\">\n                                        <button aria-label=\"Emplacement de recherche\" title=\"Emplacement de recherche\" type=\"button\" class=\"span-geo\"><i class=\"asl-search-event\"><\/i><\/button>\n                                    <\/div>\n                                <\/div>\n                                                                <div class=\"map-image\">\n                                    <div id=\"asl-map-canv\" class=\"asl-map-canv\"><\/div>\n                                    <div id=\"agile-modal-direction\" class=\"agile-modal fade\">\n    <div class=\"agile-modal-backdrop-in\"><\/div>\n    <div class=\"agile-modal-dialog in\">\n        <div class=\"agile-modal-content\">\n            <div class=\"sl-form-group d-flex justify-content-between\">\n                <h4>OBTENIR UN ITIN\u00c9RAIRE<\/h4>\n                <button type=\"button\" class=\"close-directions sl-close\" data-dismiss=\"agile-modal\"\n                    aria-label=\"Fermer\"><i aria-hidden=\"true\" class=\"icon-cancel-1\"><\/i><\/button>\n            <\/div>\n            <div class=\"sl-form-group\">\n                <label for=\"frm-lbl\">Depuis:<\/label>\n                <input type=\"text\" class=\"form-control frm-place\" id=\"frm-lbl\"\n                    placeholder=\"Entrez un emplacement\">\n            <\/div>\n            <div class=\"sl-form-group\">\n                <label for=\"to-lbl\">\u00c0:<\/label>\n                <input readonly=\"true\" type=\"text\" class=\"directions-to form-control\" id=\"to-lbl\"\n                    placeholder=\"Adresse de destination pr\u00e9remplie\">\n            <\/div>\n            <div class=\"sl-form-group mb-0\">\n                <label for=\"rbtn-km\" class=\"checkbox-inline\">\n                    <input type=\"radio\" name=\"dist-type\" id=\"rbtn-km\" value=\"0\"> Km                <\/label>\n                <label for=\"rbtn-mile\" class=\"checkbox-inline\">\n                    <input type=\"radio\" name=\"dist-type\" checked id=\"rbtn-mile\" value=\"1\">\n                    Milles                <\/label>\n            <\/div>\n            <div class=\"sl-form-group mb-0\">\n                <button type=\"submit\" aria-label=\"OBTENIR UN ITIN\u00c9RAIRE\"\n                    class=\"btn btn-default btn-submit\">OBTENIR UN ITIN\u00c9RAIRE<\/button>\n            <\/div>\n        <\/div>\n    <\/div>\n<\/div>\n\n<div id=\"asl-geolocation-agile-modal\" class=\"agile-modal fade\">\n    <div class=\"agile-modal-backdrop-in\"><\/div>\n    <div class=\"agile-modal-dialog in\">\n        <div class=\"agile-modal-content\">\n                        <button type=\"button\" class=\"close-directions sl-close\" data-dismiss=\"agile-modal\"\n                  aria-label=\"Fermer\"><i aria-hidden=\"true\" class=\"icon-cancel-1\"><\/i><\/button>\n            <div class=\"sl-form-group sl-icon-group\">\n                <div class=\"sl-loct-icon\">\n                    <svg xmlns=\"http:\/\/www.w3.org\/2000\/svg\" width=\"28\" height=\"28\" viewBox=\"0 0 24 24\" fill=\"none\"\n                        stroke=\"currentColor\" stroke-width=\"2\" stroke-linecap=\"round\" stroke-linejoin=\"round\">\n                        <path\n                            d=\"M20 10c0 4.993-5.539 10.193-7.399 11.799a1 1 0 0 1-1.202 0C9.539 20.193 4 14.993 4 10a8 8 0 0 1 16 0\">\n                        <\/path>\n                        <circle cx=\"12\" cy=\"10\" r=\"3\"><\/circle>\n                    <\/svg>\n                <\/div>\n                <h2>Find Nearby Service Providers<\/h2>\n                <p>Utilisez ma position pour trouver le fournisseur de services le plus proche de chez moi<\/p>\n            <\/div>\n            <div class=\"sl-form-group text-center mb-0\">\n                <button type=\"button\" id=\"asl-btn-geolocation\"\n                    class=\"btn btn-block btn-default\">EMPLACEMENT D&#039;UTILISATION<\/button>\n            <\/div>\n                    <\/div>\n    <\/div>\n<\/div>\n\n<div id=\"asl-desc-agile-modal\" class=\"agile-modal fade\">\n    <div class=\"agile-modal-backdrop-in\"><\/div>\n    <div class=\"agile-modal-dialog in\">\n        <div class=\"agile-modal-content\">\n            <div class=\"sl-row\">\n                <div class=\"pol-md-12\">\n                    <div class=\"sl-form-group d-flex justify-content-between\">\n                        <h4 class=\"sl-title\">Voir la description<\/h4>\n                        <button type=\"button\" class=\"close-directions sl-close\" data-dismiss=\"agile-modal\"\n                            aria-label=\"Close\"><i aria-hidden=\"true\" class=\"icon-cancel-1\"><\/i><\/button>\n                    <\/div>\n                    <div class=\"sl-desc\"><\/div>\n                <\/div>\n            <\/div>\n        <\/div>\n    <\/div>\n<\/div>                                <\/div>\n                            <\/div>\n                        <\/div>\n                    <\/div>\n                <\/div>\n            <\/div>\n        <\/div>\n            <\/div>\n<\/div>\n<!-- This plugin is developed by \"Agile Store Locator for WordPress\" https:\/\/agilestorelocator.com -->\n<script type=\"text\/javascript\">\nfunction asl_event_hook(_event) {\n   \n  if(_event.type == 'init') {\n    jQuery('#asl-storelocator.asl-cont.sl-category-tabs .asl-wrapper .Filter_section .asl-advance-filters .asl-tabs-ddl.asl-ddl-filter-brand ul.adropdown-menu.multiselect-container li input[value=\"1\"]').parents('li').find('a input').trigger( \"click\" );\n    jQuery('.asl-ddl-filter-cats').addClass('visible');\n    jQuery('#asl-storelocator.asl-cont.sl-category-tabs .asl-wrapper .Filter_section .asl-advance-filters .asl-tabs-ddl.asl-ddl-filter-cats ul.adropdown-menu.multiselect-container li').each(function(){\n      if(jQuery(this).find('input').val() == 0 || jQuery(this).find('input').val() == 18 || jQuery(this).find('input').val() == 19 ){\n        jQuery(this).addClass('visible');\n      }\n    })\n\n    \n    \/\/  You can replace my-custom-button-class with your own class for the button\n    jQuery('.my-custom-button-class').bind('click', function(e) {\n\n      \/\/  initiate geolocation\n      asl_view.geolocate_();\n\n    });\n  }\n  \/\/ ADD SCRIPT DELPHINE\n  jQuery('#asl-storelocator.asl-cont.sl-category-tabs .asl-wrapper .Filter_section .asl-advance-filters .asl-tabs-ddl.asl-ddl-filter-brand ul.adropdown-menu.multiselect-container li>a').on('click', function(){\n    if (jQuery(this).find('input').val() != 0) {\n      jQuery('.asl-ddl-filter-cats').addClass('visible');\n      if (jQuery(this).find('input').val() == 1) {\n        jQuery('#asl-storelocator.asl-cont.sl-category-tabs .asl-wrapper .Filter_section .asl-advance-filters .asl-tabs-ddl.asl-ddl-filter-cats ul.adropdown-menu.multiselect-container li').removeClass('visible');\n        jQuery('#asl-storelocator.asl-cont.sl-category-tabs .asl-wrapper .Filter_section .asl-advance-filters .asl-tabs-ddl.asl-ddl-filter-cats ul.adropdown-menu.multiselect-container li input[value=\"0\"]').parents('li').find('a input').trigger( \"click\" );\n        jQuery('#asl-storelocator.asl-cont.sl-category-tabs .asl-wrapper .Filter_section .asl-advance-filters .asl-tabs-ddl.asl-ddl-filter-cats ul.adropdown-menu.multiselect-container li').each(function(){\n          if(jQuery(this).find('input').val() == 0 || jQuery(this).find('input').val() == 18 || jQuery(this).find('input').val() == 19 ){\n            jQuery(this).addClass('visible');\n          }\n        })\n      }else if (jQuery(this).find('input').val() == 2){\n        jQuery('#asl-storelocator.asl-cont.sl-category-tabs .asl-wrapper .Filter_section .asl-advance-filters .asl-tabs-ddl.asl-ddl-filter-cats ul.adropdown-menu.multiselect-container li').removeClass('visible');\n        jQuery('#asl-storelocator.asl-cont.sl-category-tabs .asl-wrapper .Filter_section .asl-advance-filters .asl-tabs-ddl.asl-ddl-filter-cats ul.adropdown-menu.multiselect-container li').find('input[value=\"0\"]').parents('li').find('a input').trigger( \"click\" );\n        jQuery('#asl-storelocator.asl-cont.sl-category-tabs .asl-wrapper .Filter_section .asl-advance-filters .asl-tabs-ddl.asl-ddl-filter-cats ul.adropdown-menu.multiselect-container li').each(function(){\n          if(jQuery(this).find('input').val() == 0 || jQuery(this).find('input').val() == 34 || jQuery(this).find('input').val() == 35 ){\n            jQuery(this).addClass('visible');\n          }\n        })\n      }\n    }else{\n      jQuery('.asl-ddl-filter-cats').removeClass('visible');\n      jQuery('#asl-storelocator.asl-cont.sl-category-tabs .asl-wrapper .Filter_section .asl-advance-filters .asl-tabs-ddl.asl-ddl-filter-cats ul.adropdown-menu.multiselect-container li').removeClass('visible');\n    }\n  });\n}\n<\/script>[\/vc_column_text][\/vc_column][\/vc_row]<\/p>\n<\/div>","protected":false},"excerpt":{"rendered":"[vc_row el_class=\u00a0\u00bbreseau_content\u00a0\u00bb][vc_column][vc_column_text el_class=\u00a0\u00bbbreadcrumb\u00a0\u00bb][\/vc_column_text][vc_column_text css=\u00a0\u00bb\u00a0\u00bb el_class=\u00a0\u00bbasl_content\u00a0\u00bb][\/vc_column_text][\/vc_column][\/vc_row]","protected":false},"author":1,"featured_media":0,"parent":0,"menu_order":0,"comment_status":"closed","ping_status":"closed","template":"","meta":{"_acf_changed":false,"footnotes":""},"class_list":["post-12","page","type-page","status-publish","hentry"],"acf":[],"yoast_head":"<!-- This site is optimized with the Yoast SEO plugin v26.4 - https:\/\/yoast.com\/wordpress\/plugins\/seo\/ -->\n<title>R\u00e9seau - Nanni Industries<\/title>\n<meta name=\"robots\" content=\"index, follow, max-snippet:-1, max-image-preview:large, max-video-preview:-1\" \/>\n<link rel=\"canonical\" href=\"https:\/\/nannienergy.com\/fr\/reseau\/\" \/>\n<meta property=\"og:locale\" content=\"fr_FR\" \/>\n<meta property=\"og:type\" content=\"article\" \/>\n<meta property=\"og:title\" content=\"R\u00e9seau - Nanni Industries\" \/>\n<meta property=\"og:description\" content=\"[vc_row el_class=\u00a0\u00bbreseau_content\u00a0\u00bb][vc_column][vc_column_text el_class=\u00a0\u00bbbreadcrumb\u00a0\u00bb][\/vc_column_text][vc_column_text css=\u00a0\u00bb\u00a0\u00bb el_class=\u00a0\u00bbasl_content\u00a0\u00bb][\/vc_column_text][\/vc_column][\/vc_row]\" \/>\n<meta property=\"og:url\" content=\"https:\/\/nannienergy.com\/fr\/reseau\/\" \/>\n<meta property=\"og:site_name\" content=\"Nanni Industries\" \/>\n<meta property=\"article:modified_time\" content=\"2025-03-28T10:15:06+00:00\" \/>\n<meta name=\"twitter:card\" content=\"summary_large_image\" \/>\n<meta name=\"twitter:label1\" content=\"Dur\u00e9e de lecture estim\u00e9e\" \/>\n\t<meta name=\"twitter:data1\" content=\"1 minute\" \/>\n<script type=\"application\/ld+json\" class=\"yoast-schema-graph\">{\"@context\":\"https:\/\/schema.org\",\"@graph\":[{\"@type\":\"WebPage\",\"@id\":\"https:\/\/nannienergy.com\/fr\/reseau\/\",\"url\":\"https:\/\/nannienergy.com\/fr\/reseau\/\",\"name\":\"R\u00e9seau - Nanni Industries\",\"isPartOf\":{\"@id\":\"https:\/\/nannienergy.com\/fr\/#website\"},\"datePublished\":\"2023-07-20T09:25:10+00:00\",\"dateModified\":\"2025-03-28T10:15:06+00:00\",\"breadcrumb\":{\"@id\":\"https:\/\/nannienergy.com\/fr\/reseau\/#breadcrumb\"},\"inLanguage\":\"fr-FR\",\"potentialAction\":[{\"@type\":\"ReadAction\",\"target\":[\"https:\/\/nannienergy.com\/fr\/reseau\/\"]}]},{\"@type\":\"BreadcrumbList\",\"@id\":\"https:\/\/nannienergy.com\/fr\/reseau\/#breadcrumb\",\"itemListElement\":[{\"@type\":\"ListItem\",\"position\":1,\"name\":\"\",\"item\":\"https:\/\/nannienergy.com\/fr\/\"},{\"@type\":\"ListItem\",\"position\":2,\"name\":\"R\u00e9seau\"}]},{\"@type\":\"WebSite\",\"@id\":\"https:\/\/nannienergy.com\/fr\/#website\",\"url\":\"https:\/\/nannienergy.com\/fr\/\",\"name\":\"Nanni Industries\",\"description\":\"\",\"potentialAction\":[{\"@type\":\"SearchAction\",\"target\":{\"@type\":\"EntryPoint\",\"urlTemplate\":\"https:\/\/nannienergy.com\/fr\/?s={search_term_string}\"},\"query-input\":{\"@type\":\"PropertyValueSpecification\",\"valueRequired\":true,\"valueName\":\"search_term_string\"}}],\"inLanguage\":\"fr-FR\"}]}<\/script>\n<!-- \/ Yoast SEO plugin. -->","yoast_head_json":{"title":"R\u00e9seau - Nanni Industries","robots":{"index":"index","follow":"follow","max-snippet":"max-snippet:-1","max-image-preview":"max-image-preview:large","max-video-preview":"max-video-preview:-1"},"canonical":"https:\/\/nannienergy.com\/fr\/reseau\/","og_locale":"fr_FR","og_type":"article","og_title":"R\u00e9seau - Nanni Industries","og_description":"[vc_row el_class=\u00a0\u00bbreseau_content\u00a0\u00bb][vc_column][vc_column_text el_class=\u00a0\u00bbbreadcrumb\u00a0\u00bb][\/vc_column_text][vc_column_text css=\u00a0\u00bb\u00a0\u00bb el_class=\u00a0\u00bbasl_content\u00a0\u00bb][\/vc_column_text][\/vc_column][\/vc_row]","og_url":"https:\/\/nannienergy.com\/fr\/reseau\/","og_site_name":"Nanni Industries","article_modified_time":"2025-03-28T10:15:06+00:00","twitter_card":"summary_large_image","twitter_misc":{"Dur\u00e9e de lecture estim\u00e9e":"1 minute"},"schema":{"@context":"https:\/\/schema.org","@graph":[{"@type":"WebPage","@id":"https:\/\/nannienergy.com\/fr\/reseau\/","url":"https:\/\/nannienergy.com\/fr\/reseau\/","name":"R\u00e9seau - Nanni Industries","isPartOf":{"@id":"https:\/\/nannienergy.com\/fr\/#website"},"datePublished":"2023-07-20T09:25:10+00:00","dateModified":"2025-03-28T10:15:06+00:00","breadcrumb":{"@id":"https:\/\/nannienergy.com\/fr\/reseau\/#breadcrumb"},"inLanguage":"fr-FR","potentialAction":[{"@type":"ReadAction","target":["https:\/\/nannienergy.com\/fr\/reseau\/"]}]},{"@type":"BreadcrumbList","@id":"https:\/\/nannienergy.com\/fr\/reseau\/#breadcrumb","itemListElement":[{"@type":"ListItem","position":1,"name":"","item":"https:\/\/nannienergy.com\/fr\/"},{"@type":"ListItem","position":2,"name":"R\u00e9seau"}]},{"@type":"WebSite","@id":"https:\/\/nannienergy.com\/fr\/#website","url":"https:\/\/nannienergy.com\/fr\/","name":"Nanni Industries","description":"","potentialAction":[{"@type":"SearchAction","target":{"@type":"EntryPoint","urlTemplate":"https:\/\/nannienergy.com\/fr\/?s={search_term_string}"},"query-input":{"@type":"PropertyValueSpecification","valueRequired":true,"valueName":"search_term_string"}}],"inLanguage":"fr-FR"}]}},"_links":{"self":[{"href":"https:\/\/nannienergy.com\/fr\/wp-json\/wp\/v2\/pages\/12","targetHints":{"allow":["GET"]}}],"collection":[{"href":"https:\/\/nannienergy.com\/fr\/wp-json\/wp\/v2\/pages"}],"about":[{"href":"https:\/\/nannienergy.com\/fr\/wp-json\/wp\/v2\/types\/page"}],"author":[{"embeddable":true,"href":"https:\/\/nannienergy.com\/fr\/wp-json\/wp\/v2\/users\/1"}],"replies":[{"embeddable":true,"href":"https:\/\/nannienergy.com\/fr\/wp-json\/wp\/v2\/comments?post=12"}],"version-history":[{"count":0,"href":"https:\/\/nannienergy.com\/fr\/wp-json\/wp\/v2\/pages\/12\/revisions"}],"wp:attachment":[{"href":"https:\/\/nannienergy.com\/fr\/wp-json\/wp\/v2\/media?parent=12"}],"curies":[{"name":"wp","href":"https:\/\/api.w.org\/{rel}","templated":true}]}}