{"id":1459,"date":"2023-08-21T18:16:48","date_gmt":"2023-08-21T16:16:48","guid":{"rendered":"https:\/\/preprod.nannienergy.com\/?page_id=1459"},"modified":"2023-11-23T14:29:55","modified_gmt":"2023-11-23T13:29:55","slug":"mentions-legales","status":"publish","type":"page","link":"https:\/\/nannienergy.com\/fr\/mentions-legales\/","title":{"rendered":"Mentions l\u00e9gales"},"content":{"rendered":"<div class=\"wpb-content-wrapper\"><p>[vc_row full_width=\u00a0\u00bbstretch_row_content\u00a0\u00bb el_class=\u00a0\u00bbtitle_content\u00a0\u00bb css=\u00a0\u00bb.vc_custom_1694002792945{background-image: url(https:\/\/nannienergy.com\/wp-content\/uploads\/2023\/08\/nanni-documentation-intro.jpg?id=414) !important;background-position: center !important;background-repeat: no-repeat !important;background-size: cover !important;}\u00a0\u00bb][vc_column][vc_column_text el_class=\u00a0\u00bbbreadcrumb\u00a0\u00bb]<span><span><a href=\"https:\/\/nannienergy.com\/fr\/\"><span class=\"home\"><\/span><\/a><\/span><\/span>[\/vc_column_text][vc_column_text el_class=\u00a0\u00bbcenter_content\u00a0\u00bb]<\/p>\n<h1 style=\"text-align: center;\">Mentions l\u00e9gales<\/h1>\n<p>[\/vc_column_text][\/vc_column][\/vc_row][vc_row el_class=\u00a0\u00bbpadding_content\u00a0\u00bb][vc_column][vc_column_text el_class=\u00a0\u00bbcenter_content\u00a0\u00bb]<strong>EDITEUR DU SITE INTERNET<\/strong><\/p>\n<table width=\"463\">\n<tbody>\n<tr>\n<td width=\"189\"><strong>D\u00e9nomination sociale<\/strong><\/td>\n<td width=\"274\">&nbsp;<\/p>\n<p>NANNI INDUSTRIES<\/p>\n<p>&nbsp;<\/td>\n<\/tr>\n<tr>\n<td width=\"189\"><strong>Forme juridique<\/strong><\/td>\n<td width=\"274\">Soci\u00e9t\u00e9 Anonyme<\/td>\n<\/tr>\n<tr>\n<td width=\"189\"><strong>Si\u00e8ge social<\/strong><\/td>\n<td width=\"274\">Avenue Abb\u00e9 Edme Mariotte<\/p>\n<p>33260 LA TESTE DE BUCH<\/td>\n<\/tr>\n<tr>\n<td width=\"189\"><strong>N\u00b0 RCS<\/strong><\/td>\n<td width=\"274\">380.707.638<\/td>\n<\/tr>\n<tr>\n<td width=\"189\"><strong>Capital social<\/strong><\/td>\n<td width=\"274\">2.040.025,50 euros<\/td>\n<\/tr>\n<tr>\n<td width=\"189\"><strong>Email <\/strong><\/td>\n<td width=\"274\"><a href=\"mailto:info@nannienergy.com\">info@nannienergy.com<\/a><\/td>\n<\/tr>\n<tr>\n<td width=\"189\"><strong>T\u00e9l\u00e9phone<\/strong><\/td>\n<td width=\"274\">05.56.22.30.60<\/td>\n<\/tr>\n<tr>\n<td width=\"189\"><strong>Directeur de la publication<\/strong><\/td>\n<td width=\"274\">Mme Amalia FESTA<\/td>\n<\/tr>\n<tr>\n<td width=\"189\"><strong>N\u00b0 TVA<\/strong><\/td>\n<td width=\"274\">FR15380707638<\/td>\n<\/tr>\n<tr>\n<td width=\"189\"><strong>Code APE<\/strong><\/td>\n<td width=\"274\">2811Z<\/td>\n<\/tr>\n<\/tbody>\n<\/table>\n<p>&nbsp;<\/p>\n<p><strong>HEBERGEMENT DU SITE INTERNET<\/strong><\/p>\n<p>&nbsp;<\/p>\n<table width=\"463\">\n<tbody>\n<tr>\n<td width=\"189\"><strong>D\u00e9nomination sociale<\/strong><\/td>\n<td width=\"274\">&nbsp;<\/p>\n<p>TDF<\/p>\n<p>&nbsp;<\/td>\n<\/tr>\n<tr>\n<td width=\"189\"><strong>Forme juridique<\/strong><\/td>\n<td width=\"274\">Soci\u00e9t\u00e9 par Actions Simplifi\u00e9e<\/td>\n<\/tr>\n<tr>\n<td width=\"189\"><strong>Si\u00e8ge social<\/strong><\/td>\n<td width=\"274\">55 bis avenue Pierre Brossolette<\/p>\n<p>Montrouge (92541)<\/td>\n<\/tr>\n<tr>\n<td width=\"189\"><strong>Adresse<\/strong><\/td>\n<td width=\"274\">Datacenter Bordeaux &#8211; ProxiCenter TDF, situ\u00e9 Av. du Dom. de Vialle, 33270 Bouliac.<\/td>\n<\/tr>\n<tr>\n<td width=\"189\"><strong>N\u00b0 RCS<\/strong><\/td>\n<td width=\"274\">342 404 399<\/td>\n<\/tr>\n<tr>\n<td width=\"189\"><strong>Capital social<\/strong><\/td>\n<td width=\"274\">166.958.512 euros<\/td>\n<\/tr>\n<tr>\n<td width=\"189\"><strong>T\u00e9l\u00e9phone<\/strong><\/td>\n<td width=\"274\">01 55 95 10 00<\/td>\n<\/tr>\n<tr>\n<td width=\"189\"><strong>N\u00b0 TVA<\/strong><\/td>\n<td width=\"274\">FR87342404399<\/td>\n<\/tr>\n<\/tbody>\n<\/table>\n<p>&nbsp;<\/p>\n<p><strong>CREDITS <\/strong><\/p>\n<p>&nbsp;<\/p>\n<table width=\"463\">\n<tbody>\n<tr>\n<td colspan=\"2\" width=\"463\"><em>Les photographies, illustrations, vid\u00e9os, marques, textes figurant sur le site internet sont prot\u00e9g\u00e9s par la r\u00e8glementation et ne peuvent en aucun cas \u00eatre reproduits et\/ou exploit\u00e9s sans l\u2019autorisation pr\u00e9alable et \u00e9crite de NANNI INDUSTRIES et\/ou de leurs auteurs. Toute reproduction et\/ou exploitation non autoris\u00e9e constitue une contrefa\u00e7on susceptible d\u2019engager la responsabilit\u00e9 civile et p\u00e9nale de son auteur.<\/em><\/p>\n<p>&nbsp;<\/td>\n<\/tr>\n<tr>\n<td width=\"189\"><strong>Site internet (conception et r\u00e9alisation)<\/strong><\/td>\n<td width=\"274\">&nbsp;<\/p>\n<p>INNOVANTIC, via l\u2019agence OFFENSIVE<\/p>\n<p>&nbsp;<\/p>\n<p>&nbsp;<\/td>\n<\/tr>\n<tr>\n<td width=\"189\"><strong>Photos<\/strong><\/td>\n<td width=\"274\">Agence CLARIS<\/td>\n<\/tr>\n<tr>\n<td width=\"189\"><strong>Vid\u00e9os<\/strong><\/td>\n<td width=\"274\">&nbsp;<\/p>\n<p>Agence CLARIS<\/p>\n<p>&nbsp;<\/td>\n<\/tr>\n<tr>\n<td width=\"189\"><strong>Autres \u00e9l\u00e9ments visuels (dessins, croquis, icones, etc.)<\/strong><\/td>\n<td width=\"274\">&nbsp;<\/p>\n<p>Flaticon<\/td>\n<\/tr>\n<tr>\n<td width=\"189\"><strong>Textes<\/strong><\/td>\n<td width=\"274\">Nanni Industries<\/td>\n<\/tr>\n<\/tbody>\n<\/table>\n<p>[\/vc_column_text][\/vc_column][\/vc_row]<\/p>\n<\/div>","protected":false},"excerpt":{"rendered":"[vc_row full_width=\u00a0\u00bbstretch_row_content\u00a0\u00bb el_class=\u00a0\u00bbtitle_content\u00a0\u00bb css=\u00a0\u00bb.vc_custom_1694002792945{background-image: url(https:\/\/nannienergy.com\/wp-content\/uploads\/2023\/08\/nanni-documentation-intro.jpg?id=414) !important;background-position: center !important;background-repeat: no-repeat !important;background-size: cover !important;}\u00a0\u00bb][vc_column][vc_column_text el_class=\u00a0\u00bbbreadcrumb\u00a0\u00bb][\/vc_column_text][vc_column_text el_class=\u00a0\u00bbcenter_content\u00a0\u00bb] Mentions l\u00e9gales [\/vc_column_text][\/vc_column][\/vc_row][vc_row el_class=\u00a0\u00bbpadding_content\u00a0\u00bb][vc_column][vc_column_text el_class=\u00a0\u00bbcenter_content\u00a0\u00bb]EDITEUR DU SITE INTERNET D\u00e9nomination sociale &nbsp; NANNI INDUSTRIES &nbsp; Forme juridique Soci\u00e9t\u00e9 Anonyme Si\u00e8ge social Avenue Abb\u00e9 Edme Mariotte 33260 LA TESTE DE BUCH N\u00b0 RCS 380.707.638 Capital social 2.040.025,50 euros Email info@nannienergy.com T\u00e9l\u00e9phone 05.56.22.30.60 Directeur&#8230; <a class=\"view-article\" href=\"https:\/\/nannienergy.com\/fr\/mentions-legales\/\">Voir l&rsquo;article<\/a>","protected":false},"author":1,"featured_media":0,"parent":0,"menu_order":0,"comment_status":"closed","ping_status":"closed","template":"","meta":{"_acf_changed":false,"footnotes":""},"class_list":["post-1459","page","type-page","status-publish","hentry"],"acf":[],"yoast_head":"<!-- This site is optimized with the Yoast SEO plugin v26.4 - https:\/\/yoast.com\/wordpress\/plugins\/seo\/ -->\n<title>Mentions l\u00e9gales - Nanni Industries<\/title>\n<meta name=\"robots\" content=\"index, follow, max-snippet:-1, max-image-preview:large, max-video-preview:-1\" \/>\n<link rel=\"canonical\" href=\"https:\/\/nannienergy.com\/fr\/mentions-legales\/\" \/>\n<meta property=\"og:locale\" content=\"fr_FR\" \/>\n<meta property=\"og:type\" content=\"article\" \/>\n<meta property=\"og:title\" content=\"Mentions l\u00e9gales - Nanni Industries\" \/>\n<meta property=\"og:description\" content=\"[vc_row full_width=\u00a0\u00bbstretch_row_content\u00a0\u00bb el_class=\u00a0\u00bbtitle_content\u00a0\u00bb css=\u00a0\u00bb.vc_custom_1694002792945{background-image: url(https:\/\/nannienergy.com\/wp-content\/uploads\/2023\/08\/nanni-documentation-intro.jpg?id=414) !important;background-position: center !important;background-repeat: no-repeat !important;background-size: cover !important;}\u00a0\u00bb][vc_column][vc_column_text el_class=\u00a0\u00bbbreadcrumb\u00a0\u00bb][\/vc_column_text][vc_column_text el_class=\u00a0\u00bbcenter_content\u00a0\u00bb] Mentions l\u00e9gales [\/vc_column_text][\/vc_column][\/vc_row][vc_row el_class=\u00a0\u00bbpadding_content\u00a0\u00bb][vc_column][vc_column_text el_class=\u00a0\u00bbcenter_content\u00a0\u00bb]EDITEUR DU SITE INTERNET D\u00e9nomination sociale &nbsp; NANNI INDUSTRIES &nbsp; Forme juridique Soci\u00e9t\u00e9 Anonyme Si\u00e8ge social Avenue Abb\u00e9 Edme Mariotte 33260 LA TESTE DE BUCH N\u00b0 RCS 380.707.638 Capital social 2.040.025,50 euros Email info@nannienergy.com T\u00e9l\u00e9phone 05.56.22.30.60 Directeur... Voir l&#039;article\" \/>\n<meta property=\"og:url\" content=\"https:\/\/nannienergy.com\/fr\/mentions-legales\/\" \/>\n<meta property=\"og:site_name\" content=\"Nanni Industries\" \/>\n<meta property=\"article:modified_time\" content=\"2023-11-23T13:29:55+00:00\" \/>\n<meta name=\"twitter:card\" content=\"summary_large_image\" \/>\n<meta name=\"twitter:label1\" content=\"Dur\u00e9e de lecture estim\u00e9e\" \/>\n\t<meta name=\"twitter:data1\" content=\"2 minutes\" \/>\n<script type=\"application\/ld+json\" class=\"yoast-schema-graph\">{\"@context\":\"https:\/\/schema.org\",\"@graph\":[{\"@type\":\"WebPage\",\"@id\":\"https:\/\/nannienergy.com\/fr\/mentions-legales\/\",\"url\":\"https:\/\/nannienergy.com\/fr\/mentions-legales\/\",\"name\":\"Mentions l\u00e9gales - Nanni Industries\",\"isPartOf\":{\"@id\":\"https:\/\/nannienergy.com\/fr\/#website\"},\"datePublished\":\"2023-08-21T16:16:48+00:00\",\"dateModified\":\"2023-11-23T13:29:55+00:00\",\"breadcrumb\":{\"@id\":\"https:\/\/nannienergy.com\/fr\/mentions-legales\/#breadcrumb\"},\"inLanguage\":\"fr-FR\",\"potentialAction\":[{\"@type\":\"ReadAction\",\"target\":[\"https:\/\/nannienergy.com\/fr\/mentions-legales\/\"]}]},{\"@type\":\"BreadcrumbList\",\"@id\":\"https:\/\/nannienergy.com\/fr\/mentions-legales\/#breadcrumb\",\"itemListElement\":[{\"@type\":\"ListItem\",\"position\":1,\"name\":\"\",\"item\":\"https:\/\/nannienergy.com\/fr\/\"},{\"@type\":\"ListItem\",\"position\":2,\"name\":\"Mentions l\u00e9gales\"}]},{\"@type\":\"WebSite\",\"@id\":\"https:\/\/nannienergy.com\/fr\/#website\",\"url\":\"https:\/\/nannienergy.com\/fr\/\",\"name\":\"Nanni Industries\",\"description\":\"\",\"potentialAction\":[{\"@type\":\"SearchAction\",\"target\":{\"@type\":\"EntryPoint\",\"urlTemplate\":\"https:\/\/nannienergy.com\/fr\/?s={search_term_string}\"},\"query-input\":{\"@type\":\"PropertyValueSpecification\",\"valueRequired\":true,\"valueName\":\"search_term_string\"}}],\"inLanguage\":\"fr-FR\"}]}<\/script>\n<!-- \/ Yoast SEO plugin. -->","yoast_head_json":{"title":"Mentions l\u00e9gales - Nanni Industries","robots":{"index":"index","follow":"follow","max-snippet":"max-snippet:-1","max-image-preview":"max-image-preview:large","max-video-preview":"max-video-preview:-1"},"canonical":"https:\/\/nannienergy.com\/fr\/mentions-legales\/","og_locale":"fr_FR","og_type":"article","og_title":"Mentions l\u00e9gales - Nanni Industries","og_description":"[vc_row full_width=\u00a0\u00bbstretch_row_content\u00a0\u00bb el_class=\u00a0\u00bbtitle_content\u00a0\u00bb css=\u00a0\u00bb.vc_custom_1694002792945{background-image: url(https:\/\/nannienergy.com\/wp-content\/uploads\/2023\/08\/nanni-documentation-intro.jpg?id=414) !important;background-position: center !important;background-repeat: no-repeat !important;background-size: cover !important;}\u00a0\u00bb][vc_column][vc_column_text el_class=\u00a0\u00bbbreadcrumb\u00a0\u00bb][\/vc_column_text][vc_column_text el_class=\u00a0\u00bbcenter_content\u00a0\u00bb] Mentions l\u00e9gales [\/vc_column_text][\/vc_column][\/vc_row][vc_row el_class=\u00a0\u00bbpadding_content\u00a0\u00bb][vc_column][vc_column_text el_class=\u00a0\u00bbcenter_content\u00a0\u00bb]EDITEUR DU SITE INTERNET D\u00e9nomination sociale &nbsp; NANNI INDUSTRIES &nbsp; Forme juridique Soci\u00e9t\u00e9 Anonyme Si\u00e8ge social Avenue Abb\u00e9 Edme Mariotte 33260 LA TESTE DE BUCH N\u00b0 RCS 380.707.638 Capital social 2.040.025,50 euros Email info@nannienergy.com T\u00e9l\u00e9phone 05.56.22.30.60 Directeur... Voir l'article","og_url":"https:\/\/nannienergy.com\/fr\/mentions-legales\/","og_site_name":"Nanni Industries","article_modified_time":"2023-11-23T13:29:55+00:00","twitter_card":"summary_large_image","twitter_misc":{"Dur\u00e9e de lecture estim\u00e9e":"2 minutes"},"schema":{"@context":"https:\/\/schema.org","@graph":[{"@type":"WebPage","@id":"https:\/\/nannienergy.com\/fr\/mentions-legales\/","url":"https:\/\/nannienergy.com\/fr\/mentions-legales\/","name":"Mentions l\u00e9gales - Nanni Industries","isPartOf":{"@id":"https:\/\/nannienergy.com\/fr\/#website"},"datePublished":"2023-08-21T16:16:48+00:00","dateModified":"2023-11-23T13:29:55+00:00","breadcrumb":{"@id":"https:\/\/nannienergy.com\/fr\/mentions-legales\/#breadcrumb"},"inLanguage":"fr-FR","potentialAction":[{"@type":"ReadAction","target":["https:\/\/nannienergy.com\/fr\/mentions-legales\/"]}]},{"@type":"BreadcrumbList","@id":"https:\/\/nannienergy.com\/fr\/mentions-legales\/#breadcrumb","itemListElement":[{"@type":"ListItem","position":1,"name":"","item":"https:\/\/nannienergy.com\/fr\/"},{"@type":"ListItem","position":2,"name":"Mentions l\u00e9gales"}]},{"@type":"WebSite","@id":"https:\/\/nannienergy.com\/fr\/#website","url":"https:\/\/nannienergy.com\/fr\/","name":"Nanni Industries","description":"","potentialAction":[{"@type":"SearchAction","target":{"@type":"EntryPoint","urlTemplate":"https:\/\/nannienergy.com\/fr\/?s={search_term_string}"},"query-input":{"@type":"PropertyValueSpecification","valueRequired":true,"valueName":"search_term_string"}}],"inLanguage":"fr-FR"}]}},"_links":{"self":[{"href":"https:\/\/nannienergy.com\/fr\/wp-json\/wp\/v2\/pages\/1459","targetHints":{"allow":["GET"]}}],"collection":[{"href":"https:\/\/nannienergy.com\/fr\/wp-json\/wp\/v2\/pages"}],"about":[{"href":"https:\/\/nannienergy.com\/fr\/wp-json\/wp\/v2\/types\/page"}],"author":[{"embeddable":true,"href":"https:\/\/nannienergy.com\/fr\/wp-json\/wp\/v2\/users\/1"}],"replies":[{"embeddable":true,"href":"https:\/\/nannienergy.com\/fr\/wp-json\/wp\/v2\/comments?post=1459"}],"version-history":[{"count":0,"href":"https:\/\/nannienergy.com\/fr\/wp-json\/wp\/v2\/pages\/1459\/revisions"}],"wp:attachment":[{"href":"https:\/\/nannienergy.com\/fr\/wp-json\/wp\/v2\/media?parent=1459"}],"curies":[{"name":"wp","href":"https:\/\/api.w.org\/{rel}","templated":true}]}}