{"id":20,"date":"2023-07-20T11:27:00","date_gmt":"2023-07-20T09:27:00","guid":{"rendered":"https:\/\/preprod.nannienergy.com\/?page_id=20"},"modified":"2024-08-30T11:23:21","modified_gmt":"2024-08-30T09:23:21","slug":"plaisance","status":"publish","type":"page","link":"https:\/\/nannienergy.com\/fr\/plaisance\/","title":{"rendered":"Plaisance"},"content":{"rendered":"<div class=\"wpb-content-wrapper\"><p>[vc_row full_width=\u00a0\u00bbstretch_row_content\u00a0\u00bb el_class=\u00a0\u00bbtitle_content parent\u00a0\u00bb css=\u00a0\u00bb.vc_custom_1693403650887{background-image: url(https:\/\/nannienergy.com\/wp-content\/uploads\/2023\/08\/plaisance.jpg?id=2494) !important;background-position: center !important;background-repeat: no-repeat !important;background-size: cover !important;}\u00a0\u00bb][vc_column][vc_column_text el_class=\u00a0\u00bbbreadcrumb\u00a0\u00bb]<span><span><a href=\"https:\/\/nannienergy.com\/fr\/\"><span class=\"home\"><\/span><\/a><\/span><\/span>[\/vc_column_text][vc_column_text css_animation=\u00a0\u00bbfadeIn\u00a0\u00bb el_class=\u00a0\u00bbtitle_container\u00a0\u00bb]<\/p>\n<h1>Marine plaisance<\/h1>\n<p>Pour que chacune de vos excursions en mer soit un plaisir perp\u00e9tuellement renouvel\u00e9, Nanni vous accompagne. En d\u00e9veloppant et concevant un ensemble complet de solutions marines, nous \u00e9laborons et am\u00e9liorons sans cesse la qualit\u00e9 de nos produits et de l\u2019exp\u00e9rience client avec pour objectif une chose simple : que chaque voyage soit pour vous une v\u00e9ritable \u00e9pop\u00e9e.[\/vc_column_text][\/vc_column][\/vc_row][vc_row css_animation=\u00a0\u00bbnone\u00a0\u00bb el_class=\u00a0\u00bbpadding_content center\u00a0\u00bb][vc_column css_animation=\u00a0\u00bbfadeInUp\u00a0\u00bb][vc_column_text css_animation=\u00a0\u00bbnone\u00a0\u00bb]<\/p>\n<div class=\"title_large\">Ici commence l\u2019aventure.<\/div>\n<p>[\/vc_column_text][vc_row_inner el_class=\u00a0\u00bbsubparent_content\u00a0\u00bb][vc_column_inner width=\u00a0\u00bb1\/2&Prime; css=\u00a0\u00bb.vc_custom_1725008013131{background-image: url(https:\/\/nannienergy.com\/wp-content\/uploads\/2024\/08\/PLAISSANCE_SAIL_CATANA-vignette-nanni.jpg?id=7689) !important;}\u00a0\u00bb][vc_column_text]<\/p>\n<h2>Voile<\/h2>\n<p><a class=\"link-chevron\" href=\"\/fr\/plaisance\/voile\/\">Lien<\/a>[\/vc_column_text][\/vc_column_inner][vc_column_inner width=\u00a0\u00bb1\/2&Prime; css=\u00a0\u00bb.vc_custom_1725008238731{background-image: url(https:\/\/nannienergy.com\/wp-content\/uploads\/2024\/08\/PLAISSANCE_POWERBOAT_Dubourdieu-vignette-nanni.jpg?id=7694) !important;}\u00a0\u00bb][vc_column_text]<\/p>\n<h2>Bateaux \u00e0 moteur<\/h2>\n<p><a class=\"link-chevron\" href=\"\/fr\/plaisance\/bateaux-moteur\/\">Lien<\/a>[\/vc_column_text][\/vc_column_inner][\/vc_row_inner][vc_row_inner el_class=\u00a0\u00bbsubparent_content\u00a0\u00bb][vc_column_inner width=\u00a0\u00bb1\/2&Prime; css=\u00a0\u00bb.vc_custom_1693470076829{background-image: url(https:\/\/nannienergy.com\/wp-content\/uploads\/2023\/08\/yachting-moteur.jpg?id=3405) !important;}\u00a0\u00bb][vc_column_text]<\/p>\n<h2>Yacht<\/h2>\n<p><a class=\"link-chevron\" href=\"https:\/\/nannienergy.com\/fr\/plaisance\/yacht\/\">Lien<\/a>[\/vc_column_text][\/vc_column_inner][vc_column_inner width=\u00a0\u00bb1\/2&Prime; css=\u00a0\u00bb.vc_custom_1693470325137{background-image: url(https:\/\/nannienergy.com\/wp-content\/uploads\/2023\/08\/yachting-generateur.jpg?id=3409) !important;}\u00a0\u00bb][vc_column_text]<\/p>\n<h2>Superyachts<\/h2>\n<p><a class=\"link-chevron\" href=\"\/fr\/plaisance\/superyachts\/\">Lien<\/a>[\/vc_column_text][\/vc_column_inner][\/vc_row_inner][\/vc_column][\/vc_row]<\/p>\n<\/div>","protected":false},"excerpt":{"rendered":"[vc_row full_width=\u00a0\u00bbstretch_row_content\u00a0\u00bb el_class=\u00a0\u00bbtitle_content parent\u00a0\u00bb css=\u00a0\u00bb.vc_custom_1693403650887{background-image: url(https:\/\/nannienergy.com\/wp-content\/uploads\/2023\/08\/plaisance.jpg?id=2494) !important;background-position: center !important;background-repeat: no-repeat !important;background-size: cover !important;}\u00a0\u00bb][vc_column][vc_column_text el_class=\u00a0\u00bbbreadcrumb\u00a0\u00bb][\/vc_column_text][vc_column_text css_animation=\u00a0\u00bbfadeIn\u00a0\u00bb el_class=\u00a0\u00bbtitle_container\u00a0\u00bb] Marine plaisance Pour que chacune de vos excursions en mer soit un plaisir perp\u00e9tuellement renouvel\u00e9, Nanni vous accompagne. En d\u00e9veloppant et concevant un ensemble complet de solutions marines, nous \u00e9laborons et am\u00e9liorons sans cesse la qualit\u00e9 de nos produits&#8230; <a class=\"view-article\" href=\"https:\/\/nannienergy.com\/fr\/plaisance\/\">Voir l&rsquo;article<\/a>","protected":false},"author":1,"featured_media":0,"parent":0,"menu_order":0,"comment_status":"closed","ping_status":"closed","template":"","meta":{"_acf_changed":false,"footnotes":""},"class_list":["post-20","page","type-page","status-publish","hentry"],"acf":[],"yoast_head":"<!-- This site is optimized with the Yoast SEO plugin v26.4 - https:\/\/yoast.com\/wordpress\/plugins\/seo\/ -->\n<title>Plaisance - Nanni Industries<\/title>\n<meta name=\"robots\" content=\"index, follow, max-snippet:-1, max-image-preview:large, max-video-preview:-1\" \/>\n<link rel=\"canonical\" href=\"https:\/\/nannienergy.com\/fr\/plaisance\/\" \/>\n<meta property=\"og:locale\" content=\"fr_FR\" \/>\n<meta property=\"og:type\" content=\"article\" \/>\n<meta property=\"og:title\" content=\"Plaisance - Nanni Industries\" \/>\n<meta property=\"og:description\" content=\"[vc_row full_width=\u00a0\u00bbstretch_row_content\u00a0\u00bb el_class=\u00a0\u00bbtitle_content parent\u00a0\u00bb css=\u00a0\u00bb.vc_custom_1693403650887{background-image: url(https:\/\/nannienergy.com\/wp-content\/uploads\/2023\/08\/plaisance.jpg?id=2494) !important;background-position: center !important;background-repeat: no-repeat !important;background-size: cover !important;}\u00a0\u00bb][vc_column][vc_column_text el_class=\u00a0\u00bbbreadcrumb\u00a0\u00bb][\/vc_column_text][vc_column_text css_animation=\u00a0\u00bbfadeIn\u00a0\u00bb el_class=\u00a0\u00bbtitle_container\u00a0\u00bb] Marine plaisance Pour que chacune de vos excursions en mer soit un plaisir perp\u00e9tuellement renouvel\u00e9, Nanni vous accompagne. En d\u00e9veloppant et concevant un ensemble complet de solutions marines, nous \u00e9laborons et am\u00e9liorons sans cesse la qualit\u00e9 de nos produits... Voir l&#039;article\" \/>\n<meta property=\"og:url\" content=\"https:\/\/nannienergy.com\/fr\/plaisance\/\" \/>\n<meta property=\"og:site_name\" content=\"Nanni Industries\" \/>\n<meta property=\"article:modified_time\" content=\"2024-08-30T09:23:21+00:00\" \/>\n<meta name=\"twitter:card\" content=\"summary_large_image\" \/>\n<meta name=\"twitter:label1\" content=\"Dur\u00e9e de lecture estim\u00e9e\" \/>\n\t<meta name=\"twitter:data1\" content=\"1 minute\" \/>\n<script type=\"application\/ld+json\" class=\"yoast-schema-graph\">{\"@context\":\"https:\/\/schema.org\",\"@graph\":[{\"@type\":\"WebPage\",\"@id\":\"https:\/\/nannienergy.com\/fr\/plaisance\/\",\"url\":\"https:\/\/nannienergy.com\/fr\/plaisance\/\",\"name\":\"Plaisance - Nanni Industries\",\"isPartOf\":{\"@id\":\"https:\/\/nannienergy.com\/fr\/#website\"},\"datePublished\":\"2023-07-20T09:27:00+00:00\",\"dateModified\":\"2024-08-30T09:23:21+00:00\",\"breadcrumb\":{\"@id\":\"https:\/\/nannienergy.com\/fr\/plaisance\/#breadcrumb\"},\"inLanguage\":\"fr-FR\",\"potentialAction\":[{\"@type\":\"ReadAction\",\"target\":[\"https:\/\/nannienergy.com\/fr\/plaisance\/\"]}]},{\"@type\":\"BreadcrumbList\",\"@id\":\"https:\/\/nannienergy.com\/fr\/plaisance\/#breadcrumb\",\"itemListElement\":[{\"@type\":\"ListItem\",\"position\":1,\"name\":\"\",\"item\":\"https:\/\/nannienergy.com\/fr\/\"},{\"@type\":\"ListItem\",\"position\":2,\"name\":\"Plaisance\"}]},{\"@type\":\"WebSite\",\"@id\":\"https:\/\/nannienergy.com\/fr\/#website\",\"url\":\"https:\/\/nannienergy.com\/fr\/\",\"name\":\"Nanni Industries\",\"description\":\"\",\"potentialAction\":[{\"@type\":\"SearchAction\",\"target\":{\"@type\":\"EntryPoint\",\"urlTemplate\":\"https:\/\/nannienergy.com\/fr\/?s={search_term_string}\"},\"query-input\":{\"@type\":\"PropertyValueSpecification\",\"valueRequired\":true,\"valueName\":\"search_term_string\"}}],\"inLanguage\":\"fr-FR\"}]}<\/script>\n<!-- \/ Yoast SEO plugin. -->","yoast_head_json":{"title":"Plaisance - Nanni Industries","robots":{"index":"index","follow":"follow","max-snippet":"max-snippet:-1","max-image-preview":"max-image-preview:large","max-video-preview":"max-video-preview:-1"},"canonical":"https:\/\/nannienergy.com\/fr\/plaisance\/","og_locale":"fr_FR","og_type":"article","og_title":"Plaisance - Nanni Industries","og_description":"[vc_row full_width=\u00a0\u00bbstretch_row_content\u00a0\u00bb el_class=\u00a0\u00bbtitle_content parent\u00a0\u00bb css=\u00a0\u00bb.vc_custom_1693403650887{background-image: url(https:\/\/nannienergy.com\/wp-content\/uploads\/2023\/08\/plaisance.jpg?id=2494) !important;background-position: center !important;background-repeat: no-repeat !important;background-size: cover !important;}\u00a0\u00bb][vc_column][vc_column_text el_class=\u00a0\u00bbbreadcrumb\u00a0\u00bb][\/vc_column_text][vc_column_text css_animation=\u00a0\u00bbfadeIn\u00a0\u00bb el_class=\u00a0\u00bbtitle_container\u00a0\u00bb] Marine plaisance Pour que chacune de vos excursions en mer soit un plaisir perp\u00e9tuellement renouvel\u00e9, Nanni vous accompagne. En d\u00e9veloppant et concevant un ensemble complet de solutions marines, nous \u00e9laborons et am\u00e9liorons sans cesse la qualit\u00e9 de nos produits... Voir l'article","og_url":"https:\/\/nannienergy.com\/fr\/plaisance\/","og_site_name":"Nanni Industries","article_modified_time":"2024-08-30T09:23:21+00:00","twitter_card":"summary_large_image","twitter_misc":{"Dur\u00e9e de lecture estim\u00e9e":"1 minute"},"schema":{"@context":"https:\/\/schema.org","@graph":[{"@type":"WebPage","@id":"https:\/\/nannienergy.com\/fr\/plaisance\/","url":"https:\/\/nannienergy.com\/fr\/plaisance\/","name":"Plaisance - Nanni Industries","isPartOf":{"@id":"https:\/\/nannienergy.com\/fr\/#website"},"datePublished":"2023-07-20T09:27:00+00:00","dateModified":"2024-08-30T09:23:21+00:00","breadcrumb":{"@id":"https:\/\/nannienergy.com\/fr\/plaisance\/#breadcrumb"},"inLanguage":"fr-FR","potentialAction":[{"@type":"ReadAction","target":["https:\/\/nannienergy.com\/fr\/plaisance\/"]}]},{"@type":"BreadcrumbList","@id":"https:\/\/nannienergy.com\/fr\/plaisance\/#breadcrumb","itemListElement":[{"@type":"ListItem","position":1,"name":"","item":"https:\/\/nannienergy.com\/fr\/"},{"@type":"ListItem","position":2,"name":"Plaisance"}]},{"@type":"WebSite","@id":"https:\/\/nannienergy.com\/fr\/#website","url":"https:\/\/nannienergy.com\/fr\/","name":"Nanni Industries","description":"","potentialAction":[{"@type":"SearchAction","target":{"@type":"EntryPoint","urlTemplate":"https:\/\/nannienergy.com\/fr\/?s={search_term_string}"},"query-input":{"@type":"PropertyValueSpecification","valueRequired":true,"valueName":"search_term_string"}}],"inLanguage":"fr-FR"}]}},"_links":{"self":[{"href":"https:\/\/nannienergy.com\/fr\/wp-json\/wp\/v2\/pages\/20","targetHints":{"allow":["GET"]}}],"collection":[{"href":"https:\/\/nannienergy.com\/fr\/wp-json\/wp\/v2\/pages"}],"about":[{"href":"https:\/\/nannienergy.com\/fr\/wp-json\/wp\/v2\/types\/page"}],"author":[{"embeddable":true,"href":"https:\/\/nannienergy.com\/fr\/wp-json\/wp\/v2\/users\/1"}],"replies":[{"embeddable":true,"href":"https:\/\/nannienergy.com\/fr\/wp-json\/wp\/v2\/comments?post=20"}],"version-history":[{"count":0,"href":"https:\/\/nannienergy.com\/fr\/wp-json\/wp\/v2\/pages\/20\/revisions"}],"wp:attachment":[{"href":"https:\/\/nannienergy.com\/fr\/wp-json\/wp\/v2\/media?parent=20"}],"curies":[{"name":"wp","href":"https:\/\/api.w.org\/{rel}","templated":true}]}}