{"id":22,"date":"2023-07-20T11:28:19","date_gmt":"2023-07-20T09:28:19","guid":{"rendered":"https:\/\/preprod.nannienergy.com\/?page_id=22"},"modified":"2026-03-02T10:56:53","modified_gmt":"2026-03-02T09:56:53","slug":"professionnel","status":"publish","type":"page","link":"https:\/\/nannienergy.com\/fr\/professionnel\/","title":{"rendered":"Professionnel"},"content":{"rendered":"<div class=\"wpb-content-wrapper\"><p>[vc_row full_width=\u00a0\u00bbstretch_row_content\u00a0\u00bb el_class=\u00a0\u00bbtitle_content parent\u00a0\u00bb css=\u00a0\u00bb.vc_custom_1770393377803{background-image: url(https:\/\/nannienergy.com\/wp-content\/uploads\/2026\/02\/Design-sans-titre-21.png?id=12260) !important;background-position: center !important;background-repeat: no-repeat !important;background-size: cover !important;}\u00a0\u00bb][vc_column][vc_column_text el_class=\u00a0\u00bbbreadcrumb\u00a0\u00bb]<span><span><a href=\"https:\/\/nannienergy.com\/fr\/\"><span class=\"home\"><\/span><\/a><\/span><\/span>[\/vc_column_text][vc_column_text css_animation=\u00a0\u00bbfadeIn\u00a0\u00bb el_class=\u00a0\u00bbtitle_container\u00a0\u00bb]<\/p>\n<h1>Marine professionnelle<\/h1>\n<p>Quelle que soit votre activit\u00e9 en mer, notre vocation est de vous assister au quotidien dans vos t\u00e2ches. Nanni vous propose pour cela toute une gamme de produits fiables et r\u00e9sistants ainsi qu\u2019une assistance technique de notre r\u00e9seau, disponible partout dans le monde.[\/vc_column_text][\/vc_column][\/vc_row][vc_row css_animation=\u00a0\u00bbnone\u00a0\u00bb el_class=\u00a0\u00bbpadding_content center\u00a0\u00bb][vc_column css_animation=\u00a0\u00bbfadeInUp\u00a0\u00bb][vc_column_text css=\u00a0\u00bb\u00a0\u00bb]<\/p>\n<div class=\"title_large\">Ensemble, partenaire de toutes vos missions.<\/div>\n<p>[\/vc_column_text][vc_row_inner el_class=\u00a0\u00bbsubparent_content\u00a0\u00bb][vc_column_inner width=\u00a0\u00bb1\/2&Prime; css=\u00a0\u00bb.vc_custom_1724943933615{background-image: url(https:\/\/nannienergy.com\/wp-content\/uploads\/2024\/08\/PRO_Pilote-du-Havre-vignette-nanni.jpg?id=7620) !important;}\u00a0\u00bb][vc_column_text css=\u00a0\u00bb\u00a0\u00bb]<\/p>\n<h2>Commercial<\/h2>\n<p><a class=\"link-chevron\" href=\"\/fr\/professionnel\/commercial\/\">Lien<\/a>[\/vc_column_text][\/vc_column_inner][vc_column_inner width=\u00a0\u00bb1\/2&Prime; css=\u00a0\u00bb.vc_custom_1770393456560{background-image: url(https:\/\/nannienergy.com\/wp-content\/uploads\/2025\/03\/sg.116-1.jpg?id=9054) !important;}\u00a0\u00bb][vc_column_text]<\/p>\n<h2>Naval<\/h2>\n<p><a class=\"link-chevron\" href=\"https:\/\/nannienergy.com\/fr\/professionnel\/naval\/\">Lien<\/a>[\/vc_column_text][\/vc_column_inner][\/vc_row_inner][\/vc_column][\/vc_row]<\/p>\n<\/div>","protected":false},"excerpt":{"rendered":"[vc_row full_width=\u00a0\u00bbstretch_row_content\u00a0\u00bb el_class=\u00a0\u00bbtitle_content parent\u00a0\u00bb css=\u00a0\u00bb.vc_custom_1770393377803{background-image: url(https:\/\/nannienergy.com\/wp-content\/uploads\/2026\/02\/Design-sans-titre-21.png?id=12260) !important;background-position: center !important;background-repeat: no-repeat !important;background-size: cover !important;}\u00a0\u00bb][vc_column][vc_column_text el_class=\u00a0\u00bbbreadcrumb\u00a0\u00bb][\/vc_column_text][vc_column_text css_animation=\u00a0\u00bbfadeIn\u00a0\u00bb el_class=\u00a0\u00bbtitle_container\u00a0\u00bb] Marine professionnelle Quelle que soit votre activit\u00e9 en mer, notre vocation est de vous assister au quotidien dans vos t\u00e2ches. Nanni vous propose pour cela toute une gamme de produits fiables et r\u00e9sistants ainsi qu\u2019une assistance technique de notre&#8230; <a class=\"view-article\" href=\"https:\/\/nannienergy.com\/fr\/professionnel\/\">Voir l&rsquo;article<\/a>","protected":false},"author":1,"featured_media":0,"parent":0,"menu_order":0,"comment_status":"closed","ping_status":"closed","template":"","meta":{"_acf_changed":false,"footnotes":""},"class_list":["post-22","page","type-page","status-publish","hentry"],"acf":[],"yoast_head":"<!-- This site is optimized with the Yoast SEO plugin v26.4 - https:\/\/yoast.com\/wordpress\/plugins\/seo\/ -->\n<title>Professionnel - Nanni Industries<\/title>\n<meta name=\"robots\" content=\"index, follow, max-snippet:-1, max-image-preview:large, max-video-preview:-1\" \/>\n<link rel=\"canonical\" href=\"https:\/\/nannienergy.com\/fr\/professionnel\/\" \/>\n<meta property=\"og:locale\" content=\"fr_FR\" \/>\n<meta property=\"og:type\" content=\"article\" \/>\n<meta property=\"og:title\" content=\"Professionnel - Nanni Industries\" \/>\n<meta property=\"og:description\" content=\"[vc_row full_width=\u00a0\u00bbstretch_row_content\u00a0\u00bb el_class=\u00a0\u00bbtitle_content parent\u00a0\u00bb css=\u00a0\u00bb.vc_custom_1770393377803{background-image: url(https:\/\/nannienergy.com\/wp-content\/uploads\/2026\/02\/Design-sans-titre-21.png?id=12260) !important;background-position: center !important;background-repeat: no-repeat !important;background-size: cover !important;}\u00a0\u00bb][vc_column][vc_column_text el_class=\u00a0\u00bbbreadcrumb\u00a0\u00bb][\/vc_column_text][vc_column_text css_animation=\u00a0\u00bbfadeIn\u00a0\u00bb el_class=\u00a0\u00bbtitle_container\u00a0\u00bb] Marine professionnelle Quelle que soit votre activit\u00e9 en mer, notre vocation est de vous assister au quotidien dans vos t\u00e2ches. Nanni vous propose pour cela toute une gamme de produits fiables et r\u00e9sistants ainsi qu\u2019une assistance technique de notre... Voir l&#039;article\" \/>\n<meta property=\"og:url\" content=\"https:\/\/nannienergy.com\/fr\/professionnel\/\" \/>\n<meta property=\"og:site_name\" content=\"Nanni Industries\" \/>\n<meta property=\"article:modified_time\" content=\"2026-03-02T09:56:53+00:00\" \/>\n<meta name=\"twitter:card\" content=\"summary_large_image\" \/>\n<meta name=\"twitter:label1\" content=\"Dur\u00e9e de lecture estim\u00e9e\" \/>\n\t<meta name=\"twitter:data1\" content=\"1 minute\" \/>\n<script type=\"application\/ld+json\" class=\"yoast-schema-graph\">{\"@context\":\"https:\/\/schema.org\",\"@graph\":[{\"@type\":\"WebPage\",\"@id\":\"https:\/\/nannienergy.com\/fr\/professionnel\/\",\"url\":\"https:\/\/nannienergy.com\/fr\/professionnel\/\",\"name\":\"Professionnel - Nanni Industries\",\"isPartOf\":{\"@id\":\"https:\/\/nannienergy.com\/fr\/#website\"},\"datePublished\":\"2023-07-20T09:28:19+00:00\",\"dateModified\":\"2026-03-02T09:56:53+00:00\",\"breadcrumb\":{\"@id\":\"https:\/\/nannienergy.com\/fr\/professionnel\/#breadcrumb\"},\"inLanguage\":\"fr-FR\",\"potentialAction\":[{\"@type\":\"ReadAction\",\"target\":[\"https:\/\/nannienergy.com\/fr\/professionnel\/\"]}]},{\"@type\":\"BreadcrumbList\",\"@id\":\"https:\/\/nannienergy.com\/fr\/professionnel\/#breadcrumb\",\"itemListElement\":[{\"@type\":\"ListItem\",\"position\":1,\"name\":\"\",\"item\":\"https:\/\/nannienergy.com\/fr\/\"},{\"@type\":\"ListItem\",\"position\":2,\"name\":\"Professionnel\"}]},{\"@type\":\"WebSite\",\"@id\":\"https:\/\/nannienergy.com\/fr\/#website\",\"url\":\"https:\/\/nannienergy.com\/fr\/\",\"name\":\"Nanni Industries\",\"description\":\"\",\"potentialAction\":[{\"@type\":\"SearchAction\",\"target\":{\"@type\":\"EntryPoint\",\"urlTemplate\":\"https:\/\/nannienergy.com\/fr\/?s={search_term_string}\"},\"query-input\":{\"@type\":\"PropertyValueSpecification\",\"valueRequired\":true,\"valueName\":\"search_term_string\"}}],\"inLanguage\":\"fr-FR\"}]}<\/script>\n<!-- \/ Yoast SEO plugin. -->","yoast_head_json":{"title":"Professionnel - Nanni Industries","robots":{"index":"index","follow":"follow","max-snippet":"max-snippet:-1","max-image-preview":"max-image-preview:large","max-video-preview":"max-video-preview:-1"},"canonical":"https:\/\/nannienergy.com\/fr\/professionnel\/","og_locale":"fr_FR","og_type":"article","og_title":"Professionnel - Nanni Industries","og_description":"[vc_row full_width=\u00a0\u00bbstretch_row_content\u00a0\u00bb el_class=\u00a0\u00bbtitle_content parent\u00a0\u00bb css=\u00a0\u00bb.vc_custom_1770393377803{background-image: url(https:\/\/nannienergy.com\/wp-content\/uploads\/2026\/02\/Design-sans-titre-21.png?id=12260) !important;background-position: center !important;background-repeat: no-repeat !important;background-size: cover !important;}\u00a0\u00bb][vc_column][vc_column_text el_class=\u00a0\u00bbbreadcrumb\u00a0\u00bb][\/vc_column_text][vc_column_text css_animation=\u00a0\u00bbfadeIn\u00a0\u00bb el_class=\u00a0\u00bbtitle_container\u00a0\u00bb] Marine professionnelle Quelle que soit votre activit\u00e9 en mer, notre vocation est de vous assister au quotidien dans vos t\u00e2ches. Nanni vous propose pour cela toute une gamme de produits fiables et r\u00e9sistants ainsi qu\u2019une assistance technique de notre... Voir l'article","og_url":"https:\/\/nannienergy.com\/fr\/professionnel\/","og_site_name":"Nanni Industries","article_modified_time":"2026-03-02T09:56:53+00:00","twitter_card":"summary_large_image","twitter_misc":{"Dur\u00e9e de lecture estim\u00e9e":"1 minute"},"schema":{"@context":"https:\/\/schema.org","@graph":[{"@type":"WebPage","@id":"https:\/\/nannienergy.com\/fr\/professionnel\/","url":"https:\/\/nannienergy.com\/fr\/professionnel\/","name":"Professionnel - Nanni Industries","isPartOf":{"@id":"https:\/\/nannienergy.com\/fr\/#website"},"datePublished":"2023-07-20T09:28:19+00:00","dateModified":"2026-03-02T09:56:53+00:00","breadcrumb":{"@id":"https:\/\/nannienergy.com\/fr\/professionnel\/#breadcrumb"},"inLanguage":"fr-FR","potentialAction":[{"@type":"ReadAction","target":["https:\/\/nannienergy.com\/fr\/professionnel\/"]}]},{"@type":"BreadcrumbList","@id":"https:\/\/nannienergy.com\/fr\/professionnel\/#breadcrumb","itemListElement":[{"@type":"ListItem","position":1,"name":"","item":"https:\/\/nannienergy.com\/fr\/"},{"@type":"ListItem","position":2,"name":"Professionnel"}]},{"@type":"WebSite","@id":"https:\/\/nannienergy.com\/fr\/#website","url":"https:\/\/nannienergy.com\/fr\/","name":"Nanni Industries","description":"","potentialAction":[{"@type":"SearchAction","target":{"@type":"EntryPoint","urlTemplate":"https:\/\/nannienergy.com\/fr\/?s={search_term_string}"},"query-input":{"@type":"PropertyValueSpecification","valueRequired":true,"valueName":"search_term_string"}}],"inLanguage":"fr-FR"}]}},"_links":{"self":[{"href":"https:\/\/nannienergy.com\/fr\/wp-json\/wp\/v2\/pages\/22","targetHints":{"allow":["GET"]}}],"collection":[{"href":"https:\/\/nannienergy.com\/fr\/wp-json\/wp\/v2\/pages"}],"about":[{"href":"https:\/\/nannienergy.com\/fr\/wp-json\/wp\/v2\/types\/page"}],"author":[{"embeddable":true,"href":"https:\/\/nannienergy.com\/fr\/wp-json\/wp\/v2\/users\/1"}],"replies":[{"embeddable":true,"href":"https:\/\/nannienergy.com\/fr\/wp-json\/wp\/v2\/comments?post=22"}],"version-history":[{"count":0,"href":"https:\/\/nannienergy.com\/fr\/wp-json\/wp\/v2\/pages\/22\/revisions"}],"wp:attachment":[{"href":"https:\/\/nannienergy.com\/fr\/wp-json\/wp\/v2\/media?parent=22"}],"curies":[{"name":"wp","href":"https:\/\/api.w.org\/{rel}","templated":true}]}}