{"id":26,"date":"2023-07-20T11:28:42","date_gmt":"2023-07-20T09:28:42","guid":{"rendered":"https:\/\/preprod.nannienergy.com\/?page_id=26"},"modified":"2026-01-29T21:30:14","modified_gmt":"2026-01-29T20:30:14","slug":"man","status":"publish","type":"page","link":"https:\/\/nannienergy.com\/fr\/produits\/man\/","title":{"rendered":"MAN"},"content":{"rendered":"<div class=\"wpb-content-wrapper\"><p>[vc_row full_width=\u00a0\u00bbstretch_row_content\u00a0\u00bb el_class=\u00a0\u00bbtitle_content parent\u00a0\u00bb css=\u00a0\u00bb.vc_custom_1692696358569{background-image: url(https:\/\/nannienergy.com\/wp-content\/uploads\/2023\/08\/nanni-moteurs-man-intro.jpg?id=396) !important;background-position: center !important;background-repeat: no-repeat !important;background-size: cover !important;}\u00a0\u00bb][vc_column][vc_column_text el_class=\u00a0\u00bbbreadcrumb\u00a0\u00bb]<span><span><a href=\"https:\/\/nannienergy.com\/fr\/\"><span class=\"home\"><\/span><\/a><\/span><\/span>[\/vc_column_text][vc_column_text css_animation=\u00a0\u00bbfadeIn\u00a0\u00bb el_class=\u00a0\u00bbtitle_container\u00a0\u00bb]<\/p>\n<h1>Moteurs MAN<\/h1>\n<p>Nanni est le distributeur exclusif des moteurs et g\u00e9n\u00e9rateurs MAN pour la France m\u00e9tropolitaine et les pays francophones.[\/vc_column_text][\/vc_column][\/vc_row][vc_row el_class=\u00a0\u00bbpf_content center\u00a0\u00bb][vc_column][vc_column_text css=\u00a0\u00bb\u00a0\u00bb]<\/p>\n<h2>Gamme Moteurs MAN<\/h2>\n<p>[\/vc_column_text][\/vc_column][\/vc_row][vc_row][vc_column][vc_column_text css=\u00a0\u00bb\u00a0\u00bb]<div class=\"number-results\">\n\t<p><span class=\"number\">R\u00e9sultats : 12<\/span><\/p>\n<\/div>\n<div class=\"produits-loop\">\n\t\t\t\t\t\n\t\t\t\t<div class=\"produit-item\">\n\t\t\t\t\t\t\t\t\t\t\t<div class=\"produit-image\">\n\t\t\t\t\t\t\t<a href=\"https:\/\/nannienergy.com\/fr\/produit\/i6-730\/\">\n\t\t\t\t\t\t\t\t<img decoding=\"async\" src=\"https:\/\/nannienergy.com\/wp-content\/uploads\/2025\/07\/i6-850.jpg\" alt=\"\" \/>\n\t\t\t\t\t\t\t<\/a>\n\t\t\t\t\t\t<\/div>\n\t\t\t\t\t\t\t\t\t\t<h2>\n\t\t\t\t\t\t<a href=\"https:\/\/nannienergy.com\/fr\/produit\/i6-730\/\">I6 \u2013 Light Duty<\/a>\n\t\t\t\t\t<\/h2>\n\t\t\t\t\t\n\t\t\t\t\t\t\t\t\t\t\t\t\t\t\t\t\t\t<div class=\"emission-product\">\n\t\t\t\t\t\t\t\t<span class=\"emission-item\">Shaft Line<\/span> <span class=\"emission-item\">Water Jet<\/span> <span class=\"emission-item\">Surface Drive<\/span> \t\t\t\t\t\t\t<\/div>\n\t\t\t\t\t\t\t\t\t\t\t\t<div class=\"puissance\">\n\t\t\t\t\t\t\t\t\t\t\t\t\t\t<p>Puissance au vilebrequin <span>730 - 850 CV<\/span><\/p>\n\t\t\t\t\t\t<\/div>\n\t\t\t\t\t\t<div class=\"kw\">\n\t\t\t\t\t\t\t\t\t\t\t\t\t\t<p>Puissance au vilebrequin <span>537 - 625 kW<\/span><\/p>\n\t\t\t\t\t\t<\/div>\n\t\t\t\t\t\t<div class=\"displacement\">\n\t\t\t\t\t\t\t\t\t\t\t\t\t\t<p>Cylindr\u00e9e <span>12.42 - 10.42 litres<\/span><\/p>\n\t\t\t\t\t\t<\/div>\n\t\t\t\t\t\t\t\t\t<\/div>\t\n\t\t\t\t\t\t\t\t\t\n\t\t\t\t<div class=\"produit-item\">\n\t\t\t\t\t\t\t\t\t\t\t<div class=\"produit-image\">\n\t\t\t\t\t\t\t<a href=\"https:\/\/nannienergy.com\/fr\/produit\/v8-1000\/\">\n\t\t\t\t\t\t\t\t<img decoding=\"async\" src=\"https:\/\/nannienergy.com\/wp-content\/uploads\/2025\/07\/MAN_V8-1300_c_cmyka.png\" alt=\"\" \/>\n\t\t\t\t\t\t\t<\/a>\n\t\t\t\t\t\t<\/div>\n\t\t\t\t\t\t\t\t\t\t<h2>\n\t\t\t\t\t\t<a href=\"https:\/\/nannienergy.com\/fr\/produit\/v8-1000\/\">V8 \u2013 Light Duty<\/a>\n\t\t\t\t\t<\/h2>\n\t\t\t\t\t\n\t\t\t\t\t\t\t\t\t\t\t\t\t\t\t\t\t\t<div class=\"emission-product\">\n\t\t\t\t\t\t\t\t<span class=\"emission-item\">Shaft Line<\/span> <span class=\"emission-item\">Water Jet<\/span> <span class=\"emission-item\">Surface Drive<\/span> \t\t\t\t\t\t\t<\/div>\n\t\t\t\t\t\t\t\t\t\t\t\t<div class=\"puissance\">\n\t\t\t\t\t\t\t\t\t\t\t\t\t\t<p>Puissance au vilebrequin <span>1000 - 1300 CV<\/span><\/p>\n\t\t\t\t\t\t<\/div>\n\t\t\t\t\t\t<div class=\"kw\">\n\t\t\t\t\t\t\t\t\t\t\t\t\t\t<p>Puissance au vilebrequin <span>735 - 956 kW<\/span><\/p>\n\t\t\t\t\t\t<\/div>\n\t\t\t\t\t\t<div class=\"displacement\">\n\t\t\t\t\t\t\t\t\t\t\t\t\t\t<p>Cylindr\u00e9e <span>16.16 litres<\/span><\/p>\n\t\t\t\t\t\t<\/div>\n\t\t\t\t\t\t\t\t\t<\/div>\t\n\t\t\t\t\t\t\t\t\t\n\t\t\t\t<div class=\"produit-item\">\n\t\t\t\t\t\t\t\t\t\t\t<div class=\"produit-image\">\n\t\t\t\t\t\t\t<a href=\"https:\/\/nannienergy.com\/fr\/produit\/v12-1400\/\">\n\t\t\t\t\t\t\t\t<img decoding=\"async\" src=\"https:\/\/nannienergy.com\/wp-content\/uploads\/2023\/08\/nanni-moteurs-man-marine-plaisance-light-duty.jpg\" alt=\"\" \/>\n\t\t\t\t\t\t\t<\/a>\n\t\t\t\t\t\t<\/div>\n\t\t\t\t\t\t\t\t\t\t<h2>\n\t\t\t\t\t\t<a href=\"https:\/\/nannienergy.com\/fr\/produit\/v12-1400\/\">V12 \u2013 Light Duty<\/a>\n\t\t\t\t\t<\/h2>\n\t\t\t\t\t\n\t\t\t\t\t\t\t\t\t\t\t\t\t\t\t\t\t\t<div class=\"emission-product\">\n\t\t\t\t\t\t\t\t<span class=\"emission-item\">Shaft Line<\/span> <span class=\"emission-item\">Water Jet<\/span> <span class=\"emission-item\">Surface Drive<\/span> \t\t\t\t\t\t\t<\/div>\n\t\t\t\t\t\t\t\t\t\t\t\t<div class=\"puissance\">\n\t\t\t\t\t\t\t\t\t\t\t\t\t\t<p>Puissance au vilebrequin <span>1400 - 2000 CV<\/span><\/p>\n\t\t\t\t\t\t<\/div>\n\t\t\t\t\t\t<div class=\"kw\">\n\t\t\t\t\t\t\t\t\t\t\t\t\t\t<p>Puissance au vilebrequin <span>1029 - 1471 kW<\/span><\/p>\n\t\t\t\t\t\t<\/div>\n\t\t\t\t\t\t<div class=\"displacement\">\n\t\t\t\t\t\t\t\t\t\t\t\t\t\t<p>Cylindr\u00e9e <span>21.24 litres<\/span><\/p>\n\t\t\t\t\t\t<\/div>\n\t\t\t\t\t\t\t\t\t<\/div>\t\n\t\t\t\t\t\t\t\t\t\n\t\t\t\t<div class=\"produit-item\">\n\t\t\t\t\t\t\t\t\t\t\t<div class=\"produit-image\">\n\t\t\t\t\t\t\t<a href=\"https:\/\/nannienergy.com\/fr\/produit\/d2676-le432\/\">\n\t\t\t\t\t\t\t\t<img decoding=\"async\" src=\"https:\/\/nannienergy.com\/wp-content\/uploads\/2023\/08\/nanni-moteurs-man-pro-medium-duty.jpg\" alt=\"\" \/>\n\t\t\t\t\t\t\t<\/a>\n\t\t\t\t\t\t<\/div>\n\t\t\t\t\t\t\t\t\t\t<h2>\n\t\t\t\t\t\t<a href=\"https:\/\/nannienergy.com\/fr\/produit\/d2676-le432\/\">D2676 \u2013 Medium Duty<\/a>\n\t\t\t\t\t<\/h2>\n\t\t\t\t\t\n\t\t\t\t\t\t\t\t\t\t\t\t\t\t\t\t\t\t<div class=\"emission-product\">\n\t\t\t\t\t\t\t\t<span class=\"emission-item\">Shaft Line<\/span> <span class=\"emission-item\">Water Jet<\/span> <span class=\"emission-item\">Surface Drive<\/span> \t\t\t\t\t\t\t<\/div>\n\t\t\t\t\t\t\t\t\t\t\t\t<div class=\"puissance\">\n\t\t\t\t\t\t\t\t\t\t\t\t\t\t<p>Puissance au vilebrequin <span>560 - 650 CV<\/span><\/p>\n\t\t\t\t\t\t<\/div>\n\t\t\t\t\t\t<div class=\"kw\">\n\t\t\t\t\t\t\t\t\t\t\t\t\t\t<p>Puissance au vilebrequin <span>412 - 478 kW<\/span><\/p>\n\t\t\t\t\t\t<\/div>\n\t\t\t\t\t\t<div class=\"displacement\">\n\t\t\t\t\t\t\t\t\t\t\t\t\t\t<p>Cylindr\u00e9e <span>12.42 litres<\/span><\/p>\n\t\t\t\t\t\t<\/div>\n\t\t\t\t\t\t\t\t\t<\/div>\t\n\t\t\t\t\t\t\t\t\t\n\t\t\t\t<div class=\"produit-item\">\n\t\t\t\t\t\t\t\t\t\t\t<div class=\"produit-image\">\n\t\t\t\t\t\t\t<a href=\"https:\/\/nannienergy.com\/fr\/produit\/d2868-le422\/\">\n\t\t\t\t\t\t\t\t<img decoding=\"async\" src=\"https:\/\/nannienergy.com\/wp-content\/uploads\/2023\/08\/nanni-moteurs-man-pro-medium-duty.jpg\" alt=\"\" \/>\n\t\t\t\t\t\t\t<\/a>\n\t\t\t\t\t\t<\/div>\n\t\t\t\t\t\t\t\t\t\t<h2>\n\t\t\t\t\t\t<a href=\"https:\/\/nannienergy.com\/fr\/produit\/d2868-le422\/\">D2868 \u2013 Medium Duty<\/a>\n\t\t\t\t\t<\/h2>\n\t\t\t\t\t\n\t\t\t\t\t\t\t\t\t\t\t\t\t\t\t\t\t\t<div class=\"emission-product\">\n\t\t\t\t\t\t\t\t<span class=\"emission-item\">Shaft Line<\/span> <span class=\"emission-item\">Water Jet<\/span> <span class=\"emission-item\">Surface Drive<\/span> \t\t\t\t\t\t\t<\/div>\n\t\t\t\t\t\t\t\t\t\t\t\t<div class=\"puissance\">\n\t\t\t\t\t\t\t\t\t\t\t\t\t\t<p>Puissance au vilebrequin <span>800 - 900 CV<\/span><\/p>\n\t\t\t\t\t\t<\/div>\n\t\t\t\t\t\t<div class=\"kw\">\n\t\t\t\t\t\t\t\t\t\t\t\t\t\t<p>Puissance au vilebrequin <span>588 - 662 kW<\/span><\/p>\n\t\t\t\t\t\t<\/div>\n\t\t\t\t\t\t<div class=\"displacement\">\n\t\t\t\t\t\t\t\t\t\t\t\t\t\t<p>Cylindr\u00e9e <span>16.16 litres<\/span><\/p>\n\t\t\t\t\t\t<\/div>\n\t\t\t\t\t\t\t\t\t<\/div>\t\n\t\t\t\t\t\t\t\t\t\n\t\t\t\t<div class=\"produit-item\">\n\t\t\t\t\t\t\t\t\t\t\t<div class=\"produit-image\">\n\t\t\t\t\t\t\t<a href=\"https:\/\/nannienergy.com\/fr\/produit\/d2862-le422\/\">\n\t\t\t\t\t\t\t\t<img decoding=\"async\" src=\"https:\/\/nannienergy.com\/wp-content\/uploads\/2023\/08\/nanni-moteurs-man-pro-medium-duty.jpg\" alt=\"\" \/>\n\t\t\t\t\t\t\t<\/a>\n\t\t\t\t\t\t<\/div>\n\t\t\t\t\t\t\t\t\t\t<h2>\n\t\t\t\t\t\t<a href=\"https:\/\/nannienergy.com\/fr\/produit\/d2862-le422\/\">D2862 \u2013 Medium Duty<\/a>\n\t\t\t\t\t<\/h2>\n\t\t\t\t\t\n\t\t\t\t\t\t\t\t\t\t\t\t\t\t\t\t\t\t<div class=\"emission-product\">\n\t\t\t\t\t\t\t\t<span class=\"emission-item\">Shaft Line<\/span> <span class=\"emission-item\">Water Jet<\/span> <span class=\"emission-item\">Surface Drive<\/span> \t\t\t\t\t\t\t<\/div>\n\t\t\t\t\t\t\t\t\t\t\t\t<div class=\"puissance\">\n\t\t\t\t\t\t\t\t\t\t\t\t\t\t<p>Puissance au vilebrequin <span>1019 - 1450 CV<\/span><\/p>\n\t\t\t\t\t\t<\/div>\n\t\t\t\t\t\t<div class=\"kw\">\n\t\t\t\t\t\t\t\t\t\t\t\t\t\t<p>Puissance au vilebrequin <span>749 - 1066 kW<\/span><\/p>\n\t\t\t\t\t\t<\/div>\n\t\t\t\t\t\t<div class=\"displacement\">\n\t\t\t\t\t\t\t\t\t\t\t\t\t\t<p>Cylindr\u00e9e <span>24.24 litres<\/span><\/p>\n\t\t\t\t\t\t<\/div>\n\t\t\t\t\t\t\t\t\t<\/div>\t\n\t\t\t\t\t\t\t\t\t\n\t\t\t\t<div class=\"produit-item\">\n\t\t\t\t\t\t\t\t\t\t\t<div class=\"produit-image\">\n\t\t\t\t\t\t\t<a href=\"https:\/\/nannienergy.com\/fr\/produit\/d2676-le461\/\">\n\t\t\t\t\t\t\t\t<img decoding=\"async\" src=\"https:\/\/nannienergy.com\/wp-content\/uploads\/2025\/07\/MAN_D2676LE_b.png\" alt=\"\" \/>\n\t\t\t\t\t\t\t<\/a>\n\t\t\t\t\t\t<\/div>\n\t\t\t\t\t\t\t\t\t\t<h2>\n\t\t\t\t\t\t<a href=\"https:\/\/nannienergy.com\/fr\/produit\/d2676-le461\/\">D2676 \u2013 Heavy Duty<\/a>\n\t\t\t\t\t<\/h2>\n\t\t\t\t\t\n\t\t\t\t\t\t\t\t\t\t\t\t\t\t\t\t\t\t<div class=\"emission-product\">\n\t\t\t\t\t\t\t\t<span class=\"emission-item\">Shaft Line<\/span> <span class=\"emission-item\">Water Jet<\/span> <span class=\"emission-item\">Surface Drive<\/span> \t\t\t\t\t\t\t<\/div>\n\t\t\t\t\t\t\t\t\t\t\t\t<div class=\"puissance\">\n\t\t\t\t\t\t\t\t\t\t\t\t\t\t<p>Puissance au vilebrequin <span>200 - 520 CV<\/span><\/p>\n\t\t\t\t\t\t<\/div>\n\t\t\t\t\t\t<div class=\"kw\">\n\t\t\t\t\t\t\t\t\t\t\t\t\t\t<p>Puissance au vilebrequin <span>147 - 382 kW<\/span><\/p>\n\t\t\t\t\t\t<\/div>\n\t\t\t\t\t\t<div class=\"displacement\">\n\t\t\t\t\t\t\t\t\t\t\t\t\t\t<p>Cylindr\u00e9e <span>12.42 litres<\/span><\/p>\n\t\t\t\t\t\t<\/div>\n\t\t\t\t\t\t\t\t\t<\/div>\t\n\t\t\t\t\t\t\t\t\t\n\t\t\t\t<div class=\"produit-item\">\n\t\t\t\t\t\t\t\t\t\t\t<div class=\"produit-image\">\n\t\t\t\t\t\t\t<a href=\"https:\/\/nannienergy.com\/fr\/produit\/d2868-le421\/\">\n\t\t\t\t\t\t\t\t<img decoding=\"async\" src=\"https:\/\/nannienergy.com\/wp-content\/uploads\/2023\/08\/nanni-moteurs-man-pro-medium-duty.jpg\" alt=\"\" \/>\n\t\t\t\t\t\t\t<\/a>\n\t\t\t\t\t\t<\/div>\n\t\t\t\t\t\t\t\t\t\t<h2>\n\t\t\t\t\t\t<a href=\"https:\/\/nannienergy.com\/fr\/produit\/d2868-le421\/\">D2868 \u2013 Heavy Duty<\/a>\n\t\t\t\t\t<\/h2>\n\t\t\t\t\t\n\t\t\t\t\t\t\t\t\t\t\t\t\t\t\t\t\t\t<div class=\"emission-product\">\n\t\t\t\t\t\t\t\t<span class=\"emission-item\">Shaft Line<\/span> <span class=\"emission-item\">Water Jet<\/span> <span class=\"emission-item\">Surface Drive<\/span> \t\t\t\t\t\t\t<\/div>\n\t\t\t\t\t\t\t\t\t\t\t\t<div class=\"puissance\">\n\t\t\t\t\t\t\t\t\t\t\t\t\t\t<p>Puissance au vilebrequin <span>600 CV<\/span><\/p>\n\t\t\t\t\t\t<\/div>\n\t\t\t\t\t\t<div class=\"kw\">\n\t\t\t\t\t\t\t\t\t\t\t\t\t\t<p>Puissance au vilebrequin <span>441 - 500 kW<\/span><\/p>\n\t\t\t\t\t\t<\/div>\n\t\t\t\t\t\t<div class=\"displacement\">\n\t\t\t\t\t\t\t\t\t\t\t\t\t\t<p>Cylindr\u00e9e <span>16.16 litres<\/span><\/p>\n\t\t\t\t\t\t<\/div>\n\t\t\t\t\t\t\t\t\t<\/div>\t\n\t\t\t\t\t\t\t\t\t\n\t\t\t\t<div class=\"produit-item\">\n\t\t\t\t\t\t\t\t\t\t\t<div class=\"produit-image\">\n\t\t\t\t\t\t\t<a href=\"https:\/\/nannienergy.com\/fr\/produit\/d2862-le437\/\">\n\t\t\t\t\t\t\t\t<img decoding=\"async\" src=\"https:\/\/nannienergy.com\/wp-content\/uploads\/2023\/08\/nanni-moteurs-man-pro-heavy-duty.jpg\" alt=\"\" \/>\n\t\t\t\t\t\t\t<\/a>\n\t\t\t\t\t\t<\/div>\n\t\t\t\t\t\t\t\t\t\t<h2>\n\t\t\t\t\t\t<a href=\"https:\/\/nannienergy.com\/fr\/produit\/d2862-le437\/\">D2862 \u2013 Heavy Duty<\/a>\n\t\t\t\t\t<\/h2>\n\t\t\t\t\t\n\t\t\t\t\t\t\t\t\t\t\t\t\t\t\t\t\t\t<div class=\"emission-product\">\n\t\t\t\t\t\t\t\t<span class=\"emission-item\">Shaft Line<\/span> <span class=\"emission-item\">Water Jet<\/span> <span class=\"emission-item\">Surface Drive<\/span> \t\t\t\t\t\t\t<\/div>\n\t\t\t\t\t\t\t\t\t\t\t\t<div class=\"puissance\">\n\t\t\t\t\t\t\t\t\t\t\t\t\t\t<p>Puissance au vilebrequin <span>749 - 1000 CV<\/span><\/p>\n\t\t\t\t\t\t<\/div>\n\t\t\t\t\t\t<div class=\"kw\">\n\t\t\t\t\t\t\t\t\t\t\t\t\t\t<p>Puissance au vilebrequin <span>551 - 735 kW<\/span><\/p>\n\t\t\t\t\t\t<\/div>\n\t\t\t\t\t\t<div class=\"displacement\">\n\t\t\t\t\t\t\t\t\t\t\t\t\t\t<p>Cylindr\u00e9e <span>24.24 litres<\/span><\/p>\n\t\t\t\t\t\t<\/div>\n\t\t\t\t\t\t\t\t\t<\/div>\t\n\t\t\t\t\t\t<\/div>\n\n\t<div class=\"load_more_button_holder\">\n\t    <div class=\"load_more_button\"><span class=\"tertiary\" rel=\"2\"><a href=\"https:\/\/nannienergy.com\/fr\/wp-json\/wp\/v2\/pages\/26\/page\/2\/\" >Voir plus<\/a><\/span><\/div>\n\t    <div class=\"load_more_button_loading\"><a href=\"javascript: void(0)\">Chargement...<\/a><\/div>\n\t<\/div>\n[\/vc_column_text][\/vc_column][\/vc_row][vc_row el_class=\u00a0\u00bbimg_text_content\u00a0\u00bb][vc_column css_animation=\u00a0\u00bbfadeInLeft\u00a0\u00bb width=\u00a0\u00bb1\/2&Prime;][vc_single_image image=\u00a0\u00bb12188&Prime; img_size=\u00a0\u00bbfull\u00a0\u00bb css=\u00a0\u00bb\u00a0\u00bb][\/vc_column][vc_column css_animation=\u00a0\u00bbfadeInRight\u00a0\u00bb width=\u00a0\u00bb1\/2&Prime;][vc_column_text]<\/p>\n<h3>Syst\u00e8me SCR<\/h3>\n<p>La r\u00e9duction catalytique s\u00e9lective (SCR) est parfaitement int\u00e9gr\u00e9e au syst\u00e8me de moteur pour une propulsion propre et efficace dans toutes les op\u00e9rations. Le syst\u00e8me d&rsquo;adaptation MAN SCR vous permet de respecter toutes les r\u00e9glementations locales en vigueur et en pr\u00e9paration en mati\u00e8re d&rsquo;\u00e9missions, d&rsquo;am\u00e9liorer votre retour sur investissement et d&rsquo;assurer une maintenance simple. D\u00e9couvrez tout ce que vous devez savoir sur nos syst\u00e8mes de r\u00e9duction des NOx et, dans certains cas, du CO2.<\/p>\n<p><a class=\"button dark\" href=\"https:\/\/nannienergy.com\/wp-content\/uploads\/2023\/08\/brochure-MAN-SCR_en.pdf\" target=\"_blank\" rel=\"noopener\">T\u00e9l\u00e9charger la documentation<\/a>[\/vc_column_text][\/vc_column][\/vc_row][vc_row el_class=\u00a0\u00bbtext_img_content\u00a0\u00bb][vc_column css_animation=\u00a0\u00bbfadeInLeft\u00a0\u00bb width=\u00a0\u00bb1\/2&Prime;][vc_column_text]<\/p>\n<h3>Hybride<\/h3>\n<p>MAN Smart HYBRID Experience offre toujours la meilleure solution de pilotage. Gr\u00e2ce aux nombreuses possibilit\u00e9s de combinaison avec des moteurs diesel et \u00e9lectriques et des composants tels que des batteries et\/ou des groupes \u00e9lectrog\u00e8nes embarqu\u00e9s, le degr\u00e9 d&rsquo;hybridation du MAN Smart HYBRID Experience peut \u00eatre d\u00e9fini et optimis\u00e9 en toute flexibilit\u00e9. La modularit\u00e9 de nos syst\u00e8mes hybrides est la solution pour r\u00e9pondre \u00e0 une grande vari\u00e9t\u00e9 de vos besoins en mati\u00e8re de conduite. Qu&rsquo;il s&rsquo;agisse de bateaux de plaisance ou de bateaux de travail.<\/p>\n<p><a class=\"button dark\" href=\"https:\/\/nannienergy.com\/wp-content\/uploads\/2023\/08\/brochure-MAN-hybride_en.pdf\" target=\"_blank\" rel=\"noreferrer noopener\">T\u00e9l\u00e9charger la documentation<\/a>[\/vc_column_text][\/vc_column][vc_column css_animation=\u00a0\u00bbfadeInRight\u00a0\u00bb width=\u00a0\u00bb1\/2&Prime;][vc_single_image image=\u00a0\u00bb12236&Prime; img_size=\u00a0\u00bbfull\u00a0\u00bb css=\u00a0\u00bb\u00a0\u00bb][\/vc_column][\/vc_row][vc_row el_class=\u00a0\u00bbpf_content center\u00a0\u00bb][vc_column][vc_column_text]<\/p>\n<div class=\"title_large\">Syst\u00e8mes MAN<\/div>\n<h3>Plus de renseignements sur notre partenaire MAN Engines ?<\/h3>\n<p><a class=\"button\" href=\"https:\/\/www.man.eu\/engines\/en\/homepage.html\" target=\"_blank\" rel=\"noreferrer noopener\">Consulter le site MAN Engines<\/a>[\/vc_column_text][\/vc_column][\/vc_row]<\/p>\n<\/div>","protected":false},"excerpt":{"rendered":"[vc_row full_width=\u00a0\u00bbstretch_row_content\u00a0\u00bb el_class=\u00a0\u00bbtitle_content parent\u00a0\u00bb css=\u00a0\u00bb.vc_custom_1692696358569{background-image: url(https:\/\/nannienergy.com\/wp-content\/uploads\/2023\/08\/nanni-moteurs-man-intro.jpg?id=396) !important;background-position: center !important;background-repeat: no-repeat !important;background-size: cover !important;}\u00a0\u00bb][vc_column][vc_column_text el_class=\u00a0\u00bbbreadcrumb\u00a0\u00bb][\/vc_column_text][vc_column_text css_animation=\u00a0\u00bbfadeIn\u00a0\u00bb el_class=\u00a0\u00bbtitle_container\u00a0\u00bb] Moteurs MAN Nanni est le distributeur exclusif des moteurs et g\u00e9n\u00e9rateurs MAN pour la France m\u00e9tropolitaine et les pays francophones.[\/vc_column_text][\/vc_column][\/vc_row][vc_row el_class=\u00a0\u00bbpf_content center\u00a0\u00bb][vc_column][vc_column_text css=\u00a0\u00bb\u00a0\u00bb] Gamme Moteurs MAN [\/vc_column_text][\/vc_column][\/vc_row][vc_row][vc_column][vc_column_text css=\u00a0\u00bb\u00a0\u00bb][\/vc_column_text][\/vc_column][\/vc_row][vc_row el_class=\u00a0\u00bbimg_text_content\u00a0\u00bb][vc_column css_animation=\u00a0\u00bbfadeInLeft\u00a0\u00bb width=\u00a0\u00bb1\/2&Prime;][vc_single_image image=\u00a0\u00bb12188&Prime; img_size=\u00a0\u00bbfull\u00a0\u00bb css=\u00a0\u00bb\u00a0\u00bb][\/vc_column][vc_column css_animation=\u00a0\u00bbfadeInRight\u00a0\u00bb width=\u00a0\u00bb1\/2&Prime;][vc_column_text] Syst\u00e8me SCR La&#8230; <a class=\"view-article\" href=\"https:\/\/nannienergy.com\/fr\/produits\/man\/\">Voir l&rsquo;article<\/a>","protected":false},"author":1,"featured_media":0,"parent":8,"menu_order":0,"comment_status":"closed","ping_status":"closed","template":"template-produit-man-loop.php","meta":{"_acf_changed":false,"footnotes":""},"class_list":["post-26","page","type-page","status-publish","hentry"],"acf":[],"yoast_head":"<!-- This site is optimized with the Yoast SEO plugin v26.4 - https:\/\/yoast.com\/wordpress\/plugins\/seo\/ -->\n<title>MAN - Nanni Industries<\/title>\n<meta name=\"robots\" content=\"index, follow, max-snippet:-1, max-image-preview:large, max-video-preview:-1\" \/>\n<link rel=\"canonical\" href=\"https:\/\/nannienergy.com\/fr\/produits\/man\/\" \/>\n<meta property=\"og:locale\" content=\"fr_FR\" \/>\n<meta property=\"og:type\" content=\"article\" \/>\n<meta property=\"og:title\" content=\"MAN - Nanni Industries\" \/>\n<meta property=\"og:description\" content=\"[vc_row full_width=\u00a0\u00bbstretch_row_content\u00a0\u00bb el_class=\u00a0\u00bbtitle_content parent\u00a0\u00bb css=\u00a0\u00bb.vc_custom_1692696358569{background-image: url(https:\/\/nannienergy.com\/wp-content\/uploads\/2023\/08\/nanni-moteurs-man-intro.jpg?id=396) !important;background-position: center !important;background-repeat: no-repeat !important;background-size: cover !important;}\u00a0\u00bb][vc_column][vc_column_text el_class=\u00a0\u00bbbreadcrumb\u00a0\u00bb][\/vc_column_text][vc_column_text css_animation=\u00a0\u00bbfadeIn\u00a0\u00bb el_class=\u00a0\u00bbtitle_container\u00a0\u00bb] Moteurs MAN Nanni est le distributeur exclusif des moteurs et g\u00e9n\u00e9rateurs MAN pour la France m\u00e9tropolitaine et les pays francophones.[\/vc_column_text][\/vc_column][\/vc_row][vc_row el_class=\u00a0\u00bbpf_content center\u00a0\u00bb][vc_column][vc_column_text css=\u00a0\u00bb\u00a0\u00bb] Gamme Moteurs MAN [\/vc_column_text][\/vc_column][\/vc_row][vc_row][vc_column][vc_column_text css=\u00a0\u00bb\u00a0\u00bb][\/vc_column_text][\/vc_column][\/vc_row][vc_row el_class=\u00a0\u00bbimg_text_content\u00a0\u00bb][vc_column css_animation=\u00a0\u00bbfadeInLeft\u00a0\u00bb width=\u00a0\u00bb1\/2&Prime;][vc_single_image image=\u00a0\u00bb12188&Prime; img_size=\u00a0\u00bbfull\u00a0\u00bb css=\u00a0\u00bb\u00a0\u00bb][\/vc_column][vc_column css_animation=\u00a0\u00bbfadeInRight\u00a0\u00bb width=\u00a0\u00bb1\/2&Prime;][vc_column_text] Syst\u00e8me SCR La... Voir l&#039;article\" \/>\n<meta property=\"og:url\" content=\"https:\/\/nannienergy.com\/fr\/produits\/man\/\" \/>\n<meta property=\"og:site_name\" content=\"Nanni Industries\" \/>\n<meta property=\"article:modified_time\" content=\"2026-01-29T20:30:14+00:00\" \/>\n<meta name=\"twitter:card\" content=\"summary_large_image\" \/>\n<meta name=\"twitter:label1\" content=\"Dur\u00e9e de lecture estim\u00e9e\" \/>\n\t<meta name=\"twitter:data1\" content=\"2 minutes\" \/>\n<script type=\"application\/ld+json\" class=\"yoast-schema-graph\">{\"@context\":\"https:\/\/schema.org\",\"@graph\":[{\"@type\":\"WebPage\",\"@id\":\"https:\/\/nannienergy.com\/fr\/produits\/man\/\",\"url\":\"https:\/\/nannienergy.com\/fr\/produits\/man\/\",\"name\":\"MAN - Nanni Industries\",\"isPartOf\":{\"@id\":\"https:\/\/nannienergy.com\/fr\/#website\"},\"datePublished\":\"2023-07-20T09:28:42+00:00\",\"dateModified\":\"2026-01-29T20:30:14+00:00\",\"breadcrumb\":{\"@id\":\"https:\/\/nannienergy.com\/fr\/produits\/man\/#breadcrumb\"},\"inLanguage\":\"fr-FR\",\"potentialAction\":[{\"@type\":\"ReadAction\",\"target\":[\"https:\/\/nannienergy.com\/fr\/produits\/man\/\"]}]},{\"@type\":\"BreadcrumbList\",\"@id\":\"https:\/\/nannienergy.com\/fr\/produits\/man\/#breadcrumb\",\"itemListElement\":[{\"@type\":\"ListItem\",\"position\":1,\"name\":\"\",\"item\":\"https:\/\/nannienergy.com\/fr\/\"},{\"@type\":\"ListItem\",\"position\":2,\"name\":\"Produits\",\"item\":\"https:\/\/nannienergy.com\/fr\/produits\/\"},{\"@type\":\"ListItem\",\"position\":3,\"name\":\"MAN\"}]},{\"@type\":\"WebSite\",\"@id\":\"https:\/\/nannienergy.com\/fr\/#website\",\"url\":\"https:\/\/nannienergy.com\/fr\/\",\"name\":\"Nanni Industries\",\"description\":\"\",\"potentialAction\":[{\"@type\":\"SearchAction\",\"target\":{\"@type\":\"EntryPoint\",\"urlTemplate\":\"https:\/\/nannienergy.com\/fr\/?s={search_term_string}\"},\"query-input\":{\"@type\":\"PropertyValueSpecification\",\"valueRequired\":true,\"valueName\":\"search_term_string\"}}],\"inLanguage\":\"fr-FR\"}]}<\/script>\n<!-- \/ Yoast SEO plugin. -->","yoast_head_json":{"title":"MAN - Nanni Industries","robots":{"index":"index","follow":"follow","max-snippet":"max-snippet:-1","max-image-preview":"max-image-preview:large","max-video-preview":"max-video-preview:-1"},"canonical":"https:\/\/nannienergy.com\/fr\/produits\/man\/","og_locale":"fr_FR","og_type":"article","og_title":"MAN - Nanni Industries","og_description":"[vc_row full_width=\u00a0\u00bbstretch_row_content\u00a0\u00bb el_class=\u00a0\u00bbtitle_content parent\u00a0\u00bb css=\u00a0\u00bb.vc_custom_1692696358569{background-image: url(https:\/\/nannienergy.com\/wp-content\/uploads\/2023\/08\/nanni-moteurs-man-intro.jpg?id=396) !important;background-position: center !important;background-repeat: no-repeat !important;background-size: cover !important;}\u00a0\u00bb][vc_column][vc_column_text el_class=\u00a0\u00bbbreadcrumb\u00a0\u00bb][\/vc_column_text][vc_column_text css_animation=\u00a0\u00bbfadeIn\u00a0\u00bb el_class=\u00a0\u00bbtitle_container\u00a0\u00bb] Moteurs MAN Nanni est le distributeur exclusif des moteurs et g\u00e9n\u00e9rateurs MAN pour la France m\u00e9tropolitaine et les pays francophones.[\/vc_column_text][\/vc_column][\/vc_row][vc_row el_class=\u00a0\u00bbpf_content center\u00a0\u00bb][vc_column][vc_column_text css=\u00a0\u00bb\u00a0\u00bb] Gamme Moteurs MAN [\/vc_column_text][\/vc_column][\/vc_row][vc_row][vc_column][vc_column_text css=\u00a0\u00bb\u00a0\u00bb][\/vc_column_text][\/vc_column][\/vc_row][vc_row el_class=\u00a0\u00bbimg_text_content\u00a0\u00bb][vc_column css_animation=\u00a0\u00bbfadeInLeft\u00a0\u00bb width=\u00a0\u00bb1\/2&Prime;][vc_single_image image=\u00a0\u00bb12188&Prime; img_size=\u00a0\u00bbfull\u00a0\u00bb css=\u00a0\u00bb\u00a0\u00bb][\/vc_column][vc_column css_animation=\u00a0\u00bbfadeInRight\u00a0\u00bb width=\u00a0\u00bb1\/2&Prime;][vc_column_text] Syst\u00e8me SCR La... Voir l'article","og_url":"https:\/\/nannienergy.com\/fr\/produits\/man\/","og_site_name":"Nanni Industries","article_modified_time":"2026-01-29T20:30:14+00:00","twitter_card":"summary_large_image","twitter_misc":{"Dur\u00e9e de lecture estim\u00e9e":"2 minutes"},"schema":{"@context":"https:\/\/schema.org","@graph":[{"@type":"WebPage","@id":"https:\/\/nannienergy.com\/fr\/produits\/man\/","url":"https:\/\/nannienergy.com\/fr\/produits\/man\/","name":"MAN - Nanni Industries","isPartOf":{"@id":"https:\/\/nannienergy.com\/fr\/#website"},"datePublished":"2023-07-20T09:28:42+00:00","dateModified":"2026-01-29T20:30:14+00:00","breadcrumb":{"@id":"https:\/\/nannienergy.com\/fr\/produits\/man\/#breadcrumb"},"inLanguage":"fr-FR","potentialAction":[{"@type":"ReadAction","target":["https:\/\/nannienergy.com\/fr\/produits\/man\/"]}]},{"@type":"BreadcrumbList","@id":"https:\/\/nannienergy.com\/fr\/produits\/man\/#breadcrumb","itemListElement":[{"@type":"ListItem","position":1,"name":"","item":"https:\/\/nannienergy.com\/fr\/"},{"@type":"ListItem","position":2,"name":"Produits","item":"https:\/\/nannienergy.com\/fr\/produits\/"},{"@type":"ListItem","position":3,"name":"MAN"}]},{"@type":"WebSite","@id":"https:\/\/nannienergy.com\/fr\/#website","url":"https:\/\/nannienergy.com\/fr\/","name":"Nanni Industries","description":"","potentialAction":[{"@type":"SearchAction","target":{"@type":"EntryPoint","urlTemplate":"https:\/\/nannienergy.com\/fr\/?s={search_term_string}"},"query-input":{"@type":"PropertyValueSpecification","valueRequired":true,"valueName":"search_term_string"}}],"inLanguage":"fr-FR"}]}},"_links":{"self":[{"href":"https:\/\/nannienergy.com\/fr\/wp-json\/wp\/v2\/pages\/26","targetHints":{"allow":["GET"]}}],"collection":[{"href":"https:\/\/nannienergy.com\/fr\/wp-json\/wp\/v2\/pages"}],"about":[{"href":"https:\/\/nannienergy.com\/fr\/wp-json\/wp\/v2\/types\/page"}],"author":[{"embeddable":true,"href":"https:\/\/nannienergy.com\/fr\/wp-json\/wp\/v2\/users\/1"}],"replies":[{"embeddable":true,"href":"https:\/\/nannienergy.com\/fr\/wp-json\/wp\/v2\/comments?post=26"}],"version-history":[{"count":0,"href":"https:\/\/nannienergy.com\/fr\/wp-json\/wp\/v2\/pages\/26\/revisions"}],"up":[{"embeddable":true,"href":"https:\/\/nannienergy.com\/fr\/wp-json\/wp\/v2\/pages\/8"}],"wp:attachment":[{"href":"https:\/\/nannienergy.com\/fr\/wp-json\/wp\/v2\/media?parent=26"}],"curies":[{"name":"wp","href":"https:\/\/api.w.org\/{rel}","templated":true}]}}