{"id":42,"date":"2023-07-20T11:42:12","date_gmt":"2023-07-20T09:42:12","guid":{"rendered":"https:\/\/preprod.nannienergy.com\/?page_id=42"},"modified":"2025-09-03T17:08:51","modified_gmt":"2025-09-03T15:08:51","slug":"piece-de-rechange","status":"publish","type":"page","link":"https:\/\/nannienergy.com\/fr\/service\/piece-de-rechange\/","title":{"rendered":"Pi\u00e8ces de rechange"},"content":{"rendered":"<div class=\"wpb-content-wrapper\"><p>[vc_row full_width=\u00a0\u00bbstretch_row_content\u00a0\u00bb el_class=\u00a0\u00bbtitle_content\u00a0\u00bb css=\u00a0\u00bb.vc_custom_1724944593773{background-image: url(https:\/\/nannienergy.com\/wp-content\/uploads\/2024\/08\/Spare-parts_moteur-nanni.jpg?id=7626) !important;background-position: center !important;background-repeat: no-repeat !important;background-size: cover !important;}\u00a0\u00bb][vc_column][vc_column_text el_class=\u00a0\u00bbbreadcrumb\u00a0\u00bb]<span><span><a href=\"https:\/\/nannienergy.com\/fr\/\"><span class=\"home\"><\/span><\/a><\/span><\/span>[\/vc_column_text][vc_column_text css_animation=\u00a0\u00bbfadeIn\u00a0\u00bb el_class=\u00a0\u00bbtitle_container\u00a0\u00bb]<\/p>\n<h1>Pi\u00e8ces de rechange<\/h1>\n<p>[\/vc_column_text][\/vc_column][\/vc_row][vc_row css_animation=\u00a0\u00bbfadeInUp\u00a0\u00bb el_class=\u00a0\u00bbpadding_content block-txt-img\u00a0\u00bb][vc_column css_animation=\u00a0\u00bbnone\u00a0\u00bb width=\u00a0\u00bb1\/2&Prime;][vc_column_text]<\/p>\n<h2>Poss\u00e9der un moteur Nanni, c\u2019est avoir un bateau \u00e9quip\u00e9 d\u2019un moteur de r\u00e9f\u00e9rence.<\/h2>\n<p>C\u2019est pour cela que rien n\u2019est mieux que les pi\u00e8ces d\u2019origine pour prendre soin de votre investissement. Elles sont \u00e9tudi\u00e9es pour que votre moteur d\u00e9livre son maximum dans des conditions optimales. Seule la pi\u00e8ce d\u2019origine Nanni donne la fiabilit\u00e9 et la s\u00e9curit\u00e9 d\u2019une long\u00e9vit\u00e9 pour votre moteur et permet de minimiser les co\u00fbts de maintenance.[\/vc_column_text][\/vc_column][vc_column width=\u00a0\u00bb1\/2&Prime;][vc_single_image image=\u00a0\u00bb7629&Prime; img_size=\u00a0\u00bbfull\u00a0\u00bb css=\u00a0\u00bb\u00a0\u00bb][\/vc_column][\/vc_row][vc_row css_animation=\u00a0\u00bbfadeIn\u00a0\u00bb el_class=\u00a0\u00bbpadding_content block-txt-img reverse align-center\u00a0\u00bb][vc_column css_animation=\u00a0\u00bbnone\u00a0\u00bb width=\u00a0\u00bb1\/2&Prime;][vc_column_text css=\u00a0\u00bb\u00a0\u00bb el_class=\u00a0\u00bbliste-check\u00a0\u00bb]<\/p>\n<h2>Les b\u00e9n\u00e9fices<\/h2>\n<ul>\n<li>Optimisation de la performance du moteur<\/li>\n<li>Assure la durabilit\u00e9 dans le temps<\/li>\n<li>R\u00e9duction des co\u00fbts d\u2019entretien \u00e0 long terme<\/li>\n<li>R\u00e9duction des consommations d\u2019huile et carburant<\/li>\n<\/ul>\n<p>[\/vc_column_text][\/vc_column][vc_column css_animation=\u00a0\u00bbnone\u00a0\u00bb width=\u00a0\u00bb1\/2&Prime;][vc_single_image image=\u00a0\u00bb11171&Prime; img_size=\u00a0\u00bbfull\u00a0\u00bb css=\u00a0\u00bb\u00a0\u00bb][\/vc_column][\/vc_row][vc_row el_class=\u00a0\u00bbpadding_content block-txt-img\u00a0\u00bb][vc_column css_animation=\u00a0\u00bbfadeInLeft\u00a0\u00bb width=\u00a0\u00bb1\/2&Prime;][vc_column_text css=\u00a0\u00bb\u00a0\u00bb]<\/p>\n<h2>Une logistique optimis\u00e9e<\/h2>\n<p>Chaque jour, nos \u00e9quipes et nos partenaires assurent le maintien de la cha\u00eene logistique NANNI. Nous travaillons avec plusieurs transporteurs depuis plus de 20 ans. Notre \u00e9quipe de pi\u00e8ces de rechange est en contact quotidien avec le r\u00e9seau de service pour r\u00e9pondre \u00e0 l\u2019ensemble des demandes techniques et commerciales et, ainsi, permettre d\u2019offrir un service de qualit\u00e9 sur mesure. Notre objectif est la r\u00e9activit\u00e9 : vous servir dans les meilleurs d\u00e9lais reste notre priorit\u00e9. NANNI propose un stock de plus de 20.000 r\u00e9f\u00e9rences sur son site en France ainsi qu\u2019un important stock disponible aupr\u00e8s notre r\u00e9seau de distribution dans l\u2019hexagone et dans le reste du monde.[\/vc_column_text][\/vc_column][vc_column css_animation=\u00a0\u00bbfadeInRight\u00a0\u00bb width=\u00a0\u00bb1\/2&Prime;][vc_single_image image=\u00a0\u00bb10763&Prime; img_size=\u00a0\u00bbfull\u00a0\u00bb css=\u00a0\u00bb\u00a0\u00bb][\/vc_column][\/vc_row][vc_row css_animation=\u00a0\u00bbfadeIn\u00a0\u00bb el_class=\u00a0\u00bbbandeau_gris padding_content chiffres-cles chiffres-bleu\u00a0\u00bb][vc_column][vc_column_text css=\u00a0\u00bb\u00a0\u00bb]<\/p>\n<h2 style=\"text-align: center;\">Chiffres-cl\u00e9s<\/h2>\n<p>[\/vc_column_text][vc_row_inner][vc_column_inner][vc_column_text css=\u00a0\u00bb\u00a0\u00bb]<strong>1000m\u00b2<\/strong><br \/>\nde magasin [\/vc_column_text][vc_column_text css=\u00a0\u00bb\u00a0\u00bb]<strong>40 000<\/strong><br \/>\nr\u00e9f\u00e9rences en stock pour l&rsquo;apr\u00e8s-vente[\/vc_column_text][vc_column_text css=\u00a0\u00bb\u00a0\u00bb]<strong>100 000<\/strong><br \/>\npi\u00e8ces d\u00e9tach\u00e9es disponibles[\/vc_column_text][vc_column_text css=\u00a0\u00bb\u00a0\u00bb]<strong>20<\/strong><br \/>\ncollaborateurs d\u00e9di\u00e9s [\/vc_column_text][\/vc_column_inner][\/vc_row_inner][\/vc_column][\/vc_row][vc_row css_animation=\u00a0\u00bbfadeInUp\u00a0\u00bb el_class=\u00a0\u00bbpadding_content block-txt-img reverse align-center\u00a0\u00bb][vc_column width=\u00a0\u00bb1\/2&Prime;][vc_column_text]<\/p>\n<h2>Fabricant d\u2019\u00e9quipement marin exp\u00e9riment\u00e9<\/h2>\n<p>Nous offrons des solutions et des produits tels que des commandes \u00e9lectroniques, des joysticks, des tableaux de bord et des alarmes. Vous pouvez profiter d\u2019une offre compl\u00e8te, de la configuration, au param\u00e9trage et jusqu\u2019\u00e0 la livraison. L\u2019installation est faite facilement gr\u00e2ce \u00e0 la conception simple et modulaire. Nous pouvons rapidement d\u00e9terminer les fonctions et adapter chaque syst\u00e8me aux exigences sp\u00e9cifiques des navires. Tous deux, qu\u2019il s\u2019agisse des composants de base ou du fonctionnement des modules de contr\u00f4le, sont rapidement coordonn\u00e9s et programm\u00e9s.[\/vc_column_text][\/vc_column][vc_column width=\u00a0\u00bb1\/2&Prime;][vc_single_image image=\u00a0\u00bb10769&Prime; img_size=\u00a0\u00bbfull\u00a0\u00bb css=\u00a0\u00bb\u00a0\u00bb][\/vc_column][\/vc_row][vc_row el_class=\u00a0\u00bbpadding_content block-txt-img\u00a0\u00bb][vc_column css_animation=\u00a0\u00bbfadeInLeft\u00a0\u00bb width=\u00a0\u00bb1\/2&Prime;][vc_column_text css=\u00a0\u00bb\u00a0\u00bb]<\/p>\n<h2>Pour d\u00e9couvrir toutes les r\u00e9f\u00e9rences de nos produits, vous pouvez t\u00e9l\u00e9charger notre catalogue de pi\u00e8ces d\u00e9tach\u00e9es et d\u2019accessoires de navigation.<\/h2>\n<p>[\/vc_column_text][vc_row_inner el_class=\u00a0\u00bblink_container download\u00a0\u00bb][vc_column_inner][vc_column_text]<img decoding=\"async\" class=\"size-full wp-image-795 alignnone\" role=\"img\" src=\"https:\/\/nannienergy.com\/wp-content\/uploads\/2023\/08\/file.svg\" alt=\"\" \/><\/p>\n<div class=\"fl-r\"><strong>T\u00e9l\u00e9charger le catalogue produits<\/strong><br \/>\n<span class=\"small\">PDF<\/span><\/div>\n<p>[\/vc_column_text][vc_column_text]<a href=\"https:\/\/nannienergy.com\/wp-content\/uploads\/2024\/06\/FR_CatalogueAccessoire_2024.pdf\" target=\"_blank\" rel=\"noopener\">Fran\u00e7ais<\/a> <a href=\"https:\/\/nannienergy.com\/wp-content\/uploads\/2024\/06\/GB_CatalogueAccessoire_2024.pdf\" target=\"_blank\" rel=\"noopener\">English<\/a>[\/vc_column_text][\/vc_column_inner][\/vc_row_inner][\/vc_column][vc_column css_animation=\u00a0\u00bbfadeInRight\u00a0\u00bb width=\u00a0\u00bb1\/2&Prime;][vc_single_image image=\u00a0\u00bb9880&Prime; img_size=\u00a0\u00bblarge\u00a0\u00bb css=\u00a0\u00bb\u00a0\u00bb][\/vc_column][\/vc_row][vc_row css_animation=\u00a0\u00bbfadeInUp\u00a0\u00bb el_class=\u00a0\u00bbbandeau-bleu service\u00a0\u00bb][vc_column css_animation=\u00a0\u00bbnone\u00a0\u00bb][vc_column_text css=\u00a0\u00bb\u00a0\u00bb]<\/p>\n<h2>Poss\u00e9der un moteur Nanni, c\u2019est avoir un bateau \u00e9quip\u00e9 d\u2019un moteur de r\u00e9f\u00e9rence.<\/h2>\n<p>[\/vc_column_text][\/vc_column][\/vc_row][vc_row css_animation=\u00a0\u00bbfadeIn\u00a0\u00bb el_class=\u00a0\u00bbpadding_content block-txt-img reverse gamme-motul\u00a0\u00bb][vc_column css_animation=\u00a0\u00bbnone\u00a0\u00bb width=\u00a0\u00bb1\/2&Prime;][vc_column_text css=\u00a0\u00bb\u00a0\u00bb el_class=\u00a0\u00bbliste-check\u00a0\u00bb]<\/p>\n<h2>D\u00e9couvrez notre gamme d\u2019huiles et de liquides MOTUL pour moteurs et g\u00e9n\u00e9rateurs Nanni<\/h2>\n<p>Nous sommes fiers de vous pr\u00e9senter notre s\u00e9lection exclusive de produits MOTUL, sp\u00e9cialement formul\u00e9s pour r\u00e9pondre aux exigences des moteurs et g\u00e9n\u00e9rateurs de la marque Nanni.<\/p>\n<p>Gr\u00e2ce \u00e0 leur technologie avanc\u00e9e, les huiles et liquides MOTUL offrent :<\/p>\n<ul>\n<li>Une protection sup\u00e9rieure contre l\u2019usure et la corrosion.<\/li>\n<li>Une performance optimale dans toutes les conditions d\u2019utilisation.<\/li>\n<li>Une durabilit\u00e9 prolong\u00e9e, permettant de r\u00e9duire la fr\u00e9quence d\u2019entretien.<\/li>\n<\/ul>\n<p>Que ce soit pour un usage professionnel ou de loisirs, les produits MOTUL garantissent le fonctionnement fiable et efficace de vos moteurs Nanni.<\/p>\n<p>Choisissez MOTUL pour prot\u00e9ger et optimiser vos moteurs Nanni.[\/vc_column_text][\/vc_column][vc_column width=\u00a0\u00bb1\/2&Prime;][vc_single_image image=\u00a0\u00bb8526&Prime; img_size=\u00a0\u00bbfull\u00a0\u00bb css=\u00a0\u00bb.vc_custom_1734083135248{margin-bottom: 70px !important;}\u00a0\u00bb][vc_row_inner el_class=\u00a0\u00bblink_container download\u00a0\u00bb][vc_column_inner][vc_column_text css=\u00a0\u00bb.vc_custom_1734084116530{margin-bottom: 30px !important;}\u00a0\u00bb]<img decoding=\"async\" class=\"size-full wp-image-795 alignnone\" role=\"img\" src=\"https:\/\/nannienergy.com\/wp-content\/uploads\/2023\/08\/file.svg\" alt=\"\" \/><\/p>\n<div class=\"fl-r\"><strong>T\u00e9l\u00e9charger les pr\u00e9conisations MOTEURS<\/strong><br \/>\n<span class=\"small\">PDF<\/span><\/div>\n<p>[\/vc_column_text][vc_column_text css=\u00a0\u00bb.vc_custom_1734086511229{margin-bottom: 0px !important;}\u00a0\u00bb]<a href=\"https:\/\/nannienergy.com\/wp-content\/uploads\/2024\/12\/Preco-Huile-MOT-FRA.pdf\" target=\"_blank\" rel=\"noopener\">Fran\u00e7ais<\/a> <a href=\"https:\/\/nannienergy.com\/wp-content\/uploads\/2024\/12\/Preco-OIL-Engine-EN.pdf\" target=\"_blank\" rel=\"noopener\">English<\/a>[\/vc_column_text][\/vc_column_inner][\/vc_row_inner][vc_row_inner el_class=\u00a0\u00bblink_container download\u00a0\u00bb][vc_column_inner][vc_column_text css=\u00a0\u00bb\u00a0\u00bb]<img decoding=\"async\" class=\"size-full wp-image-795 alignnone\" role=\"img\" src=\"https:\/\/nannienergy.com\/wp-content\/uploads\/2023\/08\/file.svg\" alt=\"\" \/><\/p>\n<div class=\"fl-r\"><strong>T\u00e9l\u00e9charger les pr\u00e9conisations GENERATEURS<\/strong><br \/>\n<span class=\"small\">PDF<\/span><\/div>\n<p>[\/vc_column_text][vc_column_text css=\u00a0\u00bb\u00a0\u00bb]<a href=\"https:\/\/nannienergy.com\/wp-content\/uploads\/2024\/12\/Preco-Huile-GENSET-FRA.pdf\" target=\"_blank\" rel=\"noopener\">Fran\u00e7ais<\/a> <a href=\"https:\/\/nannienergy.com\/wp-content\/uploads\/2024\/12\/Preco-OIL-GENSET-EN.pdf\" target=\"_blank\" rel=\"noopener\">English<\/a>[\/vc_column_text][\/vc_column_inner][\/vc_row_inner][\/vc_column][\/vc_row]<\/p>\n<\/div>","protected":false},"excerpt":{"rendered":"[vc_row full_width=\u00a0\u00bbstretch_row_content\u00a0\u00bb el_class=\u00a0\u00bbtitle_content\u00a0\u00bb css=\u00a0\u00bb.vc_custom_1724944593773{background-image: url(https:\/\/nannienergy.com\/wp-content\/uploads\/2024\/08\/Spare-parts_moteur-nanni.jpg?id=7626) !important;background-position: center !important;background-repeat: no-repeat !important;background-size: cover !important;}\u00a0\u00bb][vc_column][vc_column_text el_class=\u00a0\u00bbbreadcrumb\u00a0\u00bb][\/vc_column_text][vc_column_text css_animation=\u00a0\u00bbfadeIn\u00a0\u00bb el_class=\u00a0\u00bbtitle_container\u00a0\u00bb] Pi\u00e8ces de rechange [\/vc_column_text][\/vc_column][\/vc_row][vc_row css_animation=\u00a0\u00bbfadeInUp\u00a0\u00bb el_class=\u00a0\u00bbpadding_content block-txt-img\u00a0\u00bb][vc_column css_animation=\u00a0\u00bbnone\u00a0\u00bb width=\u00a0\u00bb1\/2&Prime;][vc_column_text] Poss\u00e9der un moteur Nanni, c\u2019est avoir un bateau \u00e9quip\u00e9 d\u2019un moteur de r\u00e9f\u00e9rence. C\u2019est pour cela que rien n\u2019est mieux que les pi\u00e8ces d\u2019origine pour prendre soin de votre investissement. Elles&#8230; <a class=\"view-article\" href=\"https:\/\/nannienergy.com\/fr\/service\/piece-de-rechange\/\">Voir l&rsquo;article<\/a>","protected":false},"author":1,"featured_media":0,"parent":10,"menu_order":0,"comment_status":"closed","ping_status":"closed","template":"","meta":{"_acf_changed":false,"footnotes":""},"class_list":["post-42","page","type-page","status-publish","hentry"],"acf":[],"yoast_head":"<!-- This site is optimized with the Yoast SEO plugin v26.4 - https:\/\/yoast.com\/wordpress\/plugins\/seo\/ -->\n<title>Pi\u00e8ces de rechange - Nanni Industries<\/title>\n<meta name=\"robots\" content=\"index, follow, max-snippet:-1, max-image-preview:large, max-video-preview:-1\" \/>\n<link rel=\"canonical\" href=\"https:\/\/nannienergy.com\/fr\/service\/piece-de-rechange\/\" \/>\n<meta property=\"og:locale\" content=\"fr_FR\" \/>\n<meta property=\"og:type\" content=\"article\" \/>\n<meta property=\"og:title\" content=\"Pi\u00e8ces de rechange - Nanni Industries\" \/>\n<meta property=\"og:description\" content=\"[vc_row full_width=\u00a0\u00bbstretch_row_content\u00a0\u00bb el_class=\u00a0\u00bbtitle_content\u00a0\u00bb css=\u00a0\u00bb.vc_custom_1724944593773{background-image: url(https:\/\/nannienergy.com\/wp-content\/uploads\/2024\/08\/Spare-parts_moteur-nanni.jpg?id=7626) !important;background-position: center !important;background-repeat: no-repeat !important;background-size: cover !important;}\u00a0\u00bb][vc_column][vc_column_text el_class=\u00a0\u00bbbreadcrumb\u00a0\u00bb][\/vc_column_text][vc_column_text css_animation=\u00a0\u00bbfadeIn\u00a0\u00bb el_class=\u00a0\u00bbtitle_container\u00a0\u00bb] Pi\u00e8ces de rechange [\/vc_column_text][\/vc_column][\/vc_row][vc_row css_animation=\u00a0\u00bbfadeInUp\u00a0\u00bb el_class=\u00a0\u00bbpadding_content block-txt-img\u00a0\u00bb][vc_column css_animation=\u00a0\u00bbnone\u00a0\u00bb width=\u00a0\u00bb1\/2&Prime;][vc_column_text] Poss\u00e9der un moteur Nanni, c\u2019est avoir un bateau \u00e9quip\u00e9 d\u2019un moteur de r\u00e9f\u00e9rence. C\u2019est pour cela que rien n\u2019est mieux que les pi\u00e8ces d\u2019origine pour prendre soin de votre investissement. Elles... Voir l&#039;article\" \/>\n<meta property=\"og:url\" content=\"https:\/\/nannienergy.com\/fr\/service\/piece-de-rechange\/\" \/>\n<meta property=\"og:site_name\" content=\"Nanni Industries\" \/>\n<meta property=\"article:modified_time\" content=\"2025-09-03T15:08:51+00:00\" \/>\n<meta property=\"og:image\" content=\"https:\/\/nannienergy.com\/wp-content\/uploads\/2023\/08\/file.svg\" \/>\n<meta name=\"twitter:card\" content=\"summary_large_image\" \/>\n<meta name=\"twitter:label1\" content=\"Dur\u00e9e de lecture estim\u00e9e\" \/>\n\t<meta name=\"twitter:data1\" content=\"5 minutes\" \/>\n<script type=\"application\/ld+json\" class=\"yoast-schema-graph\">{\"@context\":\"https:\/\/schema.org\",\"@graph\":[{\"@type\":\"WebPage\",\"@id\":\"https:\/\/nannienergy.com\/fr\/service\/piece-de-rechange\/\",\"url\":\"https:\/\/nannienergy.com\/fr\/service\/piece-de-rechange\/\",\"name\":\"Pi\u00e8ces de rechange - Nanni Industries\",\"isPartOf\":{\"@id\":\"https:\/\/nannienergy.com\/fr\/#website\"},\"primaryImageOfPage\":{\"@id\":\"https:\/\/nannienergy.com\/fr\/service\/piece-de-rechange\/#primaryimage\"},\"image\":{\"@id\":\"https:\/\/nannienergy.com\/fr\/service\/piece-de-rechange\/#primaryimage\"},\"thumbnailUrl\":\"https:\/\/nannienergy.com\/wp-content\/uploads\/2023\/08\/file.svg\",\"datePublished\":\"2023-07-20T09:42:12+00:00\",\"dateModified\":\"2025-09-03T15:08:51+00:00\",\"breadcrumb\":{\"@id\":\"https:\/\/nannienergy.com\/fr\/service\/piece-de-rechange\/#breadcrumb\"},\"inLanguage\":\"fr-FR\",\"potentialAction\":[{\"@type\":\"ReadAction\",\"target\":[\"https:\/\/nannienergy.com\/fr\/service\/piece-de-rechange\/\"]}]},{\"@type\":\"ImageObject\",\"inLanguage\":\"fr-FR\",\"@id\":\"https:\/\/nannienergy.com\/fr\/service\/piece-de-rechange\/#primaryimage\",\"url\":\"https:\/\/nannienergy.com\/wp-content\/uploads\/2023\/08\/file.svg\",\"contentUrl\":\"https:\/\/nannienergy.com\/wp-content\/uploads\/2023\/08\/file.svg\"},{\"@type\":\"BreadcrumbList\",\"@id\":\"https:\/\/nannienergy.com\/fr\/service\/piece-de-rechange\/#breadcrumb\",\"itemListElement\":[{\"@type\":\"ListItem\",\"position\":1,\"name\":\"\",\"item\":\"https:\/\/nannienergy.com\/fr\/\"},{\"@type\":\"ListItem\",\"position\":2,\"name\":\"Services\",\"item\":\"https:\/\/nannienergy.com\/fr\/service\/\"},{\"@type\":\"ListItem\",\"position\":3,\"name\":\"Pi\u00e8ces de rechange\"}]},{\"@type\":\"WebSite\",\"@id\":\"https:\/\/nannienergy.com\/fr\/#website\",\"url\":\"https:\/\/nannienergy.com\/fr\/\",\"name\":\"Nanni Industries\",\"description\":\"\",\"potentialAction\":[{\"@type\":\"SearchAction\",\"target\":{\"@type\":\"EntryPoint\",\"urlTemplate\":\"https:\/\/nannienergy.com\/fr\/?s={search_term_string}\"},\"query-input\":{\"@type\":\"PropertyValueSpecification\",\"valueRequired\":true,\"valueName\":\"search_term_string\"}}],\"inLanguage\":\"fr-FR\"}]}<\/script>\n<!-- \/ Yoast SEO plugin. -->","yoast_head_json":{"title":"Pi\u00e8ces de rechange - Nanni Industries","robots":{"index":"index","follow":"follow","max-snippet":"max-snippet:-1","max-image-preview":"max-image-preview:large","max-video-preview":"max-video-preview:-1"},"canonical":"https:\/\/nannienergy.com\/fr\/service\/piece-de-rechange\/","og_locale":"fr_FR","og_type":"article","og_title":"Pi\u00e8ces de rechange - Nanni Industries","og_description":"[vc_row full_width=\u00a0\u00bbstretch_row_content\u00a0\u00bb el_class=\u00a0\u00bbtitle_content\u00a0\u00bb css=\u00a0\u00bb.vc_custom_1724944593773{background-image: url(https:\/\/nannienergy.com\/wp-content\/uploads\/2024\/08\/Spare-parts_moteur-nanni.jpg?id=7626) !important;background-position: center !important;background-repeat: no-repeat !important;background-size: cover !important;}\u00a0\u00bb][vc_column][vc_column_text el_class=\u00a0\u00bbbreadcrumb\u00a0\u00bb][\/vc_column_text][vc_column_text css_animation=\u00a0\u00bbfadeIn\u00a0\u00bb el_class=\u00a0\u00bbtitle_container\u00a0\u00bb] Pi\u00e8ces de rechange [\/vc_column_text][\/vc_column][\/vc_row][vc_row css_animation=\u00a0\u00bbfadeInUp\u00a0\u00bb el_class=\u00a0\u00bbpadding_content block-txt-img\u00a0\u00bb][vc_column css_animation=\u00a0\u00bbnone\u00a0\u00bb width=\u00a0\u00bb1\/2&Prime;][vc_column_text] Poss\u00e9der un moteur Nanni, c\u2019est avoir un bateau \u00e9quip\u00e9 d\u2019un moteur de r\u00e9f\u00e9rence. C\u2019est pour cela que rien n\u2019est mieux que les pi\u00e8ces d\u2019origine pour prendre soin de votre investissement. Elles... Voir l'article","og_url":"https:\/\/nannienergy.com\/fr\/service\/piece-de-rechange\/","og_site_name":"Nanni Industries","article_modified_time":"2025-09-03T15:08:51+00:00","og_image":[{"url":"https:\/\/nannienergy.com\/wp-content\/uploads\/2023\/08\/file.svg","type":"","width":"","height":""}],"twitter_card":"summary_large_image","twitter_misc":{"Dur\u00e9e de lecture estim\u00e9e":"5 minutes"},"schema":{"@context":"https:\/\/schema.org","@graph":[{"@type":"WebPage","@id":"https:\/\/nannienergy.com\/fr\/service\/piece-de-rechange\/","url":"https:\/\/nannienergy.com\/fr\/service\/piece-de-rechange\/","name":"Pi\u00e8ces de rechange - Nanni Industries","isPartOf":{"@id":"https:\/\/nannienergy.com\/fr\/#website"},"primaryImageOfPage":{"@id":"https:\/\/nannienergy.com\/fr\/service\/piece-de-rechange\/#primaryimage"},"image":{"@id":"https:\/\/nannienergy.com\/fr\/service\/piece-de-rechange\/#primaryimage"},"thumbnailUrl":"https:\/\/nannienergy.com\/wp-content\/uploads\/2023\/08\/file.svg","datePublished":"2023-07-20T09:42:12+00:00","dateModified":"2025-09-03T15:08:51+00:00","breadcrumb":{"@id":"https:\/\/nannienergy.com\/fr\/service\/piece-de-rechange\/#breadcrumb"},"inLanguage":"fr-FR","potentialAction":[{"@type":"ReadAction","target":["https:\/\/nannienergy.com\/fr\/service\/piece-de-rechange\/"]}]},{"@type":"ImageObject","inLanguage":"fr-FR","@id":"https:\/\/nannienergy.com\/fr\/service\/piece-de-rechange\/#primaryimage","url":"https:\/\/nannienergy.com\/wp-content\/uploads\/2023\/08\/file.svg","contentUrl":"https:\/\/nannienergy.com\/wp-content\/uploads\/2023\/08\/file.svg"},{"@type":"BreadcrumbList","@id":"https:\/\/nannienergy.com\/fr\/service\/piece-de-rechange\/#breadcrumb","itemListElement":[{"@type":"ListItem","position":1,"name":"","item":"https:\/\/nannienergy.com\/fr\/"},{"@type":"ListItem","position":2,"name":"Services","item":"https:\/\/nannienergy.com\/fr\/service\/"},{"@type":"ListItem","position":3,"name":"Pi\u00e8ces de rechange"}]},{"@type":"WebSite","@id":"https:\/\/nannienergy.com\/fr\/#website","url":"https:\/\/nannienergy.com\/fr\/","name":"Nanni Industries","description":"","potentialAction":[{"@type":"SearchAction","target":{"@type":"EntryPoint","urlTemplate":"https:\/\/nannienergy.com\/fr\/?s={search_term_string}"},"query-input":{"@type":"PropertyValueSpecification","valueRequired":true,"valueName":"search_term_string"}}],"inLanguage":"fr-FR"}]}},"_links":{"self":[{"href":"https:\/\/nannienergy.com\/fr\/wp-json\/wp\/v2\/pages\/42","targetHints":{"allow":["GET"]}}],"collection":[{"href":"https:\/\/nannienergy.com\/fr\/wp-json\/wp\/v2\/pages"}],"about":[{"href":"https:\/\/nannienergy.com\/fr\/wp-json\/wp\/v2\/types\/page"}],"author":[{"embeddable":true,"href":"https:\/\/nannienergy.com\/fr\/wp-json\/wp\/v2\/users\/1"}],"replies":[{"embeddable":true,"href":"https:\/\/nannienergy.com\/fr\/wp-json\/wp\/v2\/comments?post=42"}],"version-history":[{"count":0,"href":"https:\/\/nannienergy.com\/fr\/wp-json\/wp\/v2\/pages\/42\/revisions"}],"up":[{"embeddable":true,"href":"https:\/\/nannienergy.com\/fr\/wp-json\/wp\/v2\/pages\/10"}],"wp:attachment":[{"href":"https:\/\/nannienergy.com\/fr\/wp-json\/wp\/v2\/media?parent=42"}],"curies":[{"name":"wp","href":"https:\/\/api.w.org\/{rel}","templated":true}]}}