{"id":44,"date":"2023-07-20T11:42:19","date_gmt":"2023-07-20T09:42:19","guid":{"rendered":"https:\/\/preprod.nannienergy.com\/service\/piece-de-rechange-copy\/"},"modified":"2024-09-04T10:54:20","modified_gmt":"2024-09-04T08:54:20","slug":"garantie","status":"publish","type":"page","link":"https:\/\/nannienergy.com\/fr\/service\/garantie\/","title":{"rendered":"Garantie"},"content":{"rendered":"<div class=\"wpb-content-wrapper\"><p>[vc_row full_width=\u00a0\u00bbstretch_row_content\u00a0\u00bb el_class=\u00a0\u00bbtitle_content\u00a0\u00bb css=\u00a0\u00bb.vc_custom_1725440057541{background-image: url(https:\/\/nannienergy.com\/wp-content\/uploads\/2024\/09\/Garantie_Dubourdieu-nanni.jpg?id=7907) !important;background-position: center !important;background-repeat: no-repeat !important;background-size: cover !important;}\u00a0\u00bb][vc_column][vc_column_text el_class=\u00a0\u00bbbreadcrumb\u00a0\u00bb]<span><span><a href=\"https:\/\/nannienergy.com\/fr\/\"><span class=\"home\"><\/span><\/a><\/span><\/span>[\/vc_column_text][vc_column_text css_animation=\u00a0\u00bbfadeIn\u00a0\u00bb el_class=\u00a0\u00bbtitle_container\u00a0\u00bb]<\/p>\n<h1>Garantie<\/h1>\n<p>[\/vc_column_text][\/vc_column][\/vc_row][vc_row el_class=\u00a0\u00bbpf_content center\u00a0\u00bb][vc_column css_animation=\u00a0\u00bbfadeInUp\u00a0\u00bb][vc_column_text el_class=\u00a0\u00bbintroduction\u00a0\u00bb]<\/p>\n<h2>Retrouvez tous les d\u00e9tails dans le livret de garantie Nanni livr\u00e9 avec le moteur.<\/h2>\n<p>Tous les moteurs Nanni sont d\u00e9livr\u00e9s avec une solide garantie ainsi que l\u2019accompagnement de l\u2019un des plus grands r\u00e9seaux de service de support et de pi\u00e8ces d\u00e9tach\u00e9s, afin que vous puissiez naviguer en toute s\u00e9r\u00e9nit\u00e9.[\/vc_column_text][vc_row_inner el_class=\u00a0\u00bblink_container download\u00a0\u00bb][vc_column_inner][vc_column_text]<img decoding=\"async\" class=\"alignnone size-full wp-image-795\" role=\"img\" src=\"https:\/\/nannienergy.com\/wp-content\/uploads\/2023\/08\/file.svg\" alt=\"\" \/><\/p>\n<div class=\"fl-r\"><strong>T\u00e9l\u00e9charger le Quick Start<\/strong><br \/>\n<span class=\"small\">PDF<\/span><\/div>\n<p>[\/vc_column_text][vc_column_text]<a href=\"https:\/\/nannienergy.com\/wp-content\/uploads\/2023\/09\/quick-stard-nanni.pdf\" target=\"_blank\" rel=\"noopener\">Fran\u00e7ais<\/a>[\/vc_column_text][\/vc_column_inner][\/vc_row_inner][vc_column_text el_class=\u00a0\u00bbtable_container\u00a0\u00bb]En tant que propri\u00e9taire particulier d\u2019un produit Nanni, vous b\u00e9n\u00e9ficiez d\u2019une garantie de base de 24 mois en application plaisance et 12 mois en application professionnelle.<\/p>\n<table style=\"border-collapse: collapse; width: 100%; height: 192px;\">\n<thead>\n<tr>\n<th><\/th>\n<th>Application commerciale l\u00e9g\u00e8re<\/th>\n<th>Application plaisance<\/th>\n<th>CARE+3<\/th>\n<\/tr>\n<\/thead>\n<tbody>\n<tr style=\"height: 120px;\">\n<td style=\"width: 25%; height: 120px;\">D\u00e9finition<\/td>\n<td style=\"width: 25%; height: 120px;\">Utilisation \u00e0 des fins de production de revenus, de service public ou de location<\/td>\n<td style=\"width: 25%; height: 120px;\">Utilisation r\u00e9cr\u00e9ative par les propri\u00e9taires priv\u00e9s<\/td>\n<td style=\"width: 25%; height: 120px;\">Utilisation r\u00e9cr\u00e9ative par les propri\u00e9taires priv\u00e9s<\/td>\n<\/tr>\n<tr style=\"height: 24px;\">\n<td style=\"width: 25%; height: 24px;\">Dur\u00e9e<\/td>\n<td style=\"width: 25%; height: 24px;\">12 Mois (apr\u00e8s validation de l\u2019application)<\/td>\n<td style=\"width: 25%; height: 24px;\">24 mois \/ 1000 heures, rating M5<\/td>\n<td style=\"width: 25%; height: 24px;\">24 + 36 mois \/ 1250 heures pour N2 au T8V. 24+36 \/ 2000Heures Pour N5 au N13 CR3<\/td>\n<\/tr>\n<\/tbody>\n<\/table>\n<p>[\/vc_column_text][vc_row_inner el_class=\u00a0\u00bblink_container download\u00a0\u00bb][vc_column_inner][vc_column_text]<img decoding=\"async\" class=\"alignnone size-full wp-image-795\" role=\"img\" src=\"https:\/\/nannienergy.com\/wp-content\/uploads\/2023\/08\/file.svg\" alt=\"\" \/><\/p>\n<div class=\"fl-r\"><strong>T\u00e9l\u00e9charger le livret de garantie Moteurs Nanni<\/strong><br \/>\n<span class=\"small\">PDF<\/span><\/div>\n<p>[\/vc_column_text][vc_column_text]<a href=\"https:\/\/nannienergy.com\/wp-content\/uploads\/2023\/09\/DFRXXT12001_GARANTIE_MOTEUR_06-2023.pdf\" target=\"_blank\" rel=\"noopener\">Fran\u00e7ais<\/a> <a href=\"https:\/\/nannienergy.com\/wp-content\/uploads\/2023\/09\/DGBXXT12001_ENGINE_WARRANTY_06-2023.pdf\" target=\"_blank\" rel=\"noopener\">English<\/a>[\/vc_column_text][\/vc_column_inner][\/vc_row_inner][vc_row_inner el_class=\u00a0\u00bblink_container download\u00a0\u00bb][vc_column_inner][vc_column_text]<img decoding=\"async\" class=\"alignnone size-full wp-image-795\" role=\"img\" src=\"https:\/\/nannienergy.com\/wp-content\/uploads\/2023\/08\/file.svg\" alt=\"\" \/><\/p>\n<div class=\"fl-r\"><strong>T\u00e9l\u00e9charger le livret de garantie g\u00e9n\u00e9rateurs Nanni<\/strong><br \/>\n<span class=\"small\">PDF<\/span><\/div>\n<p>[\/vc_column_text][vc_column_text]<a href=\"https:\/\/nannienergy.com\/wp-content\/uploads\/2023\/09\/DFRXXT12002_GARANTIE_GROUPE_ELECTROGENE_06-2023.pdf\" target=\"_blank\" rel=\"noopener\">Fran\u00e7ais<\/a> <a href=\"https:\/\/nannienergy.com\/wp-content\/uploads\/2023\/09\/DGBXXT12002_GENSET_WARRANTY_06-2023.pdf\" target=\"_blank\" rel=\"noopener\">English<\/a>[\/vc_column_text][\/vc_column_inner][\/vc_row_inner][vc_column_text el_class=\u00a0\u00bbcol-2&Prime;]<\/p>\n<h2>Les avantages<\/h2>\n<ul>\n<li>Couverture des principaux composants de votre moteur<\/li>\n<li>Transf\u00e9rabilit\u00e9 de propri\u00e9t\u00e9 du moteur<\/li>\n<li>Augmente la valeur de revente de votre yacht<\/li>\n<li>Tranquillit\u00e9 d\u2019esprit au-del\u00e0 de la garantie actuelle<\/li>\n<li>Prot\u00e8ge votre investissement contre les r\u00e9parations impr\u00e9vues<\/li>\n<li>Toute la maintenance est effectu\u00e9e par un partenaire de service NANNI agr\u00e9\u00e9<\/li>\n<li>Seules des pi\u00e8ces d\u2019origine NANNI sont utilis\u00e9es<\/li>\n<\/ul>\n<p>[\/vc_column_text][\/vc_column][\/vc_row][vc_row el_class=\u00a0\u00bbimg_text_content\u00a0\u00bb][vc_column css_animation=\u00a0\u00bbfadeInLeft\u00a0\u00bb width=\u00a0\u00bb1\/2&Prime;][vc_single_image image=\u00a0\u00bb812&Prime; img_size=\u00a0\u00bbfull\u00a0\u00bb][\/vc_column][vc_column css_animation=\u00a0\u00bbfadeInRight\u00a0\u00bb width=\u00a0\u00bb1\/2&Prime;][vc_column_text]<\/p>\n<h2>CARE +3<\/h2>\n<p>Nanni propose \u00e9galement le programme CARE+3 afin de vous offrir la possibilit\u00e9 de souscrire, pour vous et votre investissement, une couverture de trois ann\u00e9es suppl\u00e9mentaires. Pendant cette p\u00e9riode, la garantie se prolonge pendant 36 mois. Avec ce programme, vous aurez l\u2019esprit tranquille pour vos prochaines navigations !<\/p>\n<p><strong>Veuillez contacter votre revendeur Nanni le plus proche. Offre disponible sur demande.<\/strong>[\/vc_column_text][\/vc_column][\/vc_row]<\/p>\n<\/div>","protected":false},"excerpt":{"rendered":"[vc_row full_width=\u00a0\u00bbstretch_row_content\u00a0\u00bb el_class=\u00a0\u00bbtitle_content\u00a0\u00bb css=\u00a0\u00bb.vc_custom_1725440057541{background-image: url(https:\/\/nannienergy.com\/wp-content\/uploads\/2024\/09\/Garantie_Dubourdieu-nanni.jpg?id=7907) !important;background-position: center !important;background-repeat: no-repeat !important;background-size: cover !important;}\u00a0\u00bb][vc_column][vc_column_text el_class=\u00a0\u00bbbreadcrumb\u00a0\u00bb][\/vc_column_text][vc_column_text css_animation=\u00a0\u00bbfadeIn\u00a0\u00bb el_class=\u00a0\u00bbtitle_container\u00a0\u00bb] Garantie [\/vc_column_text][\/vc_column][\/vc_row][vc_row el_class=\u00a0\u00bbpf_content center\u00a0\u00bb][vc_column css_animation=\u00a0\u00bbfadeInUp\u00a0\u00bb][vc_column_text el_class=\u00a0\u00bbintroduction\u00a0\u00bb] Retrouvez tous les d\u00e9tails dans le livret de garantie Nanni livr\u00e9 avec le moteur. Tous les moteurs Nanni sont d\u00e9livr\u00e9s avec une solide garantie ainsi que l\u2019accompagnement de l\u2019un des plus grands r\u00e9seaux de&#8230; <a class=\"view-article\" href=\"https:\/\/nannienergy.com\/fr\/service\/garantie\/\">Voir l&rsquo;article<\/a>","protected":false},"author":1,"featured_media":0,"parent":10,"menu_order":0,"comment_status":"closed","ping_status":"closed","template":"","meta":{"_acf_changed":false,"footnotes":""},"class_list":["post-44","page","type-page","status-publish","hentry"],"acf":[],"yoast_head":"<!-- This site is optimized with the Yoast SEO plugin v26.4 - https:\/\/yoast.com\/wordpress\/plugins\/seo\/ -->\n<title>Garantie - Nanni Industries<\/title>\n<meta name=\"robots\" content=\"index, follow, max-snippet:-1, max-image-preview:large, max-video-preview:-1\" \/>\n<link rel=\"canonical\" href=\"https:\/\/nannienergy.com\/fr\/service\/garantie\/\" \/>\n<meta property=\"og:locale\" content=\"fr_FR\" \/>\n<meta property=\"og:type\" content=\"article\" \/>\n<meta property=\"og:title\" content=\"Garantie - Nanni Industries\" \/>\n<meta property=\"og:description\" content=\"[vc_row full_width=\u00a0\u00bbstretch_row_content\u00a0\u00bb el_class=\u00a0\u00bbtitle_content\u00a0\u00bb css=\u00a0\u00bb.vc_custom_1725440057541{background-image: url(https:\/\/nannienergy.com\/wp-content\/uploads\/2024\/09\/Garantie_Dubourdieu-nanni.jpg?id=7907) !important;background-position: center !important;background-repeat: no-repeat !important;background-size: cover !important;}\u00a0\u00bb][vc_column][vc_column_text el_class=\u00a0\u00bbbreadcrumb\u00a0\u00bb][\/vc_column_text][vc_column_text css_animation=\u00a0\u00bbfadeIn\u00a0\u00bb el_class=\u00a0\u00bbtitle_container\u00a0\u00bb] Garantie [\/vc_column_text][\/vc_column][\/vc_row][vc_row el_class=\u00a0\u00bbpf_content center\u00a0\u00bb][vc_column css_animation=\u00a0\u00bbfadeInUp\u00a0\u00bb][vc_column_text el_class=\u00a0\u00bbintroduction\u00a0\u00bb] Retrouvez tous les d\u00e9tails dans le livret de garantie Nanni livr\u00e9 avec le moteur. Tous les moteurs Nanni sont d\u00e9livr\u00e9s avec une solide garantie ainsi que l\u2019accompagnement de l\u2019un des plus grands r\u00e9seaux de... Voir l&#039;article\" \/>\n<meta property=\"og:url\" content=\"https:\/\/nannienergy.com\/fr\/service\/garantie\/\" \/>\n<meta property=\"og:site_name\" content=\"Nanni Industries\" \/>\n<meta property=\"article:modified_time\" content=\"2024-09-04T08:54:20+00:00\" \/>\n<meta property=\"og:image\" content=\"https:\/\/nannienergy.com\/wp-content\/uploads\/2023\/08\/file.svg\" \/>\n<meta name=\"twitter:card\" content=\"summary_large_image\" \/>\n<meta name=\"twitter:label1\" content=\"Dur\u00e9e de lecture estim\u00e9e\" \/>\n\t<meta name=\"twitter:data1\" content=\"3 minutes\" \/>\n<script type=\"application\/ld+json\" class=\"yoast-schema-graph\">{\"@context\":\"https:\/\/schema.org\",\"@graph\":[{\"@type\":\"WebPage\",\"@id\":\"https:\/\/nannienergy.com\/fr\/service\/garantie\/\",\"url\":\"https:\/\/nannienergy.com\/fr\/service\/garantie\/\",\"name\":\"Garantie - Nanni Industries\",\"isPartOf\":{\"@id\":\"https:\/\/nannienergy.com\/fr\/#website\"},\"primaryImageOfPage\":{\"@id\":\"https:\/\/nannienergy.com\/fr\/service\/garantie\/#primaryimage\"},\"image\":{\"@id\":\"https:\/\/nannienergy.com\/fr\/service\/garantie\/#primaryimage\"},\"thumbnailUrl\":\"https:\/\/nannienergy.com\/wp-content\/uploads\/2023\/08\/file.svg\",\"datePublished\":\"2023-07-20T09:42:19+00:00\",\"dateModified\":\"2024-09-04T08:54:20+00:00\",\"breadcrumb\":{\"@id\":\"https:\/\/nannienergy.com\/fr\/service\/garantie\/#breadcrumb\"},\"inLanguage\":\"fr-FR\",\"potentialAction\":[{\"@type\":\"ReadAction\",\"target\":[\"https:\/\/nannienergy.com\/fr\/service\/garantie\/\"]}]},{\"@type\":\"ImageObject\",\"inLanguage\":\"fr-FR\",\"@id\":\"https:\/\/nannienergy.com\/fr\/service\/garantie\/#primaryimage\",\"url\":\"https:\/\/nannienergy.com\/wp-content\/uploads\/2023\/08\/file.svg\",\"contentUrl\":\"https:\/\/nannienergy.com\/wp-content\/uploads\/2023\/08\/file.svg\"},{\"@type\":\"BreadcrumbList\",\"@id\":\"https:\/\/nannienergy.com\/fr\/service\/garantie\/#breadcrumb\",\"itemListElement\":[{\"@type\":\"ListItem\",\"position\":1,\"name\":\"\",\"item\":\"https:\/\/nannienergy.com\/fr\/\"},{\"@type\":\"ListItem\",\"position\":2,\"name\":\"Services\",\"item\":\"https:\/\/nannienergy.com\/fr\/service\/\"},{\"@type\":\"ListItem\",\"position\":3,\"name\":\"Garantie\"}]},{\"@type\":\"WebSite\",\"@id\":\"https:\/\/nannienergy.com\/fr\/#website\",\"url\":\"https:\/\/nannienergy.com\/fr\/\",\"name\":\"Nanni Industries\",\"description\":\"\",\"potentialAction\":[{\"@type\":\"SearchAction\",\"target\":{\"@type\":\"EntryPoint\",\"urlTemplate\":\"https:\/\/nannienergy.com\/fr\/?s={search_term_string}\"},\"query-input\":{\"@type\":\"PropertyValueSpecification\",\"valueRequired\":true,\"valueName\":\"search_term_string\"}}],\"inLanguage\":\"fr-FR\"}]}<\/script>\n<!-- \/ Yoast SEO plugin. -->","yoast_head_json":{"title":"Garantie - Nanni Industries","robots":{"index":"index","follow":"follow","max-snippet":"max-snippet:-1","max-image-preview":"max-image-preview:large","max-video-preview":"max-video-preview:-1"},"canonical":"https:\/\/nannienergy.com\/fr\/service\/garantie\/","og_locale":"fr_FR","og_type":"article","og_title":"Garantie - Nanni Industries","og_description":"[vc_row full_width=\u00a0\u00bbstretch_row_content\u00a0\u00bb el_class=\u00a0\u00bbtitle_content\u00a0\u00bb css=\u00a0\u00bb.vc_custom_1725440057541{background-image: url(https:\/\/nannienergy.com\/wp-content\/uploads\/2024\/09\/Garantie_Dubourdieu-nanni.jpg?id=7907) !important;background-position: center !important;background-repeat: no-repeat !important;background-size: cover !important;}\u00a0\u00bb][vc_column][vc_column_text el_class=\u00a0\u00bbbreadcrumb\u00a0\u00bb][\/vc_column_text][vc_column_text css_animation=\u00a0\u00bbfadeIn\u00a0\u00bb el_class=\u00a0\u00bbtitle_container\u00a0\u00bb] Garantie [\/vc_column_text][\/vc_column][\/vc_row][vc_row el_class=\u00a0\u00bbpf_content center\u00a0\u00bb][vc_column css_animation=\u00a0\u00bbfadeInUp\u00a0\u00bb][vc_column_text el_class=\u00a0\u00bbintroduction\u00a0\u00bb] Retrouvez tous les d\u00e9tails dans le livret de garantie Nanni livr\u00e9 avec le moteur. Tous les moteurs Nanni sont d\u00e9livr\u00e9s avec une solide garantie ainsi que l\u2019accompagnement de l\u2019un des plus grands r\u00e9seaux de... Voir l'article","og_url":"https:\/\/nannienergy.com\/fr\/service\/garantie\/","og_site_name":"Nanni Industries","article_modified_time":"2024-09-04T08:54:20+00:00","og_image":[{"url":"https:\/\/nannienergy.com\/wp-content\/uploads\/2023\/08\/file.svg","type":"","width":"","height":""}],"twitter_card":"summary_large_image","twitter_misc":{"Dur\u00e9e de lecture estim\u00e9e":"3 minutes"},"schema":{"@context":"https:\/\/schema.org","@graph":[{"@type":"WebPage","@id":"https:\/\/nannienergy.com\/fr\/service\/garantie\/","url":"https:\/\/nannienergy.com\/fr\/service\/garantie\/","name":"Garantie - Nanni Industries","isPartOf":{"@id":"https:\/\/nannienergy.com\/fr\/#website"},"primaryImageOfPage":{"@id":"https:\/\/nannienergy.com\/fr\/service\/garantie\/#primaryimage"},"image":{"@id":"https:\/\/nannienergy.com\/fr\/service\/garantie\/#primaryimage"},"thumbnailUrl":"https:\/\/nannienergy.com\/wp-content\/uploads\/2023\/08\/file.svg","datePublished":"2023-07-20T09:42:19+00:00","dateModified":"2024-09-04T08:54:20+00:00","breadcrumb":{"@id":"https:\/\/nannienergy.com\/fr\/service\/garantie\/#breadcrumb"},"inLanguage":"fr-FR","potentialAction":[{"@type":"ReadAction","target":["https:\/\/nannienergy.com\/fr\/service\/garantie\/"]}]},{"@type":"ImageObject","inLanguage":"fr-FR","@id":"https:\/\/nannienergy.com\/fr\/service\/garantie\/#primaryimage","url":"https:\/\/nannienergy.com\/wp-content\/uploads\/2023\/08\/file.svg","contentUrl":"https:\/\/nannienergy.com\/wp-content\/uploads\/2023\/08\/file.svg"},{"@type":"BreadcrumbList","@id":"https:\/\/nannienergy.com\/fr\/service\/garantie\/#breadcrumb","itemListElement":[{"@type":"ListItem","position":1,"name":"","item":"https:\/\/nannienergy.com\/fr\/"},{"@type":"ListItem","position":2,"name":"Services","item":"https:\/\/nannienergy.com\/fr\/service\/"},{"@type":"ListItem","position":3,"name":"Garantie"}]},{"@type":"WebSite","@id":"https:\/\/nannienergy.com\/fr\/#website","url":"https:\/\/nannienergy.com\/fr\/","name":"Nanni Industries","description":"","potentialAction":[{"@type":"SearchAction","target":{"@type":"EntryPoint","urlTemplate":"https:\/\/nannienergy.com\/fr\/?s={search_term_string}"},"query-input":{"@type":"PropertyValueSpecification","valueRequired":true,"valueName":"search_term_string"}}],"inLanguage":"fr-FR"}]}},"_links":{"self":[{"href":"https:\/\/nannienergy.com\/fr\/wp-json\/wp\/v2\/pages\/44","targetHints":{"allow":["GET"]}}],"collection":[{"href":"https:\/\/nannienergy.com\/fr\/wp-json\/wp\/v2\/pages"}],"about":[{"href":"https:\/\/nannienergy.com\/fr\/wp-json\/wp\/v2\/types\/page"}],"author":[{"embeddable":true,"href":"https:\/\/nannienergy.com\/fr\/wp-json\/wp\/v2\/users\/1"}],"replies":[{"embeddable":true,"href":"https:\/\/nannienergy.com\/fr\/wp-json\/wp\/v2\/comments?post=44"}],"version-history":[{"count":0,"href":"https:\/\/nannienergy.com\/fr\/wp-json\/wp\/v2\/pages\/44\/revisions"}],"up":[{"embeddable":true,"href":"https:\/\/nannienergy.com\/fr\/wp-json\/wp\/v2\/pages\/10"}],"wp:attachment":[{"href":"https:\/\/nannienergy.com\/fr\/wp-json\/wp\/v2\/media?parent=44"}],"curies":[{"name":"wp","href":"https:\/\/api.w.org\/{rel}","templated":true}]}}