{"id":48,"date":"2023-07-20T11:43:58","date_gmt":"2023-07-20T09:43:58","guid":{"rendered":"https:\/\/preprod.nannienergy.com\/service\/documentation-copy\/"},"modified":"2025-10-13T10:06:45","modified_gmt":"2025-10-13T08:06:45","slug":"formations","status":"publish","type":"page","link":"https:\/\/nannienergy.com\/fr\/formations\/","title":{"rendered":"Formations"},"content":{"rendered":"<div class=\"wpb-content-wrapper\"><p>[vc_row full_width=\u00a0\u00bbstretch_row_content\u00a0\u00bb el_class=\u00a0\u00bbtitle_content\u00a0\u00bb css=\u00a0\u00bb.vc_custom_1756290233784{background-image: url(https:\/\/nannienergy.com\/wp-content\/uploads\/2025\/08\/nanni-formations-intro.jpg?id=10978) !important;background-position: center !important;background-repeat: no-repeat !important;background-size: cover !important;}\u00a0\u00bb][vc_column][vc_column_text el_class=\u00a0\u00bbbreadcrumb\u00a0\u00bb]<span><span><a href=\"https:\/\/nannienergy.com\/fr\/\"><span class=\"home\"><\/span><\/a><\/span><\/span>[\/vc_column_text][vc_column_text css_animation=\u00a0\u00bbfadeIn\u00a0\u00bb el_class=\u00a0\u00bbtitle_container\u00a0\u00bb]<\/p>\n<h1>Formations<\/h1>\n<p>[\/vc_column_text][\/vc_column][\/vc_row][vc_row css_animation=\u00a0\u00bbfadeInUp\u00a0\u00bb el_class=\u00a0\u00bbpadding_content formations-3img\u00a0\u00bb][vc_column][vc_column_text css=\u00a0\u00bb\u00a0\u00bb]<\/p>\n<h2>Formations en ligne et en pr\u00e9sentiel avec Nanni Academy<\/h2>\n<p>[\/vc_column_text][vc_row_inner][vc_column_inner width=\u00a0\u00bb1\/3&Prime;][vc_single_image image=\u00a0\u00bb10993&Prime; img_size=\u00a0\u00bb500&#215;357&Prime; css=\u00a0\u00bb\u00a0\u00bb][vc_column_text css=\u00a0\u00bb\u00a0\u00bb]<\/p>\n<h3 style=\"text-align: center;\">Formation en entreprise<\/h3>\n<p style=\"text-align: center;\">Nanni Academy propose des formations techniques afin d&rsquo;am\u00e9liorer le service et la connaissance des produits. Formation pratique avec des experts qualifi\u00e9s, programmes personnalis\u00e9s pour am\u00e9liorer la qualit\u00e9 de nos services.<\/p>\n<p>[\/vc_column_text][\/vc_column_inner][vc_column_inner width=\u00a0\u00bb1\/3&Prime;][vc_single_image image=\u00a0\u00bb10991&Prime; img_size=\u00a0\u00bb500&#215;357&Prime; css=\u00a0\u00bb\u00a0\u00bb][vc_column_text css=\u00a0\u00bb\u00a0\u00bb]<\/p>\n<h3 style=\"text-align: center;\">Plateforme de cours en ligne<\/h3>\n<p style=\"text-align: center;\">Am\u00e9liorez l&rsquo;exp\u00e9rience des cours en ligne, en offrant un environnement d&rsquo;apprentissage robuste et adaptable aux utilisateurs \u00e0 la recherche de ressources \u00e9ducatives compl\u00e8tes.<\/p>\n<p>[\/vc_column_text][\/vc_column_inner][vc_column_inner width=\u00a0\u00bb1\/3&Prime;][vc_single_image image=\u00a0\u00bb10987&Prime; img_size=\u00a0\u00bb500&#215;357&Prime; css=\u00a0\u00bb\u00a0\u00bb][vc_column_text css=\u00a0\u00bb\u00a0\u00bb]<\/p>\n<h3 style=\"text-align: center;\">Formations en pr\u00e9sentiel<\/h3>\n<p style=\"text-align: center;\">Pratiquez sur des simulateurs puis sur des moteurs et des groupes \u00e9lectrog\u00e8nes, avec l&rsquo;aide de notre formateur, et am\u00e9liorez vos connaissances et votre savoir-faire.<\/p>\n<p>[\/vc_column_text][\/vc_column_inner][\/vc_row_inner][\/vc_column][\/vc_row][vc_row css_animation=\u00a0\u00bbfadeIn\u00a0\u00bb el_class=\u00a0\u00bbpadding_content formations-atouts\u00a0\u00bb][vc_column][vc_column_text css=\u00a0\u00bb\u00a0\u00bb]<\/p>\n<h2 style=\"text-align: center;\">Nos atouts<\/h2>\n<p style=\"text-align: center;\">Nanni Academy propose des programmes personnalis\u00e9s avec des experts qualifi\u00e9s, des m\u00e9thodologies innovantes englobant plusieurs caract\u00e9ristiques.<br \/>\nD\u00e9couvrez notre contenu !<\/p>\n<p>[\/vc_column_text][vc_row_inner][vc_column_inner][vc_column_text css=\u00a0\u00bb\u00a0\u00bb]<\/p>\n<h3>Haut niveau d&rsquo;expertise<\/h3>\n<p>La Nanni Academy est r\u00e9put\u00e9e pour son haut niveau d&rsquo;expertise, sa capacit\u00e9 \u00e0 dispenser des formations exceptionnelles et \u00e0 former des professionnels de haut niveau dans l&rsquo;industrie maritime.[\/vc_column_text][vc_column_text css=\u00a0\u00bb\u00a0\u00bb]<\/p>\n<h3>Adaptabilit\u00e9 de l&rsquo;affichage<\/h3>\n<p>Notre plateforme de formation vous offre la possibilit\u00e9 de choisir la mise en page qui vous convient le mieux.[\/vc_column_text][vc_column_text css=\u00a0\u00bb\u00a0\u00bb]<\/p>\n<h3>Multilingue<\/h3>\n<p>Nos cours de formation en ligne sont disponibles en anglais, en fran\u00e7ais et en italien.[\/vc_column_text][vc_column_text css=\u00a0\u00bb\u00a0\u00bb]<\/p>\n<h3>Adapt\u00e9 \u00e0 votre rythme<\/h3>\n<p>Reprenez l\u00e0 o\u00f9 vous vous \u00eates arr\u00eat\u00e9 et regardez les vid\u00e9os autant de fois que vous le souhaitez. Conservez votre acc\u00e8s pour toujours.[\/vc_column_text][\/vc_column_inner][\/vc_row_inner][\/vc_column][\/vc_row][vc_row el_class=\u00a0\u00bbformations-fichier\u00a0\u00bb][vc_column][vc_tta_tabs section_title_tag=\u00a0\u00bbh2&Prime; active_section=\u00a0\u00bb1&Prime; no_fill_content_area=\u00a0\u00bbtrue\u00a0\u00bb][vc_tta_section title=\u00a0\u00bbFormations Nanni\u00a0\u00bb tab_id=\u00a0\u00bbformation_nanni\u00a0\u00bb][vc_row_inner][vc_column_inner width=\u00a0\u00bb1\/2&Prime;][vc_column_text css=\u00a0\u00bb\u00a0\u00bb]<\/p>\n<h2>D\u00e9couvrez le programme<\/h2>\n<p>D\u00e9couvrez nos programmes de formation Nanni et le d\u00e9roul\u00e9 p\u00e9dagogique. Vous trouverez tous les d\u00e9tails dans les documents joints.[\/vc_column_text][\/vc_column_inner][vc_column_inner width=\u00a0\u00bb1\/2&Prime;][vc_column_text css=\u00a0\u00bb\u00a0\u00bb el_class=\u00a0\u00bbdownload\u00a0\u00bb]<img decoding=\"async\" width=\"31\" height=\"38\" class=\"alignnone size-full wp-image-9643\" role=\"img\" src=\"https:\/\/nannienergy.com\/wp-content\/uploads\/2025\/07\/icon_document.svg\" alt=\"\" \/><\/p>\n<div class=\"fl-r\"><strong>Programme de Formation Nanni<\/strong><br \/>\n<span class=\"small\">PDF<\/span><\/div>\n<div><a href=\"https:\/\/nannienergy.com\/wp-content\/uploads\/2025\/02\/PROGRAMME-SIMPLIFIE_NANNI_FR.pdf\" target=\"_blank\" rel=\"noopener\">T\u00e9l\u00e9charger<\/a><\/div>\n<p>[\/vc_column_text][vc_column_text css=\u00a0\u00bb\u00a0\u00bb el_class=\u00a0\u00bbdownload\u00a0\u00bb]<img decoding=\"async\" width=\"31\" height=\"38\" class=\"alignnone size-full wp-image-9643\" role=\"img\" src=\"https:\/\/nannienergy.com\/wp-content\/uploads\/2025\/07\/icon_document.svg\" alt=\"\" \/><\/p>\n<div class=\"fl-r\"><strong>D\u00e9roul\u00e9 p\u00e9dagogique de formation Nanni<\/strong><br \/>\n<span class=\"small\">PDF<\/span><\/div>\n<div>\n<p><a href=\"https:\/\/nannienergy.com\/wp-content\/uploads\/2025\/02\/PROGRAMME-DETAILLE_NANNIv2-1.pdf\" target=\"_blank\" rel=\"noopener\">T\u00e9l\u00e9charger<\/a><\/p>\n<\/div>\n<p>[\/vc_column_text][\/vc_column_inner][\/vc_row_inner][\/vc_tta_section][vc_tta_section title=\u00a0\u00bbFormations MAN\u00a0\u00bb tab_id=\u00a0\u00bbformation_man\u00a0\u00bb][vc_row_inner][vc_column_inner width=\u00a0\u00bb1\/2&Prime;][vc_column_text css=\u00a0\u00bb\u00a0\u00bb]<\/p>\n<h2>D\u00e9couvrez le programme<\/h2>\n<p>D\u00e9couvrez nos programmes de formation MAN et le d\u00e9roul\u00e9 p\u00e9dagogique. Vous trouverez tous les d\u00e9tails dans les documents joints.[\/vc_column_text][\/vc_column_inner][vc_column_inner width=\u00a0\u00bb1\/2&Prime;][vc_column_text css=\u00a0\u00bb\u00a0\u00bb el_class=\u00a0\u00bbdownload\u00a0\u00bb]<img decoding=\"async\" width=\"31\" height=\"38\" class=\"alignnone size-full wp-image-9643\" role=\"img\" src=\"https:\/\/nannienergy.com\/wp-content\/uploads\/2025\/07\/icon_document.svg\" alt=\"\" \/><\/p>\n<div class=\"fl-r\"><strong>Programme de formation MAN<\/strong><br \/>\n<span class=\"small\">PDF<\/span><\/div>\n<div>\n<p><a href=\"https:\/\/nannienergy.com\/wp-content\/uploads\/2025\/02\/PROGRAMME-SIMPLIFIE_MAN-v2-1.pdf\" target=\"_blank\" rel=\"noopener\">T\u00e9l\u00e9charger<\/a><\/p>\n<\/div>\n<p>[\/vc_column_text][vc_column_text css=\u00a0\u00bb\u00a0\u00bb el_class=\u00a0\u00bbdownload\u00a0\u00bb]<img decoding=\"async\" width=\"31\" height=\"38\" class=\"alignnone size-full wp-image-9643\" role=\"img\" src=\"https:\/\/nannienergy.com\/wp-content\/uploads\/2025\/07\/icon_document.svg\" alt=\"\" \/><\/p>\n<div class=\"fl-r\"><strong>D\u00e9roul\u00e9 p\u00e9dagogique de formation MAN\u00a0<\/strong><br \/>\n<span class=\"small\">PDF<\/span><\/div>\n<div>\n<p><a href=\"https:\/\/nannienergy.com\/wp-content\/uploads\/2025\/02\/PROGRAMME-DETAILLE_MAN.pdf\" target=\"_blank\" rel=\"noopener\">T\u00e9l\u00e9charger<\/a><\/p>\n<\/div>\n<p>[\/vc_column_text][\/vc_column_inner][\/vc_row_inner][\/vc_tta_section][\/vc_tta_tabs][\/vc_column][\/vc_row][vc_row css_animation=\u00a0\u00bbfadeIn\u00a0\u00bb el_class=\u00a0\u00bbbandeau_gris padding_content chiffres-cles\u00a0\u00bb][vc_column][vc_column_text css=\u00a0\u00bb\u00a0\u00bb]<\/p>\n<h2 style=\"text-align: center;\">Chiffres-cl\u00e9s<\/h2>\n<p>[\/vc_column_text][vc_row_inner][vc_column_inner][vc_column_text css=\u00a0\u00bb\u00a0\u00bb]<\/p>\n<h3>Taux de Satisfaction*<\/h3>\n<p><strong>100%<\/strong> en France<\/p>\n<p><strong>100%<\/strong> \u00e0 l&rsquo;export[\/vc_column_text][vc_column_text css=\u00a0\u00bb\u00a0\u00bb]<\/p>\n<h3>Personnes inscrites<\/h3>\n<p><strong>88<\/strong> en France<\/p>\n<p><strong>307<\/strong> \u00e0 l&rsquo;export[\/vc_column_text][vc_column_text css=\u00a0\u00bb\u00a0\u00bb]<\/p>\n<h3>Taux d&rsquo;abandon<\/h3>\n<p><strong>0%<\/strong> en France<br \/>\n<strong>0%<\/strong> \u00e0 l&rsquo;export[\/vc_column_text][vc_column_text css=\u00a0\u00bb\u00a0\u00bb]<\/p>\n<h3>Statut service<\/h3>\n<p><strong>12<\/strong> en France<br \/>\n<strong>31<\/strong> \u00e0 l&rsquo;export[\/vc_column_text][vc_column_text css=\u00a0\u00bb\u00a0\u00bb]<\/p>\n<h3>Statut service expert<\/h3>\n<p><strong>23<\/strong>\u00a0en France<br \/>\n<strong>49<\/strong>\u00a0\u00e0 l&rsquo;export[\/vc_column_text][\/vc_column_inner][\/vc_row_inner][\/vc_column][\/vc_row][vc_row el_class=\u00a0\u00bbcertifications\u00a0\u00bb][vc_column css_animation=\u00a0\u00bbfadeInLeft\u00a0\u00bb width=\u00a0\u00bb1\/2&Prime;][vc_column_text css=\u00a0\u00bb\u00a0\u00bb]<\/p>\n<h2>Certification &amp; inscription<\/h2>\n<p>Si vous \u00eates en situation de handicap, il faudra imp\u00e9rativement compl\u00e9ter la partie PSH\u00a0Personne en Situation de Handicap\u00a0en fin de questionnaire.<\/p>\n<p>Pour toute r\u00e9clamation, apr\u00e8s avoir pris connaissance de la proc\u00e9dure, veuillez compl\u00e9ter la proc\u00e9dure de gestion des r\u00e9clamations.[\/vc_column_text][\/vc_column][vc_column css_animation=\u00a0\u00bbfadeInRight\u00a0\u00bb width=\u00a0\u00bb1\/2&Prime;][vc_column_text css=\u00a0\u00bb\u00a0\u00bb el_class=\u00a0\u00bbdownload\u00a0\u00bb]<img decoding=\"async\" width=\"31\" height=\"38\" class=\"alignnone size-full wp-image-9643\" role=\"img\" src=\"https:\/\/nannienergy.com\/wp-content\/uploads\/2025\/07\/icon_document.svg\" alt=\"\" \/><\/p>\n<div class=\"fl-r\"><strong>Certification QUALIOPI<\/strong><br \/>\n<span class=\"small\">PDF<\/span><\/div>\n<div><a href=\"https:\/\/nannienergy.com\/wp-content\/uploads\/2025\/03\/24039710-NANNI-INDUSTRIES-Certificat-QUALIOPI-V1.pdf\" target=\"_blank\" rel=\"noopener\">T\u00e9l\u00e9charger<\/a><\/div>\n<p>[\/vc_column_text][vc_column_text css=\u00a0\u00bb\u00a0\u00bb el_class=\u00a0\u00bbdownload\u00a0\u00bb]<img decoding=\"async\" width=\"31\" height=\"38\" class=\"alignnone size-full wp-image-9643\" role=\"img\" src=\"https:\/\/nannienergy.com\/wp-content\/uploads\/2025\/07\/icon_document.svg\" alt=\"\" \/><\/p>\n<div class=\"fl-r\"><strong>Remplir le formulaire d&rsquo;inscription sur NSP (Nanni Service Portal)<\/strong><br \/>\n<span class=\"small\">En ligne<\/span><\/div>\n<div><a href=\"https:\/\/doc.nsp.nanni.network\/home-page\/inscription\/?lang=en\" target=\"_blank\" rel=\"noopener\">Remplir en ligne<\/a><\/div>\n<p>[\/vc_column_text][vc_column_text css=\u00a0\u00bb\u00a0\u00bb el_class=\u00a0\u00bbdownload\u00a0\u00bb]<img decoding=\"async\" width=\"31\" height=\"38\" class=\"alignnone size-full wp-image-9643\" role=\"img\" src=\"https:\/\/nannienergy.com\/wp-content\/uploads\/2025\/07\/icon_document.svg\" alt=\"\" \/><\/p>\n<div class=\"fl-r\"><strong>T\u00e9l\u00e9charger la proc\u00e9dure de gestion des r\u00e9clamations<\/strong><br \/>\n<span class=\"small\">PDF<\/span><\/div>\n<div>\n<p><a href=\"https:\/\/nannienergy.com\/wp-content\/uploads\/2023\/08\/Procedure-et-formulaire-reclamation-nanni.pdf\">T\u00e9l\u00e9charger<\/a><\/p>\n<\/div>\n<p>[\/vc_column_text][\/vc_column][\/vc_row][vc_row][vc_column][vc_column_text css=\u00a0\u00bb\u00a0\u00bb]<div class=\"temoignages_content\"><h2>Ils ont suivi les formations, ils t\u00e9moignent<\/h2><div class=\"temoignages_loop swiper\"><div class=\"swiper-wrapper\"><div class=\"item-temoignage swiper-slide\"><p>Bonne formation<\/p> <div class=\"note note-5-5\"><span class=\"etoile\"><\/span><span class=\"etoile\"><\/span><span class=\"etoile\"><\/span><span class=\"etoile\"><\/span><span class=\"etoile\"><\/span><\/div> <\/div><div class=\"item-temoignage swiper-slide\"><p>Formation tr\u00e8s int\u00e9ressante<\/p> <div class=\"note note-5-5\"><span class=\"etoile\"><\/span><span class=\"etoile\"><\/span><span class=\"etoile\"><\/span><span class=\"etoile\"><\/span><span class=\"etoile\"><\/span><\/div> <\/div><div class=\"item-temoignage swiper-slide\"><p>Tr\u00e8s bons courts, bon instructeur<\/p> <div class=\"note note-5-5\"><span class=\"etoile\"><\/span><span class=\"etoile\"><\/span><span class=\"etoile\"><\/span><span class=\"etoile\"><\/span><span class=\"etoile\"><\/span><\/div> <\/div><div class=\"item-temoignage swiper-slide\"><p>Bon outil de diagnostic, je vais pouvoir m\u2019en servir<\/p> <div class=\"note note-5-5\"><span class=\"etoile\"><\/span><span class=\"etoile\"><\/span><span class=\"etoile\"><\/span><span class=\"etoile\"><\/span><span class=\"etoile\"><\/span><\/div> <\/div><\/div><\/div><\/div>[\/vc_column_text][\/vc_column][\/vc_row][vc_row css_animation=\u00a0\u00bbnone\u00a0\u00bb el_class=\u00a0\u00bb.bandeau-bleu-img-bg\u00a0\u00bb][vc_column css_animation=\u00a0\u00bbfadeInLeft\u00a0\u00bb width=\u00a0\u00bb1\/2&Prime;][vc_single_image image=\u00a0\u00bb9840&Prime; img_size=\u00a0\u00bbfull\u00a0\u00bb css=\u00a0\u00bb\u00a0\u00bb][vc_column_text css=\u00a0\u00bb\u00a0\u00bb]<\/p>\n<h2>Retrouvez notre site e-learning<\/h2>\n<p>[\/vc_column_text][\/vc_column][vc_column css_animation=\u00a0\u00bbfadeInRight\u00a0\u00bb width=\u00a0\u00bb1\/2&Prime;][vc_column_text css=\u00a0\u00bb\u00a0\u00bb]Acc\u00e8s au site e-learning<\/p>\n<p><a class=\"button tertiary\" href=\"https:\/\/e-learning.nannienergy.com\/\">En savoir plus<\/a>[\/vc_column_text][\/vc_column][\/vc_row][vc_row css_animation=\u00a0\u00bbfadeIn\u00a0\u00bb el_class=\u00a0\u00bbformation-block-contact padding_content\u00a0\u00bb][vc_column css_animation=\u00a0\u00bbfadeInLeft\u00a0\u00bb][vc_column_text css=\u00a0\u00bb\u00a0\u00bb]<\/p>\n<h2 style=\"text-align: center;\">Contacter notre \u00e9quipe<\/h2>\n<p style=\"text-align: center;\">Axel Moreau, contact p\u00e9dagogique et PSH et Charline Brune, contact administratif et commercial se tiennent disponible par mail <a href=\"mailto:training@nannienergy.com\">training@nannienergy.com<\/a> et par t\u00e9l\u00e9phone <a href=\"tel:+33556223060\">+33 5 56 22 30 60<\/a>.<\/p>\n<p>[\/vc_column_text][\/vc_column][\/vc_row]<\/p>\n<\/div>","protected":false},"excerpt":{"rendered":"[vc_row full_width=\u00a0\u00bbstretch_row_content\u00a0\u00bb el_class=\u00a0\u00bbtitle_content\u00a0\u00bb css=\u00a0\u00bb.vc_custom_1756290233784{background-image: url(https:\/\/nannienergy.com\/wp-content\/uploads\/2025\/08\/nanni-formations-intro.jpg?id=10978) !important;background-position: center !important;background-repeat: no-repeat !important;background-size: cover !important;}\u00a0\u00bb][vc_column][vc_column_text el_class=\u00a0\u00bbbreadcrumb\u00a0\u00bb][\/vc_column_text][vc_column_text css_animation=\u00a0\u00bbfadeIn\u00a0\u00bb el_class=\u00a0\u00bbtitle_container\u00a0\u00bb] Formations [\/vc_column_text][\/vc_column][\/vc_row][vc_row css_animation=\u00a0\u00bbfadeInUp\u00a0\u00bb el_class=\u00a0\u00bbpadding_content formations-3img\u00a0\u00bb][vc_column][vc_column_text css=\u00a0\u00bb\u00a0\u00bb] Formations en ligne et en pr\u00e9sentiel avec Nanni Academy [\/vc_column_text][vc_row_inner][vc_column_inner width=\u00a0\u00bb1\/3&Prime;][vc_single_image image=\u00a0\u00bb10993&Prime; img_size=\u00a0\u00bb500&#215;357&Prime; css=\u00a0\u00bb\u00a0\u00bb][vc_column_text css=\u00a0\u00bb\u00a0\u00bb] Formation en entreprise Nanni Academy propose des formations techniques afin d&rsquo;am\u00e9liorer le service et la connaissance des produits. Formation&#8230; <a class=\"view-article\" href=\"https:\/\/nannienergy.com\/fr\/formations\/\">Voir l&rsquo;article<\/a>","protected":false},"author":1,"featured_media":0,"parent":0,"menu_order":0,"comment_status":"closed","ping_status":"closed","template":"","meta":{"_acf_changed":false,"footnotes":""},"class_list":["post-48","page","type-page","status-publish","hentry"],"acf":[],"yoast_head":"<!-- This site is optimized with the Yoast SEO plugin v26.4 - https:\/\/yoast.com\/wordpress\/plugins\/seo\/ -->\n<title>Formations - Nanni Industries<\/title>\n<meta name=\"robots\" content=\"index, follow, max-snippet:-1, max-image-preview:large, max-video-preview:-1\" \/>\n<link rel=\"canonical\" href=\"https:\/\/nannienergy.com\/fr\/formations\/\" \/>\n<meta property=\"og:locale\" content=\"fr_FR\" \/>\n<meta property=\"og:type\" content=\"article\" \/>\n<meta property=\"og:title\" content=\"Formations - Nanni Industries\" \/>\n<meta property=\"og:description\" content=\"[vc_row full_width=\u00a0\u00bbstretch_row_content\u00a0\u00bb el_class=\u00a0\u00bbtitle_content\u00a0\u00bb css=\u00a0\u00bb.vc_custom_1756290233784{background-image: url(https:\/\/nannienergy.com\/wp-content\/uploads\/2025\/08\/nanni-formations-intro.jpg?id=10978) !important;background-position: center !important;background-repeat: no-repeat !important;background-size: cover !important;}\u00a0\u00bb][vc_column][vc_column_text el_class=\u00a0\u00bbbreadcrumb\u00a0\u00bb][\/vc_column_text][vc_column_text css_animation=\u00a0\u00bbfadeIn\u00a0\u00bb el_class=\u00a0\u00bbtitle_container\u00a0\u00bb] Formations [\/vc_column_text][\/vc_column][\/vc_row][vc_row css_animation=\u00a0\u00bbfadeInUp\u00a0\u00bb el_class=\u00a0\u00bbpadding_content formations-3img\u00a0\u00bb][vc_column][vc_column_text css=\u00a0\u00bb\u00a0\u00bb] Formations en ligne et en pr\u00e9sentiel avec Nanni Academy [\/vc_column_text][vc_row_inner][vc_column_inner width=\u00a0\u00bb1\/3&Prime;][vc_single_image image=\u00a0\u00bb10993&Prime; img_size=\u00a0\u00bb500&#215;357&Prime; css=\u00a0\u00bb\u00a0\u00bb][vc_column_text css=\u00a0\u00bb\u00a0\u00bb] Formation en entreprise Nanni Academy propose des formations techniques afin d&rsquo;am\u00e9liorer le service et la connaissance des produits. Formation... Voir l&#039;article\" \/>\n<meta property=\"og:url\" content=\"https:\/\/nannienergy.com\/fr\/formations\/\" \/>\n<meta property=\"og:site_name\" content=\"Nanni Industries\" \/>\n<meta property=\"article:modified_time\" content=\"2025-10-13T08:06:45+00:00\" \/>\n<meta property=\"og:image\" content=\"https:\/\/nannienergy.com\/wp-content\/uploads\/2025\/07\/icon_document.svg\" \/>\n<meta name=\"twitter:card\" content=\"summary_large_image\" \/>\n<meta name=\"twitter:label1\" content=\"Dur\u00e9e de lecture estim\u00e9e\" \/>\n\t<meta name=\"twitter:data1\" content=\"6 minutes\" \/>\n<script type=\"application\/ld+json\" class=\"yoast-schema-graph\">{\"@context\":\"https:\/\/schema.org\",\"@graph\":[{\"@type\":\"WebPage\",\"@id\":\"https:\/\/nannienergy.com\/fr\/formations\/\",\"url\":\"https:\/\/nannienergy.com\/fr\/formations\/\",\"name\":\"Formations - Nanni Industries\",\"isPartOf\":{\"@id\":\"https:\/\/nannienergy.com\/fr\/#website\"},\"primaryImageOfPage\":{\"@id\":\"https:\/\/nannienergy.com\/fr\/formations\/#primaryimage\"},\"image\":{\"@id\":\"https:\/\/nannienergy.com\/fr\/formations\/#primaryimage\"},\"thumbnailUrl\":\"https:\/\/nannienergy.com\/wp-content\/uploads\/2025\/07\/icon_document.svg\",\"datePublished\":\"2023-07-20T09:43:58+00:00\",\"dateModified\":\"2025-10-13T08:06:45+00:00\",\"breadcrumb\":{\"@id\":\"https:\/\/nannienergy.com\/fr\/formations\/#breadcrumb\"},\"inLanguage\":\"fr-FR\",\"potentialAction\":[{\"@type\":\"ReadAction\",\"target\":[\"https:\/\/nannienergy.com\/fr\/formations\/\"]}]},{\"@type\":\"ImageObject\",\"inLanguage\":\"fr-FR\",\"@id\":\"https:\/\/nannienergy.com\/fr\/formations\/#primaryimage\",\"url\":\"https:\/\/nannienergy.com\/wp-content\/uploads\/2025\/07\/icon_document.svg\",\"contentUrl\":\"https:\/\/nannienergy.com\/wp-content\/uploads\/2025\/07\/icon_document.svg\"},{\"@type\":\"BreadcrumbList\",\"@id\":\"https:\/\/nannienergy.com\/fr\/formations\/#breadcrumb\",\"itemListElement\":[{\"@type\":\"ListItem\",\"position\":1,\"name\":\"\",\"item\":\"https:\/\/nannienergy.com\/fr\/\"},{\"@type\":\"ListItem\",\"position\":2,\"name\":\"Formations\"}]},{\"@type\":\"WebSite\",\"@id\":\"https:\/\/nannienergy.com\/fr\/#website\",\"url\":\"https:\/\/nannienergy.com\/fr\/\",\"name\":\"Nanni Industries\",\"description\":\"\",\"potentialAction\":[{\"@type\":\"SearchAction\",\"target\":{\"@type\":\"EntryPoint\",\"urlTemplate\":\"https:\/\/nannienergy.com\/fr\/?s={search_term_string}\"},\"query-input\":{\"@type\":\"PropertyValueSpecification\",\"valueRequired\":true,\"valueName\":\"search_term_string\"}}],\"inLanguage\":\"fr-FR\"}]}<\/script>\n<!-- \/ Yoast SEO plugin. -->","yoast_head_json":{"title":"Formations - Nanni Industries","robots":{"index":"index","follow":"follow","max-snippet":"max-snippet:-1","max-image-preview":"max-image-preview:large","max-video-preview":"max-video-preview:-1"},"canonical":"https:\/\/nannienergy.com\/fr\/formations\/","og_locale":"fr_FR","og_type":"article","og_title":"Formations - Nanni Industries","og_description":"[vc_row full_width=\u00a0\u00bbstretch_row_content\u00a0\u00bb el_class=\u00a0\u00bbtitle_content\u00a0\u00bb css=\u00a0\u00bb.vc_custom_1756290233784{background-image: url(https:\/\/nannienergy.com\/wp-content\/uploads\/2025\/08\/nanni-formations-intro.jpg?id=10978) !important;background-position: center !important;background-repeat: no-repeat !important;background-size: cover !important;}\u00a0\u00bb][vc_column][vc_column_text el_class=\u00a0\u00bbbreadcrumb\u00a0\u00bb][\/vc_column_text][vc_column_text css_animation=\u00a0\u00bbfadeIn\u00a0\u00bb el_class=\u00a0\u00bbtitle_container\u00a0\u00bb] Formations [\/vc_column_text][\/vc_column][\/vc_row][vc_row css_animation=\u00a0\u00bbfadeInUp\u00a0\u00bb el_class=\u00a0\u00bbpadding_content formations-3img\u00a0\u00bb][vc_column][vc_column_text css=\u00a0\u00bb\u00a0\u00bb] Formations en ligne et en pr\u00e9sentiel avec Nanni Academy [\/vc_column_text][vc_row_inner][vc_column_inner width=\u00a0\u00bb1\/3&Prime;][vc_single_image image=\u00a0\u00bb10993&Prime; img_size=\u00a0\u00bb500&#215;357&Prime; css=\u00a0\u00bb\u00a0\u00bb][vc_column_text css=\u00a0\u00bb\u00a0\u00bb] Formation en entreprise Nanni Academy propose des formations techniques afin d&rsquo;am\u00e9liorer le service et la connaissance des produits. Formation... Voir l'article","og_url":"https:\/\/nannienergy.com\/fr\/formations\/","og_site_name":"Nanni Industries","article_modified_time":"2025-10-13T08:06:45+00:00","og_image":[{"url":"https:\/\/nannienergy.com\/wp-content\/uploads\/2025\/07\/icon_document.svg","type":"","width":"","height":""}],"twitter_card":"summary_large_image","twitter_misc":{"Dur\u00e9e de lecture estim\u00e9e":"6 minutes"},"schema":{"@context":"https:\/\/schema.org","@graph":[{"@type":"WebPage","@id":"https:\/\/nannienergy.com\/fr\/formations\/","url":"https:\/\/nannienergy.com\/fr\/formations\/","name":"Formations - Nanni Industries","isPartOf":{"@id":"https:\/\/nannienergy.com\/fr\/#website"},"primaryImageOfPage":{"@id":"https:\/\/nannienergy.com\/fr\/formations\/#primaryimage"},"image":{"@id":"https:\/\/nannienergy.com\/fr\/formations\/#primaryimage"},"thumbnailUrl":"https:\/\/nannienergy.com\/wp-content\/uploads\/2025\/07\/icon_document.svg","datePublished":"2023-07-20T09:43:58+00:00","dateModified":"2025-10-13T08:06:45+00:00","breadcrumb":{"@id":"https:\/\/nannienergy.com\/fr\/formations\/#breadcrumb"},"inLanguage":"fr-FR","potentialAction":[{"@type":"ReadAction","target":["https:\/\/nannienergy.com\/fr\/formations\/"]}]},{"@type":"ImageObject","inLanguage":"fr-FR","@id":"https:\/\/nannienergy.com\/fr\/formations\/#primaryimage","url":"https:\/\/nannienergy.com\/wp-content\/uploads\/2025\/07\/icon_document.svg","contentUrl":"https:\/\/nannienergy.com\/wp-content\/uploads\/2025\/07\/icon_document.svg"},{"@type":"BreadcrumbList","@id":"https:\/\/nannienergy.com\/fr\/formations\/#breadcrumb","itemListElement":[{"@type":"ListItem","position":1,"name":"","item":"https:\/\/nannienergy.com\/fr\/"},{"@type":"ListItem","position":2,"name":"Formations"}]},{"@type":"WebSite","@id":"https:\/\/nannienergy.com\/fr\/#website","url":"https:\/\/nannienergy.com\/fr\/","name":"Nanni Industries","description":"","potentialAction":[{"@type":"SearchAction","target":{"@type":"EntryPoint","urlTemplate":"https:\/\/nannienergy.com\/fr\/?s={search_term_string}"},"query-input":{"@type":"PropertyValueSpecification","valueRequired":true,"valueName":"search_term_string"}}],"inLanguage":"fr-FR"}]}},"_links":{"self":[{"href":"https:\/\/nannienergy.com\/fr\/wp-json\/wp\/v2\/pages\/48","targetHints":{"allow":["GET"]}}],"collection":[{"href":"https:\/\/nannienergy.com\/fr\/wp-json\/wp\/v2\/pages"}],"about":[{"href":"https:\/\/nannienergy.com\/fr\/wp-json\/wp\/v2\/types\/page"}],"author":[{"embeddable":true,"href":"https:\/\/nannienergy.com\/fr\/wp-json\/wp\/v2\/users\/1"}],"replies":[{"embeddable":true,"href":"https:\/\/nannienergy.com\/fr\/wp-json\/wp\/v2\/comments?post=48"}],"version-history":[{"count":0,"href":"https:\/\/nannienergy.com\/fr\/wp-json\/wp\/v2\/pages\/48\/revisions"}],"wp:attachment":[{"href":"https:\/\/nannienergy.com\/fr\/wp-json\/wp\/v2\/media?parent=48"}],"curies":[{"name":"wp","href":"https:\/\/api.w.org\/{rel}","templated":true}]}}