{"id":54,"date":"2023-07-20T11:44:54","date_gmt":"2023-07-20T09:44:54","guid":{"rendered":"https:\/\/preprod.nannienergy.com\/?page_id=54"},"modified":"2026-01-12T11:44:33","modified_gmt":"2026-01-12T10:44:33","slug":"nous-rejoindre","status":"publish","type":"page","link":"https:\/\/nannienergy.com\/fr\/nous-rejoindre\/","title":{"rendered":"Travailler chez Nanni"},"content":{"rendered":"<div class=\"wpb-content-wrapper\"><p>[vc_row full_width=\u00a0\u00bbstretch_row_content\u00a0\u00bb el_class=\u00a0\u00bbtitle_content\u00a0\u00bb css=\u00a0\u00bb.vc_custom_1756826829454{background-image: url(https:\/\/nannienergy.com\/wp-content\/uploads\/2025\/09\/Design-sans-titre-1.png?id=11150) !important;background-position: center !important;background-repeat: no-repeat !important;background-size: cover !important;}\u00a0\u00bb][vc_column][vc_column_text el_class=\u00a0\u00bbbreadcrumb\u00a0\u00bb]<span><span><a href=\"https:\/\/nannienergy.com\/fr\/\"><span class=\"home\"><\/span><\/a><\/span><\/span>[\/vc_column_text][vc_column_text css_animation=\u00a0\u00bbfadeIn\u00a0\u00bb el_class=\u00a0\u00bbtitle_container\u00a0\u00bb]<\/p>\n<h1>Nous rejoindre<\/h1>\n<p>[\/vc_column_text][\/vc_column][\/vc_row][vc_row el_class=\u00a0\u00bbpadding_content_large text-left-width\u00a0\u00bb][vc_column css_animation=\u00a0\u00bbfadeInUp\u00a0\u00bb][vc_column_text css=\u00a0\u00bb\u00a0\u00bb]<\/p>\n<h2>Nanni, entreprise europ\u00e9enne<\/h2>\n<p>La soci\u00e9t\u00e9 fait partie des leaders du secteur et se positionne dans le top trois de la marinisation de moteur industriels. Forte d&rsquo;une exp\u00e9rience tant dans le milieu professionnel que dans celui de la plaisance avec une recherche permanente d&rsquo;innovation et de produit plus vertueux , Nanni a su rester une soci\u00e9t\u00e9 ou les valeurs humaines et le travail d&rsquo;\u00e9quipe font partie de son ADN. Implant\u00e9e sur le sol europ\u00e9en \u00e0 travers deux sites en France et en Italie, Nanni cultive ses valeurs d&rsquo;\u00e9change et de partage.<\/p>\n<p>La distribution des produits se fait sur 95 pays dans le monde au travers d&rsquo;un r\u00e9seau de distributeurs structur\u00e9. Si l&rsquo;esprit d&rsquo;\u00e9quipe, le partage de connaissance et l&rsquo;envie d&rsquo;innover vous anime, rejoignez-nous.[\/vc_column_text][\/vc_column][\/vc_row][vc_row el_class=\u00a0\u00bbpadding_content_large offres_listing\u00a0\u00bb][vc_column css_animation=\u00a0\u00bbfadeInUp\u00a0\u00bb][vc_column_text css=\u00a0\u00bb\u00a0\u00bb]<\/p>\n<h2>D\u00e9couvrez nos offres d\u2019emploi<\/h2>\n<p>[\/vc_column_text][vc_column_text]<div class=\"offres_content\"><div class=\"item-offre\"><div class=\"oc_left\"><span class=\"badge\">CDI<\/span> <span class=\"badge\">La Teste de Buch<\/span><h4>MECANICIEN POLYVALENT H\/F<\/h4><p>Nous souhaitons renforcer notre d\u00e9partement \u00ab production \u00bb et recherchons un\/e M\u00e9canicien(ne) polyvalent(e) H\/F<\/p><\/div><div class=\"oc_right\"><a class=\"button tertiary\" href=\"https:\/\/nannienergy.com\/wp-content\/uploads\/2025\/11\/OFFRE-D-EMPLOI-MECANICIEN.pdf\" target=\"_blank\" rel=\"noopener\">Voir l\u2019offre<\/a><a class=\"button dark\" data-fancybox data-src=\"#poste-0\" href=\"#\">Postuler <\/a><\/div><\/div><div id=\"poste-0\" class=\"popin-postuler\"><p class=\"titre-popin\">Postuler<\/p><p>Vous pouvez nous envoyer votre CV pour r\u00e9pondre \u00e0 l\u2019annonce qui vous int\u00e9resse, au service des ressources humaines, \u00e0 travers ce formulaire.<\/p><div class=\"info_poste\"><div class=\"border\"><span class=\"badge\">CDI<\/span> <span class=\"badge\">La Teste de Buch<\/span><span class=\"titre-poste\">MECANICIEN POLYVALENT H\/F<\/span><\/div><\/div>\n<div class=\"wpcf7 no-js\" id=\"wpcf7-f738-o1\" lang=\"fr-FR\" dir=\"ltr\" data-wpcf7-id=\"738\">\n<div class=\"screen-reader-response\"><p role=\"status\" aria-live=\"polite\" aria-atomic=\"true\"><\/p> <ul><\/ul><\/div>\n<form action=\"\/fr\/wp-json\/wp\/v2\/pages\/54#wpcf7-f738-o1\" method=\"post\" class=\"wpcf7-form init\" aria-label=\"Formulaire de contact\" enctype=\"multipart\/form-data\" novalidate=\"novalidate\" data-status=\"init\">\n<fieldset class=\"hidden-fields-container\"><input type=\"hidden\" name=\"_wpcf7\" value=\"738\" \/><input type=\"hidden\" name=\"_wpcf7_version\" value=\"6.1.3\" \/><input type=\"hidden\" name=\"_wpcf7_locale\" value=\"fr_FR\" \/><input type=\"hidden\" name=\"_wpcf7_unit_tag\" value=\"wpcf7-f738-o1\" \/><input type=\"hidden\" name=\"_wpcf7_container_post\" value=\"0\" \/><input type=\"hidden\" name=\"_wpcf7_posted_data_hash\" value=\"\" \/><input type=\"hidden\" name=\"_wpcf7cf_hidden_group_fields\" value=\"[]\" \/><input type=\"hidden\" name=\"_wpcf7cf_hidden_groups\" value=\"[]\" \/><input type=\"hidden\" name=\"_wpcf7cf_visible_groups\" value=\"[]\" \/><input type=\"hidden\" name=\"_wpcf7cf_repeaters\" value=\"[]\" \/><input type=\"hidden\" name=\"_wpcf7cf_steps\" value=\"{}\" \/><input type=\"hidden\" name=\"_wpcf7cf_options\" value=\"{&quot;form_id&quot;:738,&quot;conditions&quot;:[{&quot;then_field&quot;:&quot;-1&quot;,&quot;and_rules&quot;:[{&quot;if_field&quot;:&quot;-1&quot;,&quot;operator&quot;:&quot;equals&quot;,&quot;if_value&quot;:&quot;Vous \\u00eates un plaisancier&quot;}]},{&quot;then_field&quot;:&quot;-1&quot;,&quot;and_rules&quot;:[{&quot;if_field&quot;:&quot;-1&quot;,&quot;operator&quot;:&quot;equals&quot;,&quot;if_value&quot;:&quot;Vous \\u00eates un professionnel&quot;}]}],&quot;settings&quot;:{&quot;animation&quot;:&quot;yes&quot;,&quot;animation_intime&quot;:200,&quot;animation_outtime&quot;:200,&quot;conditions_ui&quot;:&quot;normal&quot;,&quot;notice_dismissed&quot;:false,&quot;notice_dismissed_rollback-cf7-5.9.5&quot;:true}}\" \/><input type=\"hidden\" name=\"_wpcf7_recaptcha_response\" value=\"\" \/>\n<\/fieldset>\n<input class=\"wpcf7-form-control wpcf7-hidden poste-name-input\" value=\"\" type=\"hidden\" name=\"poste-name\" \/>\n<div class=\"form-row\">\n<div class=\"column-half\"><label for=\"nom\">Nom<\/label> <span class=\"wpcf7-form-control-wrap\" data-name=\"nom\"><input size=\"40\" maxlength=\"400\" class=\"wpcf7-form-control wpcf7-text wpcf7-validates-as-required\" aria-required=\"true\" aria-invalid=\"false\" placeholder=\"Votre nom\" value=\"\" type=\"text\" name=\"nom\" \/><\/span><\/div>\n<div class=\"column-half\"><label for=\"prenom\">Pr\u00e9nom<\/label> <span class=\"wpcf7-form-control-wrap\" data-name=\"prenom\"><input size=\"40\" maxlength=\"400\" class=\"wpcf7-form-control wpcf7-text wpcf7-validates-as-required\" aria-required=\"true\" aria-invalid=\"false\" placeholder=\"Votre pr\u00e9nom\" value=\"\" type=\"text\" name=\"prenom\" \/><\/span><\/div>\n<\/div>\n\n<div class=\"form-row\">\n<div class=\"column-full\"><label for=\"email\">E-mail<\/label> <span class=\"wpcf7-form-control-wrap\" data-name=\"email\"><input size=\"40\" maxlength=\"400\" class=\"wpcf7-form-control wpcf7-email wpcf7-validates-as-required wpcf7-text wpcf7-validates-as-email\" aria-required=\"true\" aria-invalid=\"false\" placeholder=\"Renseignez votre e-mail\" value=\"\" type=\"email\" name=\"email\" \/><\/span><\/div>\n<\/div>\n\n<div class=\"form-row\">\n<div class=\"column-full \"><label for=\"message\">Message<\/label> <span class=\"wpcf7-form-control-wrap\" data-name=\"message\"><textarea cols=\"40\" rows=\"10\" maxlength=\"2000\" class=\"wpcf7-form-control wpcf7-textarea wpcf7-validates-as-required\" aria-required=\"true\" aria-invalid=\"false\" placeholder=\"Indiquez vos motivations\" name=\"message\"><\/textarea><\/span><\/div>\n<\/div>\n\n<div class=\"form-row\">\n<div class=\"column-full column-full-last column-file\"><div class=\"btn-file\">Ins\u00e9rer une pi\u00e8ce jointe<\/div><div class=\"name-file\"><span class=\"name\"><\/span><span class=\"btn-remove\"><\/span><span class=\"wpcf7-form-control-wrap\" data-name=\"cv\"><input size=\"40\" class=\"wpcf7-form-control wpcf7-file wpcf7-validates-as-required\" accept=\".pdf,.doc,.docs,.docx\" aria-required=\"true\" aria-invalid=\"false\" type=\"file\" name=\"cv\" \/><\/span><\/div><label for=\"cv\">Veuillez utiliser un format (.doc, .docs, .docx, .pdf)<\/label><\/div>\n<\/div>\n\n<div class=\"form-confidentialite\"> <span class=\"wpcf7-form-control-wrap\" data-name=\"confidentialite\"><span class=\"wpcf7-form-control wpcf7-checkbox wpcf7-validates-as-required\"><span class=\"wpcf7-list-item first last\"><input type=\"checkbox\" name=\"confidentialite[]\" value=\"J&#039;ai lu et accept\u00e9\" \/><span class=\"wpcf7-list-item-label\">J&#039;ai lu et accept\u00e9<\/span><\/span><\/span><\/span>  <a href=\"\/fr\/donnees-personnelles\/\" target=\"_blank\">la politique de confidentialit\u00e9 sur les donn\u00e9es personnelles de ce site<\/a><\/div>\n\n<div class=\"submit_container\">\n<input class=\"wpcf7-form-control wpcf7-submit has-spinner\" type=\"submit\" value=\"Postuler\" \/>\n<\/div><div class=\"wpcf7-response-output\" aria-hidden=\"true\"><\/div>\n<\/form>\n<\/div>\n<\/div><\/div><\/div>[\/vc_column_text][\/vc_column][\/vc_row][vc_row el_class=\u00a0\u00bbcandidature_content\u00a0\u00bb][vc_column css_animation=\u00a0\u00bbfadeInLeft\u00a0\u00bb width=\u00a0\u00bb2\/3&Prime;][vc_column_text css=\u00a0\u00bb\u00a0\u00bb]<\/p>\n<h2>Candidature spontan\u00e9e<\/h2>\n<p>Vous pouvez nous contacter et envoyer votre CV pour r\u00e9pondre \u00e0 une annonce ou en guise de candidature spontan\u00e9e au service des ressources humaines \u00e0 travers ce formulaire.[\/vc_column_text]\n<div class=\"wpcf7 no-js\" id=\"wpcf7-f9636-o2\" lang=\"fr-FR\" dir=\"ltr\" data-wpcf7-id=\"9636\">\n<div class=\"screen-reader-response\"><p role=\"status\" aria-live=\"polite\" aria-atomic=\"true\"><\/p> <ul><\/ul><\/div>\n<form action=\"\/fr\/wp-json\/wp\/v2\/pages\/54#wpcf7-f9636-o2\" method=\"post\" class=\"wpcf7-form init\" aria-label=\"Formulaire de contact\" enctype=\"multipart\/form-data\" novalidate=\"novalidate\" data-status=\"init\">\n<fieldset class=\"hidden-fields-container\"><input type=\"hidden\" name=\"_wpcf7\" value=\"9636\" \/><input type=\"hidden\" name=\"_wpcf7_version\" value=\"6.1.3\" \/><input type=\"hidden\" name=\"_wpcf7_locale\" value=\"fr_FR\" \/><input type=\"hidden\" name=\"_wpcf7_unit_tag\" value=\"wpcf7-f9636-o2\" \/><input type=\"hidden\" name=\"_wpcf7_container_post\" value=\"0\" \/><input type=\"hidden\" name=\"_wpcf7_posted_data_hash\" value=\"\" \/><input type=\"hidden\" name=\"_wpcf7cf_hidden_group_fields\" value=\"[]\" \/><input type=\"hidden\" name=\"_wpcf7cf_hidden_groups\" value=\"[]\" \/><input type=\"hidden\" name=\"_wpcf7cf_visible_groups\" value=\"[]\" \/><input type=\"hidden\" name=\"_wpcf7cf_repeaters\" value=\"[]\" \/><input type=\"hidden\" name=\"_wpcf7cf_steps\" value=\"{}\" \/><input type=\"hidden\" name=\"_wpcf7cf_options\" value=\"{&quot;form_id&quot;:9636,&quot;conditions&quot;:[{&quot;then_field&quot;:&quot;-1&quot;,&quot;and_rules&quot;:[{&quot;if_field&quot;:&quot;-1&quot;,&quot;operator&quot;:&quot;equals&quot;,&quot;if_value&quot;:&quot;Vous \\u00eates un plaisancier&quot;}]},{&quot;then_field&quot;:&quot;-1&quot;,&quot;and_rules&quot;:[{&quot;if_field&quot;:&quot;-1&quot;,&quot;operator&quot;:&quot;equals&quot;,&quot;if_value&quot;:&quot;Vous \\u00eates un professionnel&quot;}]}],&quot;settings&quot;:{&quot;animation&quot;:&quot;yes&quot;,&quot;animation_intime&quot;:200,&quot;animation_outtime&quot;:200,&quot;conditions_ui&quot;:&quot;normal&quot;,&quot;notice_dismissed&quot;:false,&quot;notice_dismissed_rollback-cf7-5.9.5&quot;:true}}\" \/><input type=\"hidden\" name=\"_wpcf7_recaptcha_response\" value=\"\" \/>\n<\/fieldset>\n<div class=\"form-row\">\n<div class=\"column-half\"><label for=\"nom\">Nom<\/label> <span class=\"wpcf7-form-control-wrap\" data-name=\"nom\"><input size=\"40\" maxlength=\"400\" class=\"wpcf7-form-control wpcf7-text wpcf7-validates-as-required\" id=\"nom\" aria-required=\"true\" aria-invalid=\"false\" placeholder=\"Votre nom\" value=\"\" type=\"text\" name=\"nom\" \/><\/span><\/div>\n<div class=\"column-half\"><label for=\"prenom\">Pr\u00e9nom<\/label> <span class=\"wpcf7-form-control-wrap\" data-name=\"prenom\"><input size=\"40\" maxlength=\"400\" class=\"wpcf7-form-control wpcf7-text wpcf7-validates-as-required\" id=\"prenom\" aria-required=\"true\" aria-invalid=\"false\" placeholder=\"Votre pr\u00e9nom\" value=\"\" type=\"text\" name=\"prenom\" \/><\/span><\/div>\n<\/div>\n\n<div class=\"form-row\">\n<div class=\"column-full\"><label for=\"email\">E-mail<\/label> <span class=\"wpcf7-form-control-wrap\" data-name=\"email\"><input size=\"40\" maxlength=\"400\" class=\"wpcf7-form-control wpcf7-email wpcf7-validates-as-required wpcf7-text wpcf7-validates-as-email\" id=\"email\" aria-required=\"true\" aria-invalid=\"false\" placeholder=\"Renseignez votre e-mail\" value=\"\" type=\"email\" name=\"email\" \/><\/span><\/div>\n<\/div>\n\n<div class=\"form-row\">\n<div class=\"column-full \"><label for=\"message\">Message<\/label> <span class=\"wpcf7-form-control-wrap\" data-name=\"message\"><textarea cols=\"40\" rows=\"10\" maxlength=\"2000\" class=\"wpcf7-form-control wpcf7-textarea wpcf7-validates-as-required\" id=\"message\" aria-required=\"true\" aria-invalid=\"false\" placeholder=\"Indiquez vos motivations\" name=\"message\"><\/textarea><\/span><\/div>\n<\/div>\n\n<div class=\"form-row\">\n<div class=\"column-full column-full-last column-file\"><div class=\"btn-file\">Ins\u00e9rer une pi\u00e8ce jointe<\/div><div class=\"name-file\"><span class=\"name\"><\/span><span class=\"btn-remove\"><\/span><span class=\"wpcf7-form-control-wrap\" data-name=\"cv\"><input size=\"40\" class=\"wpcf7-form-control wpcf7-file wpcf7-validates-as-required\" accept=\".pdf,.doc,.docs,.docx\" aria-required=\"true\" aria-invalid=\"false\" type=\"file\" name=\"cv\" \/><\/span><\/div><label for=\"cv\">Veuillez utiliser un format (.doc, .docs, .docx, .pdf)<\/label><\/div>\n<\/div>\n\n<div class=\"form-confidentialite\"> <span class=\"wpcf7-form-control-wrap\" data-name=\"confidentialite\"><span class=\"wpcf7-form-control wpcf7-checkbox wpcf7-validates-as-required\"><span class=\"wpcf7-list-item first last\"><input type=\"checkbox\" name=\"confidentialite[]\" value=\"J&#039;ai lu et accept\u00e9\" \/><span class=\"wpcf7-list-item-label\">J&#039;ai lu et accept\u00e9<\/span><\/span><\/span><\/span>  <a href=\"\/fr\/donnees-personnelles\/\" target=\"_blank\">la politique de confidentialit\u00e9 sur les donn\u00e9es personnelles de ce site<\/a><\/div>\n\n<div class=\"submit_container\">\n<input class=\"wpcf7-form-control wpcf7-submit has-spinner\" type=\"submit\" value=\"Envoyer ma candidature\" \/>\n<\/div><div class=\"wpcf7-response-output\" aria-hidden=\"true\"><\/div>\n<\/form>\n<\/div>\n[\/vc_column][\/vc_row]<\/p>\n<\/div>","protected":false},"excerpt":{"rendered":"[vc_row full_width=\u00a0\u00bbstretch_row_content\u00a0\u00bb el_class=\u00a0\u00bbtitle_content\u00a0\u00bb css=\u00a0\u00bb.vc_custom_1756826829454{background-image: url(https:\/\/nannienergy.com\/wp-content\/uploads\/2025\/09\/Design-sans-titre-1.png?id=11150) !important;background-position: center !important;background-repeat: no-repeat !important;background-size: cover !important;}\u00a0\u00bb][vc_column][vc_column_text el_class=\u00a0\u00bbbreadcrumb\u00a0\u00bb][\/vc_column_text][vc_column_text css_animation=\u00a0\u00bbfadeIn\u00a0\u00bb el_class=\u00a0\u00bbtitle_container\u00a0\u00bb] Nous rejoindre [\/vc_column_text][\/vc_column][\/vc_row][vc_row el_class=\u00a0\u00bbpadding_content_large text-left-width\u00a0\u00bb][vc_column css_animation=\u00a0\u00bbfadeInUp\u00a0\u00bb][vc_column_text css=\u00a0\u00bb\u00a0\u00bb] Nanni, entreprise europ\u00e9enne La soci\u00e9t\u00e9 fait partie des leaders du secteur et se positionne dans le top trois de la marinisation de moteur industriels. Forte d&rsquo;une exp\u00e9rience tant dans le milieu professionnel que&#8230; <a class=\"view-article\" href=\"https:\/\/nannienergy.com\/fr\/nous-rejoindre\/\">Voir l&rsquo;article<\/a>","protected":false},"author":1,"featured_media":0,"parent":0,"menu_order":0,"comment_status":"closed","ping_status":"closed","template":"","meta":{"_acf_changed":false,"footnotes":""},"class_list":["post-54","page","type-page","status-publish","hentry"],"acf":[],"yoast_head":"<!-- This site is optimized with the Yoast SEO plugin v26.4 - https:\/\/yoast.com\/wordpress\/plugins\/seo\/ -->\n<title>Travailler chez Nanni - Nanni Industries<\/title>\n<meta name=\"robots\" content=\"index, follow, max-snippet:-1, max-image-preview:large, max-video-preview:-1\" \/>\n<link rel=\"canonical\" href=\"https:\/\/nannienergy.com\/fr\/nous-rejoindre\/\" \/>\n<meta property=\"og:locale\" content=\"fr_FR\" \/>\n<meta property=\"og:type\" content=\"article\" \/>\n<meta property=\"og:title\" content=\"Travailler chez Nanni - Nanni Industries\" \/>\n<meta property=\"og:description\" content=\"[vc_row full_width=\u00a0\u00bbstretch_row_content\u00a0\u00bb el_class=\u00a0\u00bbtitle_content\u00a0\u00bb css=\u00a0\u00bb.vc_custom_1756826829454{background-image: url(https:\/\/nannienergy.com\/wp-content\/uploads\/2025\/09\/Design-sans-titre-1.png?id=11150) !important;background-position: center !important;background-repeat: no-repeat !important;background-size: cover !important;}\u00a0\u00bb][vc_column][vc_column_text el_class=\u00a0\u00bbbreadcrumb\u00a0\u00bb][\/vc_column_text][vc_column_text css_animation=\u00a0\u00bbfadeIn\u00a0\u00bb el_class=\u00a0\u00bbtitle_container\u00a0\u00bb] Nous rejoindre [\/vc_column_text][\/vc_column][\/vc_row][vc_row el_class=\u00a0\u00bbpadding_content_large text-left-width\u00a0\u00bb][vc_column css_animation=\u00a0\u00bbfadeInUp\u00a0\u00bb][vc_column_text css=\u00a0\u00bb\u00a0\u00bb] Nanni, entreprise europ\u00e9enne La soci\u00e9t\u00e9 fait partie des leaders du secteur et se positionne dans le top trois de la marinisation de moteur industriels. Forte d&rsquo;une exp\u00e9rience tant dans le milieu professionnel que... Voir l&#039;article\" \/>\n<meta property=\"og:url\" content=\"https:\/\/nannienergy.com\/fr\/nous-rejoindre\/\" \/>\n<meta property=\"og:site_name\" content=\"Nanni Industries\" \/>\n<meta property=\"article:modified_time\" content=\"2026-01-12T10:44:33+00:00\" \/>\n<meta name=\"twitter:card\" content=\"summary_large_image\" \/>\n<meta name=\"twitter:label1\" content=\"Dur\u00e9e de lecture estim\u00e9e\" \/>\n\t<meta name=\"twitter:data1\" content=\"1 minute\" \/>\n<script type=\"application\/ld+json\" class=\"yoast-schema-graph\">{\"@context\":\"https:\/\/schema.org\",\"@graph\":[{\"@type\":\"WebPage\",\"@id\":\"https:\/\/nannienergy.com\/fr\/nous-rejoindre\/\",\"url\":\"https:\/\/nannienergy.com\/fr\/nous-rejoindre\/\",\"name\":\"Travailler chez Nanni - Nanni Industries\",\"isPartOf\":{\"@id\":\"https:\/\/nannienergy.com\/fr\/#website\"},\"datePublished\":\"2023-07-20T09:44:54+00:00\",\"dateModified\":\"2026-01-12T10:44:33+00:00\",\"breadcrumb\":{\"@id\":\"https:\/\/nannienergy.com\/fr\/nous-rejoindre\/#breadcrumb\"},\"inLanguage\":\"fr-FR\",\"potentialAction\":[{\"@type\":\"ReadAction\",\"target\":[\"https:\/\/nannienergy.com\/fr\/nous-rejoindre\/\"]}]},{\"@type\":\"BreadcrumbList\",\"@id\":\"https:\/\/nannienergy.com\/fr\/nous-rejoindre\/#breadcrumb\",\"itemListElement\":[{\"@type\":\"ListItem\",\"position\":1,\"name\":\"\",\"item\":\"https:\/\/nannienergy.com\/fr\/\"},{\"@type\":\"ListItem\",\"position\":2,\"name\":\"Travailler chez Nanni\"}]},{\"@type\":\"WebSite\",\"@id\":\"https:\/\/nannienergy.com\/fr\/#website\",\"url\":\"https:\/\/nannienergy.com\/fr\/\",\"name\":\"Nanni Industries\",\"description\":\"\",\"potentialAction\":[{\"@type\":\"SearchAction\",\"target\":{\"@type\":\"EntryPoint\",\"urlTemplate\":\"https:\/\/nannienergy.com\/fr\/?s={search_term_string}\"},\"query-input\":{\"@type\":\"PropertyValueSpecification\",\"valueRequired\":true,\"valueName\":\"search_term_string\"}}],\"inLanguage\":\"fr-FR\"}]}<\/script>\n<!-- \/ Yoast SEO plugin. -->","yoast_head_json":{"title":"Travailler chez Nanni - Nanni Industries","robots":{"index":"index","follow":"follow","max-snippet":"max-snippet:-1","max-image-preview":"max-image-preview:large","max-video-preview":"max-video-preview:-1"},"canonical":"https:\/\/nannienergy.com\/fr\/nous-rejoindre\/","og_locale":"fr_FR","og_type":"article","og_title":"Travailler chez Nanni - Nanni Industries","og_description":"[vc_row full_width=\u00a0\u00bbstretch_row_content\u00a0\u00bb el_class=\u00a0\u00bbtitle_content\u00a0\u00bb css=\u00a0\u00bb.vc_custom_1756826829454{background-image: url(https:\/\/nannienergy.com\/wp-content\/uploads\/2025\/09\/Design-sans-titre-1.png?id=11150) !important;background-position: center !important;background-repeat: no-repeat !important;background-size: cover !important;}\u00a0\u00bb][vc_column][vc_column_text el_class=\u00a0\u00bbbreadcrumb\u00a0\u00bb][\/vc_column_text][vc_column_text css_animation=\u00a0\u00bbfadeIn\u00a0\u00bb el_class=\u00a0\u00bbtitle_container\u00a0\u00bb] Nous rejoindre [\/vc_column_text][\/vc_column][\/vc_row][vc_row el_class=\u00a0\u00bbpadding_content_large text-left-width\u00a0\u00bb][vc_column css_animation=\u00a0\u00bbfadeInUp\u00a0\u00bb][vc_column_text css=\u00a0\u00bb\u00a0\u00bb] Nanni, entreprise europ\u00e9enne La soci\u00e9t\u00e9 fait partie des leaders du secteur et se positionne dans le top trois de la marinisation de moteur industriels. Forte d&rsquo;une exp\u00e9rience tant dans le milieu professionnel que... Voir l'article","og_url":"https:\/\/nannienergy.com\/fr\/nous-rejoindre\/","og_site_name":"Nanni Industries","article_modified_time":"2026-01-12T10:44:33+00:00","twitter_card":"summary_large_image","twitter_misc":{"Dur\u00e9e de lecture estim\u00e9e":"1 minute"},"schema":{"@context":"https:\/\/schema.org","@graph":[{"@type":"WebPage","@id":"https:\/\/nannienergy.com\/fr\/nous-rejoindre\/","url":"https:\/\/nannienergy.com\/fr\/nous-rejoindre\/","name":"Travailler chez Nanni - Nanni Industries","isPartOf":{"@id":"https:\/\/nannienergy.com\/fr\/#website"},"datePublished":"2023-07-20T09:44:54+00:00","dateModified":"2026-01-12T10:44:33+00:00","breadcrumb":{"@id":"https:\/\/nannienergy.com\/fr\/nous-rejoindre\/#breadcrumb"},"inLanguage":"fr-FR","potentialAction":[{"@type":"ReadAction","target":["https:\/\/nannienergy.com\/fr\/nous-rejoindre\/"]}]},{"@type":"BreadcrumbList","@id":"https:\/\/nannienergy.com\/fr\/nous-rejoindre\/#breadcrumb","itemListElement":[{"@type":"ListItem","position":1,"name":"","item":"https:\/\/nannienergy.com\/fr\/"},{"@type":"ListItem","position":2,"name":"Travailler chez Nanni"}]},{"@type":"WebSite","@id":"https:\/\/nannienergy.com\/fr\/#website","url":"https:\/\/nannienergy.com\/fr\/","name":"Nanni Industries","description":"","potentialAction":[{"@type":"SearchAction","target":{"@type":"EntryPoint","urlTemplate":"https:\/\/nannienergy.com\/fr\/?s={search_term_string}"},"query-input":{"@type":"PropertyValueSpecification","valueRequired":true,"valueName":"search_term_string"}}],"inLanguage":"fr-FR"}]}},"_links":{"self":[{"href":"https:\/\/nannienergy.com\/fr\/wp-json\/wp\/v2\/pages\/54","targetHints":{"allow":["GET"]}}],"collection":[{"href":"https:\/\/nannienergy.com\/fr\/wp-json\/wp\/v2\/pages"}],"about":[{"href":"https:\/\/nannienergy.com\/fr\/wp-json\/wp\/v2\/types\/page"}],"author":[{"embeddable":true,"href":"https:\/\/nannienergy.com\/fr\/wp-json\/wp\/v2\/users\/1"}],"replies":[{"embeddable":true,"href":"https:\/\/nannienergy.com\/fr\/wp-json\/wp\/v2\/comments?post=54"}],"version-history":[{"count":0,"href":"https:\/\/nannienergy.com\/fr\/wp-json\/wp\/v2\/pages\/54\/revisions"}],"wp:attachment":[{"href":"https:\/\/nannienergy.com\/fr\/wp-json\/wp\/v2\/media?parent=54"}],"curies":[{"name":"wp","href":"https:\/\/api.w.org\/{rel}","templated":true}]}}