{"id":5706,"date":"2024-06-06T15:06:53","date_gmt":"2024-06-06T13:06:53","guid":{"rendered":"https:\/\/preprod.nannienergy.com\/plaisance\/sailling-copy-3\/"},"modified":"2025-08-26T16:00:23","modified_gmt":"2025-08-26T14:00:23","slug":"superyachts","status":"publish","type":"page","link":"https:\/\/nannienergy.com\/fr\/plaisance\/superyachts\/","title":{"rendered":"Superyachts"},"content":{"rendered":"<div class=\"wpb-content-wrapper\"><p>[vc_row full_width=\u00a0\u00bbstretch_row_content\u00a0\u00bb el_class=\u00a0\u00bbtitle_content univers\u00a0\u00bb css=\u00a0\u00bb.vc_custom_1725028425158{background-position: center !important;background-repeat: no-repeat !important;background-size: cover !important;}\u00a0\u00bb][vc_column][vc_raw_html css=\u00a0\u00bb\u00a0\u00bb]JTNDdmlkZW8lMjBhdXRvcGxheSUzRCUyMmF1dG9wbGF5JTIyJTIwbG9vcCUzRCUyMmxvb3AlMjIlMjBtdXRlZCUzRCUyMiUyMiUyMHdpZHRoJTNEJTIyMzAwJTIyJTIwaGVpZ2h0JTNEJTIyMTUwJTIyJTNFJTIwJTNDc291cmNlJTIwc3JjJTNEJTIyaHR0cHMlM0ElMkYlMkZuYW5uaWVuZXJneS5jb20lMkZ3cC1jb250ZW50JTJGdXBsb2FkcyUyRjIwMjQlMkYwOCUyRlBvd2VyaW5nX3BsZWFzdXJlX1NVUEVSWUFDSFRfd2ViLW5hbm5pLm00diUyMiUyMCUyRiUzRSUzQyUyRnZpZGVvJTNF[\/vc_raw_html][vc_column_text el_class=\u00a0\u00bbbreadcrumb\u00a0\u00bb]<span><span><a href=\"https:\/\/nannienergy.com\/fr\/\"><span class=\"home\"><\/span><\/a><\/span><\/span>[\/vc_column_text][vc_column_text css_animation=\u00a0\u00bbfadeIn\u00a0\u00bb el_class=\u00a0\u00bbtitle_container\u00a0\u00bb]<\/p>\n<h1>Superyachts<\/h1>\n<p>[\/vc_column_text][\/vc_column][\/vc_row][vc_row css=\u00a0\u00bb.vc_custom_1753433712400{background-position: center !important;background-repeat: no-repeat !important;background-size: cover !important;}\u00a0\u00bb el_class=\u00a0\u00bbintro-univers\u00a0\u00bb][vc_column css_animation=\u00a0\u00bbfadeInLeft\u00a0\u00bb width=\u00a0\u00bb1\/2&Prime;][vc_column_text css_animation=\u00a0\u00bbnone\u00a0\u00bb css=\u00a0\u00bb\u00a0\u00bb]Nanni propose une gamme compl\u00e8te de moteurs de propulsion et de solutions \u00e9nerg\u00e9tiques pour les superyachts. Con\u00e7ues pour des bateaux de 50 \u00e0 100 pieds, nos solutions garantissent une \u00e9nergie fiable et des performances optimales en mer.[\/vc_column_text][\/vc_column][vc_column css_animation=\u00a0\u00bbfadeInRight\u00a0\u00bb width=\u00a0\u00bb1\/2&Prime;][vc_single_image image=\u00a0\u00bb7911&Prime; img_size=\u00a0\u00bbfull\u00a0\u00bb css=\u00a0\u00bb\u00a0\u00bb][\/vc_column][\/vc_row][vc_row el_class=\u00a0\u00bbbandeau-bleu\u00a0\u00bb][vc_column css_animation=\u00a0\u00bbfadeIn\u00a0\u00bb][vc_column_text css=\u00a0\u00bb\u00a0\u00bb]<\/p>\n<h2>Savoir-faire &amp; technologie<\/h2>\n<p>La gamme de produits Nanni comprend des moteurs de propulsion performants et des groupes \u00e9lectrog\u00e8nes insonoris\u00e9s d\u2019une puissance allant de 30 \u00e0 175 kWe. Pour compl\u00e9ter votre solution de puissance marine, profitez des \u00e9quipements essentiels \u00e0 bord tels que les tableaux de bord.[\/vc_column_text][\/vc_column][\/vc_row][vc_row el_class=\u00a0\u00bbpadding_content titre-listing-product\u00a0\u00bb][vc_column][vc_column_text css=\u00a0\u00bb\u00a0\u00bb]<\/p>\n<h2>D\u00e9couvrez notre gamme de produits d\u00e9di\u00e9e aux superyachts<\/h2>\n<p>[\/vc_column_text][\/vc_column][\/vc_row][vc_row el_class=\u00a0\u00bblisting-product-line\u00a0\u00bb][vc_column][vc_column_text]<\/p>\n<h3>G\u00e9n\u00e9rateurs<\/h3>\n<p>D\u00e9couvrez notre gamme de g\u00e9n\u00e9rateurs d\u00e9di\u00e9e aux superyachts.[\/vc_column_text][vc_column_text]<div class=\"produits-generateurs swiper\"><div class=\"swiper-wrapper\"><div class=\"produit-item swiper-slide\"><div class=\"produit-image\"><a href=\"https:\/\/nannienergy.com\/fr\/produit\/generateur-45st50\/\"><img decoding=\"async\" src=\"https:\/\/nannienergy.com\/wp-content\/uploads\/2024\/08\/Q4500-45CT50_SOUNDLESS-11.jpg\" alt=\"\" \/><\/a><\/div><h2><a href=\"https:\/\/nannienergy.com\/fr\/produit\/generateur-45st50\/\">45ST50<\/a><\/h2><div class=\"puissance\"><p>Puissance <span>44 kW<\/span><\/p><\/div><div class=\"frequence\"><p>Fr\u00e9quence <span>50 Hz<\/span><\/p><\/div><div class=\"phase\"><p>phase <span>3<\/span><\/p><\/div><\/div><div class=\"produit-item swiper-slide\"><div class=\"produit-image\"><a href=\"https:\/\/nannienergy.com\/fr\/produit\/generateur-47st60\/\"><img decoding=\"async\" src=\"https:\/\/nannienergy.com\/wp-content\/uploads\/2024\/08\/Q4500-45CT50_SOUNDLESS-11.jpg\" alt=\"\" \/><\/a><\/div><h2><a href=\"https:\/\/nannienergy.com\/fr\/produit\/generateur-47st60\/\">47ST60<\/a><\/h2><div class=\"puissance\"><p>Puissance <span>44 kW<\/span><\/p><\/div><div class=\"frequence\"><p>Fr\u00e9quence <span>50 Hz<\/span><\/p><\/div><div class=\"phase\"><p>phase <span>3<\/span><\/p><\/div><\/div><div class=\"produit-item swiper-slide\"><div class=\"produit-image\"><a href=\"https:\/\/nannienergy.com\/fr\/produit\/generateur-60st50\/\"><img decoding=\"async\" src=\"https:\/\/nannienergy.com\/wp-content\/uploads\/2024\/08\/Q4500-45CT50_SOUNDLESS-11.jpg\" alt=\"\" \/><\/a><\/div><h2><a href=\"https:\/\/nannienergy.com\/fr\/produit\/generateur-60st50\/\">60ST50<\/a><\/h2><div class=\"puissance\"><p>Puissance <span>44 kW<\/span><\/p><\/div><div class=\"frequence\"><p>Fr\u00e9quence <span>50 Hz<\/span><\/p><\/div><div class=\"phase\"><p>phase <span>3<\/span><\/p><\/div><\/div><div class=\"produit-item swiper-slide\"><div class=\"produit-image\"><a href=\"https:\/\/nannienergy.com\/fr\/produit\/generateur-70st60\/\"><img decoding=\"async\" src=\"https:\/\/nannienergy.com\/wp-content\/uploads\/2024\/08\/Q4500-45CT50_SOUNDLESS-11.jpg\" alt=\"\" \/><\/a><\/div><h2><a href=\"https:\/\/nannienergy.com\/fr\/produit\/generateur-70st60\/\">70ST60<\/a><\/h2><div class=\"puissance\"><p>Puissance <span>69.7 kW<\/span><\/p><\/div><div class=\"frequence\"><p>Fr\u00e9quence <span>50 Hz<\/span><\/p><\/div><div class=\"phase\"><p>phase <span>3<\/span><\/p><\/div><\/div><div class=\"produit-item swiper-slide\"><div class=\"produit-image\"><a href=\"https:\/\/nannienergy.com\/fr\/produit\/generateur-75st50\/\"><img decoding=\"async\" src=\"https:\/\/nannienergy.com\/wp-content\/uploads\/2024\/08\/Q4500-45CT50_SOUNDLESS-11.jpg\" alt=\"\" \/><\/a><\/div><h2><a href=\"https:\/\/nannienergy.com\/fr\/produit\/generateur-75st50\/\">75ST50<\/a><\/h2><div class=\"puissance\"><p>Puissance <span>69.7 kW<\/span><\/p><\/div><div class=\"frequence\"><p>Fr\u00e9quence <span>50 Hz<\/span><\/p><\/div><div class=\"phase\"><p>phase <span>3<\/span><\/p><\/div><\/div><div class=\"produit-item swiper-slide\"><div class=\"produit-image\"><a href=\"https:\/\/nannienergy.com\/fr\/produit\/generateur-80st60\/\"><img decoding=\"async\" src=\"https:\/\/nannienergy.com\/wp-content\/uploads\/2024\/08\/Q4500-45CT50_SOUNDLESS-11.jpg\" alt=\"\" \/><\/a><\/div><h2><a href=\"https:\/\/nannienergy.com\/fr\/produit\/generateur-80st60\/\">80ST60<\/a><\/h2><div class=\"puissance\"><p>Puissance <span>79.2 kW<\/span><\/p><\/div><div class=\"frequence\"><p>Fr\u00e9quence <span>60 Hz<\/span><\/p><\/div><div class=\"phase\"><p>phase <span>3<\/span><\/p><\/div><\/div><div class=\"produit-item swiper-slide\"><div class=\"produit-image\"><a href=\"https:\/\/nannienergy.com\/fr\/produit\/generateur-85st50\/\"><img decoding=\"async\" src=\"https:\/\/nannienergy.com\/wp-content\/uploads\/2024\/08\/Q4500-45CT50_SOUNDLESS-11.jpg\" alt=\"\" \/><\/a><\/div><h2><a href=\"https:\/\/nannienergy.com\/fr\/produit\/generateur-85st50\/\">85ST50<\/a><\/h2><div class=\"puissance\"><p>Puissance <span>84.6 kW<\/span><\/p><\/div><div class=\"frequence\"><p>Fr\u00e9quence <span>50 Hz<\/span><\/p><\/div><div class=\"phase\"><p>phase <span>3<\/span><\/p><\/div><\/div><div class=\"produit-item swiper-slide\"><div class=\"produit-image\"><a href=\"https:\/\/nannienergy.com\/fr\/produit\/generateur-98st60\/\"><img decoding=\"async\" src=\"https:\/\/nannienergy.com\/wp-content\/uploads\/2024\/08\/Q4500-45CT50_SOUNDLESS-11.jpg\" alt=\"\" \/><\/a><\/div><h2><a href=\"https:\/\/nannienergy.com\/fr\/produit\/generateur-98st60\/\">98ST60<\/a><\/h2><div class=\"puissance\"><p>Puissance <span>98.4 kW<\/span><\/p><\/div><div class=\"frequence\"><p>Fr\u00e9quence <span>50 Hz<\/span><\/p><\/div><div class=\"phase\"><p>phase <span>3<\/span><\/p><\/div><\/div><div class=\"produit-item swiper-slide\"><div class=\"produit-image\"><a href=\"https:\/\/nannienergy.com\/fr\/produit\/generateur-100st50\/\"><img decoding=\"async\" src=\"https:\/\/nannienergy.com\/wp-content\/uploads\/2024\/08\/Q6800-COCON-2.jpg\" alt=\"\" \/><\/a><\/div><h2><a href=\"https:\/\/nannienergy.com\/fr\/produit\/generateur-100st50\/\">100ST50<\/a><\/h2><div class=\"puissance\"><p>Puissance <span>98.4 kW<\/span><\/p><\/div><div class=\"frequence\"><p>Fr\u00e9quence <span>50 Hz<\/span><\/p><\/div><div class=\"phase\"><p>phase <span>3<\/span><\/p><\/div><\/div><div class=\"produit-item swiper-slide\"><div class=\"produit-image\"><a href=\"https:\/\/nannienergy.com\/fr\/produit\/generateur-106st60\/\"><img decoding=\"async\" src=\"https:\/\/nannienergy.com\/wp-content\/uploads\/2024\/08\/Q6800-COCON-2.jpg\" alt=\"\" \/><\/a><\/div><h2><a href=\"https:\/\/nannienergy.com\/fr\/produit\/generateur-106st60\/\">106ST60<\/a><\/h2><div class=\"puissance\"><p>Puissance <span>106.4 kW<\/span><\/p><\/div><div class=\"frequence\"><p>Fr\u00e9quence <span>60 Hz<\/span><\/p><\/div><div class=\"phase\"><p>phase <span>3<\/span><\/p><\/div><\/div><div class=\"produit-item swiper-slide\"><div class=\"produit-image\"><a href=\"https:\/\/nannienergy.com\/fr\/produit\/generateur-125st50\/\"><img decoding=\"async\" src=\"https:\/\/nannienergy.com\/wp-content\/uploads\/2024\/08\/Q6800-COCON-2.jpg\" alt=\"\" \/><\/a><\/div><h2><a href=\"https:\/\/nannienergy.com\/fr\/produit\/generateur-125st50\/\">125ST50<\/a><\/h2><div class=\"puissance\"><p>Puissance <span>123 kW<\/span><\/p><\/div><div class=\"frequence\"><p>Fr\u00e9quence <span>50 Hz<\/span><\/p><\/div><div class=\"phase\"><p>phase <span>3<\/span><\/p><\/div><\/div><div class=\"produit-item swiper-slide\"><div class=\"produit-image\"><a href=\"https:\/\/nannienergy.com\/fr\/produit\/generateur-125st60\/\"><img decoding=\"async\" src=\"https:\/\/nannienergy.com\/wp-content\/uploads\/2024\/08\/Q6800-COCON-2.jpg\" alt=\"\" \/><\/a><\/div><h2><a href=\"https:\/\/nannienergy.com\/fr\/produit\/generateur-125st60\/\">125ST60<\/a><\/h2><div class=\"puissance\"><p>Puissance <span>122.9 kW<\/span><\/p><\/div><div class=\"frequence\"><p>Fr\u00e9quence <span>60 Hz<\/span><\/p><\/div><div class=\"phase\"><p>phase <span>3<\/span><\/p><\/div><\/div><\/div><div class=\"swiper-button-next\"><\/div><div class=\"swiper-button-prev\"><\/div><\/div>[\/vc_column_text][vc_column_text]<a class=\"tertiary\" href=\"https:\/\/nannienergy.com\/fr\/plaisance\/superyachts\/generateurs\/\">Voir tous les g\u00e9n\u00e9rateurs pour les superyacht<\/a>[\/vc_column_text][\/vc_column][\/vc_row][vc_row el_class=\u00a0\u00bbbandeau-bleu-img-bg\u00a0\u00bb][vc_column css_animation=\u00a0\u00bbfadeInUp\u00a0\u00bb width=\u00a0\u00bb1\/2&Prime;][vc_column_text css=\u00a0\u00bb\u00a0\u00bb]<\/p>\n<h2>Solutions hybrides<\/h2>\n<p>Lorem ipsum dolor sit amet, consectetur adipiscing elit[\/vc_column_text][\/vc_column][vc_column css_animation=\u00a0\u00bbfadeInUp\u00a0\u00bb width=\u00a0\u00bb1\/2&Prime;][vc_column_text css=\u00a0\u00bb\u00a0\u00bb]Lorem ipsum dolor sit amet, consectetur adipiscing elit. Vivamus a bibendum arcu, euismod viverra lorem. Curabitur blandit erat quam, ut vulputate augue vulputate sed. Donec id leo vitae ipsum elementum placerat. Maecenas dictum ipsum nibh, ut vulputate augue vulputate sed li\u2028vel sodales libero aliquam id. Sed sapien sem, aliquet.<\/p>\n<p><a class=\"button tertiary\" href=\"#\">En savoir plus<\/a>[\/vc_column_text][\/vc_column][\/vc_row][vc_row el_class=\u00a0\u00bbunivers-extension-garantie\u00a0\u00bb][vc_column css_animation=\u00a0\u00bbfadeIn\u00a0\u00bb][vc_column_text css=\u00a0\u00bb\u00a0\u00bb]<\/p>\n<h2>Services<\/h2>\n<p>[\/vc_column_text][vc_column_text css=\u00a0\u00bb\u00a0\u00bb]<\/p>\n<ul>\n<li>\n<h3>Pi\u00e8ces de rechange<\/h3>\n<p>Prenez soin de votre investissement, choisissez la pi\u00e8ce d\u2019origine Nanni.<\/li>\n<li>\n<h3>Garantie<\/h3>\n<p>Un programme de garantie complet pour votre investissement, vous pouvez naviguer avec tranquillit\u00e9 !<\/li>\n<li>\n<h3>Documentation<\/h3>\n<p>Retrouvez tous les manuels, garanties et documents essentiels sur les produits et services Nanni en ligne.<\/li>\n<\/ul>\n<p>[\/vc_column_text][vc_column_text css=\u00a0\u00bb\u00a0\u00bb]En tant que propri\u00e9taire d\u2019un produit Nanni, vous pouvez compter sur notre engagement assidu envers la qualit\u00e9, la fiabilit\u00e9 et le service \u00e0 la client\u00e8le. Pour vous soutenir tout au long de votre exp\u00e9rience, notre r\u00e9seau de service est l\u00e0 : que ce soit pour vous fournir un programme de garantie complet, r\u00e9pondre \u00e0 vos questions, vous donner des conseils d\u2019entretien, vous offrir des cours pratiques ou encore vous fournir des pi\u00e8ces de rechanges d\u2019origine Nanni.[\/vc_column_text][vc_single_image image=\u00a0\u00bb9904&Prime; img_size=\u00a0\u00bbfull\u00a0\u00bb css=\u00a0\u00bb\u00a0\u00bb][\/vc_column][\/vc_row][vc_row el_class=\u00a0\u00bbunivers-logos\u00a0\u00bb][vc_column][vc_column_text css=\u00a0\u00bb\u00a0\u00bb]<\/p>\n<h2 style=\"text-align: center;\">Ils nous font confiance<\/h2>\n<p>[\/vc_column_text][vc_gallery type=\u00a0\u00bbimage_grid\u00a0\u00bb images=\u00a0\u00bb9936,9926,10953&Prime; img_size=\u00a0\u00bbfull\u00a0\u00bb onclick=\u00a0\u00bb\u00a0\u00bb css=\u00a0\u00bb\u00a0\u00bb][\/vc_column][\/vc_row]<\/p>\n<\/div>","protected":false},"excerpt":{"rendered":"[vc_row full_width=\u00a0\u00bbstretch_row_content\u00a0\u00bb el_class=\u00a0\u00bbtitle_content univers\u00a0\u00bb css=\u00a0\u00bb.vc_custom_1725028425158{background-position: center !important;background-repeat: no-repeat !important;background-size: cover !important;}\u00a0\u00bb][vc_column][vc_raw_html css=\u00a0\u00bb\u00a0\u00bb]JTNDdmlkZW8lMjBhdXRvcGxheSUzRCUyMmF1dG9wbGF5JTIyJTIwbG9vcCUzRCUyMmxvb3AlMjIlMjBtdXRlZCUzRCUyMiUyMiUyMHdpZHRoJTNEJTIyMzAwJTIyJTIwaGVpZ2h0JTNEJTIyMTUwJTIyJTNFJTIwJTNDc291cmNlJTIwc3JjJTNEJTIyaHR0cHMlM0ElMkYlMkZuYW5uaWVuZXJneS5jb20lMkZ3cC1jb250ZW50JTJGdXBsb2FkcyUyRjIwMjQlMkYwOCUyRlBvd2VyaW5nX3BsZWFzdXJlX1NVUEVSWUFDSFRfd2ViLW5hbm5pLm00diUyMiUyMCUyRiUzRSUzQyUyRnZpZGVvJTNF[\/vc_raw_html][vc_column_text el_class=\u00a0\u00bbbreadcrumb\u00a0\u00bb][\/vc_column_text][vc_column_text css_animation=\u00a0\u00bbfadeIn\u00a0\u00bb el_class=\u00a0\u00bbtitle_container\u00a0\u00bb] Superyachts [\/vc_column_text][\/vc_column][\/vc_row][vc_row css=\u00a0\u00bb.vc_custom_1753433712400{background-position: center !important;background-repeat: no-repeat !important;background-size: cover !important;}\u00a0\u00bb el_class=\u00a0\u00bbintro-univers\u00a0\u00bb][vc_column css_animation=\u00a0\u00bbfadeInLeft\u00a0\u00bb width=\u00a0\u00bb1\/2&Prime;][vc_column_text css_animation=\u00a0\u00bbnone\u00a0\u00bb css=\u00a0\u00bb\u00a0\u00bb]Nanni propose une gamme compl\u00e8te de moteurs de propulsion et de solutions \u00e9nerg\u00e9tiques pour les superyachts. Con\u00e7ues pour des bateaux de 50 \u00e0 100 pieds, nos solutions&#8230; <a class=\"view-article\" href=\"https:\/\/nannienergy.com\/fr\/produit\/generateur-125st60\/\">Voir l&rsquo;article<\/a>","protected":false},"author":1,"featured_media":0,"parent":20,"menu_order":0,"comment_status":"closed","ping_status":"closed","template":"","meta":{"_acf_changed":false,"footnotes":""},"class_list":["post-5706","page","type-page","status-publish","hentry"],"acf":[],"yoast_head":"<!-- This site is optimized with the Yoast SEO plugin v26.4 - https:\/\/yoast.com\/wordpress\/plugins\/seo\/ -->\n<title>Superyachts - Nanni Industries<\/title>\n<meta name=\"robots\" content=\"index, follow, max-snippet:-1, max-image-preview:large, max-video-preview:-1\" \/>\n<link rel=\"canonical\" href=\"https:\/\/nannienergy.com\/fr\/plaisance\/superyachts\/\" \/>\n<meta property=\"og:locale\" content=\"fr_FR\" \/>\n<meta property=\"og:type\" content=\"article\" \/>\n<meta property=\"og:title\" content=\"Superyachts - Nanni Industries\" \/>\n<meta property=\"og:description\" content=\"[vc_row full_width=\u00a0\u00bbstretch_row_content\u00a0\u00bb el_class=\u00a0\u00bbtitle_content univers\u00a0\u00bb css=\u00a0\u00bb.vc_custom_1725028425158{background-position: center !important;background-repeat: no-repeat !important;background-size: cover !important;}\u00a0\u00bb][vc_column][vc_raw_html css=\u00a0\u00bb\u00a0\u00bb]JTNDdmlkZW8lMjBhdXRvcGxheSUzRCUyMmF1dG9wbGF5JTIyJTIwbG9vcCUzRCUyMmxvb3AlMjIlMjBtdXRlZCUzRCUyMiUyMiUyMHdpZHRoJTNEJTIyMzAwJTIyJTIwaGVpZ2h0JTNEJTIyMTUwJTIyJTNFJTIwJTNDc291cmNlJTIwc3JjJTNEJTIyaHR0cHMlM0ElMkYlMkZuYW5uaWVuZXJneS5jb20lMkZ3cC1jb250ZW50JTJGdXBsb2FkcyUyRjIwMjQlMkYwOCUyRlBvd2VyaW5nX3BsZWFzdXJlX1NVUEVSWUFDSFRfd2ViLW5hbm5pLm00diUyMiUyMCUyRiUzRSUzQyUyRnZpZGVvJTNF[\/vc_raw_html][vc_column_text el_class=\u00a0\u00bbbreadcrumb\u00a0\u00bb][\/vc_column_text][vc_column_text css_animation=\u00a0\u00bbfadeIn\u00a0\u00bb el_class=\u00a0\u00bbtitle_container\u00a0\u00bb] Superyachts [\/vc_column_text][\/vc_column][\/vc_row][vc_row css=\u00a0\u00bb.vc_custom_1753433712400{background-position: center !important;background-repeat: no-repeat !important;background-size: cover !important;}\u00a0\u00bb el_class=\u00a0\u00bbintro-univers\u00a0\u00bb][vc_column css_animation=\u00a0\u00bbfadeInLeft\u00a0\u00bb width=\u00a0\u00bb1\/2&Prime;][vc_column_text css_animation=\u00a0\u00bbnone\u00a0\u00bb css=\u00a0\u00bb\u00a0\u00bb]Nanni propose une gamme compl\u00e8te de moteurs de propulsion et de solutions \u00e9nerg\u00e9tiques pour les superyachts. Con\u00e7ues pour des bateaux de 50 \u00e0 100 pieds, nos solutions... Voir l&#039;article\" \/>\n<meta property=\"og:url\" content=\"https:\/\/nannienergy.com\/fr\/plaisance\/superyachts\/\" \/>\n<meta property=\"og:site_name\" content=\"Nanni Industries\" \/>\n<meta property=\"article:modified_time\" content=\"2025-08-26T14:00:23+00:00\" \/>\n<meta name=\"twitter:card\" content=\"summary_large_image\" \/>\n<meta name=\"twitter:label1\" content=\"Dur\u00e9e de lecture estim\u00e9e\" \/>\n\t<meta name=\"twitter:data1\" content=\"3 minutes\" \/>\n<script type=\"application\/ld+json\" class=\"yoast-schema-graph\">{\"@context\":\"https:\/\/schema.org\",\"@graph\":[{\"@type\":\"WebPage\",\"@id\":\"https:\/\/nannienergy.com\/fr\/plaisance\/superyachts\/\",\"url\":\"https:\/\/nannienergy.com\/fr\/plaisance\/superyachts\/\",\"name\":\"Superyachts - Nanni Industries\",\"isPartOf\":{\"@id\":\"https:\/\/nannienergy.com\/fr\/#website\"},\"datePublished\":\"2024-06-06T13:06:53+00:00\",\"dateModified\":\"2025-08-26T14:00:23+00:00\",\"breadcrumb\":{\"@id\":\"https:\/\/nannienergy.com\/fr\/plaisance\/superyachts\/#breadcrumb\"},\"inLanguage\":\"fr-FR\",\"potentialAction\":[{\"@type\":\"ReadAction\",\"target\":[\"https:\/\/nannienergy.com\/fr\/plaisance\/superyachts\/\"]}]},{\"@type\":\"BreadcrumbList\",\"@id\":\"https:\/\/nannienergy.com\/fr\/plaisance\/superyachts\/#breadcrumb\",\"itemListElement\":[{\"@type\":\"ListItem\",\"position\":1,\"name\":\"\",\"item\":\"https:\/\/nannienergy.com\/fr\/\"},{\"@type\":\"ListItem\",\"position\":2,\"name\":\"Plaisance\",\"item\":\"https:\/\/nannienergy.com\/fr\/plaisance\/\"},{\"@type\":\"ListItem\",\"position\":3,\"name\":\"Superyachts\"}]},{\"@type\":\"WebSite\",\"@id\":\"https:\/\/nannienergy.com\/fr\/#website\",\"url\":\"https:\/\/nannienergy.com\/fr\/\",\"name\":\"Nanni Industries\",\"description\":\"\",\"potentialAction\":[{\"@type\":\"SearchAction\",\"target\":{\"@type\":\"EntryPoint\",\"urlTemplate\":\"https:\/\/nannienergy.com\/fr\/?s={search_term_string}\"},\"query-input\":{\"@type\":\"PropertyValueSpecification\",\"valueRequired\":true,\"valueName\":\"search_term_string\"}}],\"inLanguage\":\"fr-FR\"}]}<\/script>\n<!-- \/ Yoast SEO plugin. -->","yoast_head_json":{"title":"Superyachts - Nanni Industries","robots":{"index":"index","follow":"follow","max-snippet":"max-snippet:-1","max-image-preview":"max-image-preview:large","max-video-preview":"max-video-preview:-1"},"canonical":"https:\/\/nannienergy.com\/fr\/plaisance\/superyachts\/","og_locale":"fr_FR","og_type":"article","og_title":"Superyachts - Nanni Industries","og_description":"[vc_row full_width=\u00a0\u00bbstretch_row_content\u00a0\u00bb el_class=\u00a0\u00bbtitle_content univers\u00a0\u00bb css=\u00a0\u00bb.vc_custom_1725028425158{background-position: center !important;background-repeat: no-repeat !important;background-size: cover !important;}\u00a0\u00bb][vc_column][vc_raw_html css=\u00a0\u00bb\u00a0\u00bb]JTNDdmlkZW8lMjBhdXRvcGxheSUzRCUyMmF1dG9wbGF5JTIyJTIwbG9vcCUzRCUyMmxvb3AlMjIlMjBtdXRlZCUzRCUyMiUyMiUyMHdpZHRoJTNEJTIyMzAwJTIyJTIwaGVpZ2h0JTNEJTIyMTUwJTIyJTNFJTIwJTNDc291cmNlJTIwc3JjJTNEJTIyaHR0cHMlM0ElMkYlMkZuYW5uaWVuZXJneS5jb20lMkZ3cC1jb250ZW50JTJGdXBsb2FkcyUyRjIwMjQlMkYwOCUyRlBvd2VyaW5nX3BsZWFzdXJlX1NVUEVSWUFDSFRfd2ViLW5hbm5pLm00diUyMiUyMCUyRiUzRSUzQyUyRnZpZGVvJTNF[\/vc_raw_html][vc_column_text el_class=\u00a0\u00bbbreadcrumb\u00a0\u00bb][\/vc_column_text][vc_column_text css_animation=\u00a0\u00bbfadeIn\u00a0\u00bb el_class=\u00a0\u00bbtitle_container\u00a0\u00bb] Superyachts [\/vc_column_text][\/vc_column][\/vc_row][vc_row css=\u00a0\u00bb.vc_custom_1753433712400{background-position: center !important;background-repeat: no-repeat !important;background-size: cover !important;}\u00a0\u00bb el_class=\u00a0\u00bbintro-univers\u00a0\u00bb][vc_column css_animation=\u00a0\u00bbfadeInLeft\u00a0\u00bb width=\u00a0\u00bb1\/2&Prime;][vc_column_text css_animation=\u00a0\u00bbnone\u00a0\u00bb css=\u00a0\u00bb\u00a0\u00bb]Nanni propose une gamme compl\u00e8te de moteurs de propulsion et de solutions \u00e9nerg\u00e9tiques pour les superyachts. Con\u00e7ues pour des bateaux de 50 \u00e0 100 pieds, nos solutions... Voir l'article","og_url":"https:\/\/nannienergy.com\/fr\/plaisance\/superyachts\/","og_site_name":"Nanni Industries","article_modified_time":"2025-08-26T14:00:23+00:00","twitter_card":"summary_large_image","twitter_misc":{"Dur\u00e9e de lecture estim\u00e9e":"3 minutes"},"schema":{"@context":"https:\/\/schema.org","@graph":[{"@type":"WebPage","@id":"https:\/\/nannienergy.com\/fr\/plaisance\/superyachts\/","url":"https:\/\/nannienergy.com\/fr\/plaisance\/superyachts\/","name":"Superyachts - Nanni Industries","isPartOf":{"@id":"https:\/\/nannienergy.com\/fr\/#website"},"datePublished":"2024-06-06T13:06:53+00:00","dateModified":"2025-08-26T14:00:23+00:00","breadcrumb":{"@id":"https:\/\/nannienergy.com\/fr\/plaisance\/superyachts\/#breadcrumb"},"inLanguage":"fr-FR","potentialAction":[{"@type":"ReadAction","target":["https:\/\/nannienergy.com\/fr\/plaisance\/superyachts\/"]}]},{"@type":"BreadcrumbList","@id":"https:\/\/nannienergy.com\/fr\/plaisance\/superyachts\/#breadcrumb","itemListElement":[{"@type":"ListItem","position":1,"name":"","item":"https:\/\/nannienergy.com\/fr\/"},{"@type":"ListItem","position":2,"name":"Plaisance","item":"https:\/\/nannienergy.com\/fr\/plaisance\/"},{"@type":"ListItem","position":3,"name":"Superyachts"}]},{"@type":"WebSite","@id":"https:\/\/nannienergy.com\/fr\/#website","url":"https:\/\/nannienergy.com\/fr\/","name":"Nanni Industries","description":"","potentialAction":[{"@type":"SearchAction","target":{"@type":"EntryPoint","urlTemplate":"https:\/\/nannienergy.com\/fr\/?s={search_term_string}"},"query-input":{"@type":"PropertyValueSpecification","valueRequired":true,"valueName":"search_term_string"}}],"inLanguage":"fr-FR"}]}},"_links":{"self":[{"href":"https:\/\/nannienergy.com\/fr\/wp-json\/wp\/v2\/pages\/5706","targetHints":{"allow":["GET"]}}],"collection":[{"href":"https:\/\/nannienergy.com\/fr\/wp-json\/wp\/v2\/pages"}],"about":[{"href":"https:\/\/nannienergy.com\/fr\/wp-json\/wp\/v2\/types\/page"}],"author":[{"embeddable":true,"href":"https:\/\/nannienergy.com\/fr\/wp-json\/wp\/v2\/users\/1"}],"replies":[{"embeddable":true,"href":"https:\/\/nannienergy.com\/fr\/wp-json\/wp\/v2\/comments?post=5706"}],"version-history":[{"count":0,"href":"https:\/\/nannienergy.com\/fr\/wp-json\/wp\/v2\/pages\/5706\/revisions"}],"up":[{"embeddable":true,"href":"https:\/\/nannienergy.com\/fr\/wp-json\/wp\/v2\/pages\/20"}],"wp:attachment":[{"href":"https:\/\/nannienergy.com\/fr\/wp-json\/wp\/v2\/media?parent=5706"}],"curies":[{"name":"wp","href":"https:\/\/api.w.org\/{rel}","templated":true}]}}