{"id":6133,"date":"2024-06-20T14:41:14","date_gmt":"2024-06-20T12:41:14","guid":{"rendered":"https:\/\/preprod.nannienergy.com\/plaisance\/power-boats\/generateurs-copy\/"},"modified":"2024-08-29T16:35:25","modified_gmt":"2024-08-29T14:35:25","slug":"generateurs","status":"publish","type":"page","link":"https:\/\/nannienergy.com\/fr\/plaisance\/yacht\/generateurs\/","title":{"rendered":"Yacht &#8211; G\u00e9n\u00e9rateurs"},"content":{"rendered":"<h1>G\u00e9n\u00e9rateurs pour les yachts<\/h1>\n","protected":false},"excerpt":{"rendered":"G\u00e9n\u00e9rateurs pour les yachts","protected":false},"author":1,"featured_media":0,"parent":5705,"menu_order":0,"comment_status":"closed","ping_status":"closed","template":"template-produit-loop.php","meta":{"_acf_changed":false,"footnotes":""},"class_list":["post-6133","page","type-page","status-publish","hentry"],"acf":[],"yoast_head":"<!-- This site is optimized with the Yoast SEO plugin v26.4 - https:\/\/yoast.com\/wordpress\/plugins\/seo\/ -->\n<title>Yacht - G\u00e9n\u00e9rateurs - Nanni Industries<\/title>\n<meta name=\"robots\" content=\"index, follow, max-snippet:-1, max-image-preview:large, max-video-preview:-1\" \/>\n<link rel=\"canonical\" href=\"https:\/\/nannienergy.com\/fr\/plaisance\/yacht\/generateurs\/\" \/>\n<meta property=\"og:locale\" content=\"fr_FR\" \/>\n<meta property=\"og:type\" content=\"article\" \/>\n<meta property=\"og:title\" content=\"Yacht - G\u00e9n\u00e9rateurs - Nanni Industries\" \/>\n<meta property=\"og:description\" content=\"G\u00e9n\u00e9rateurs pour les yachts\" \/>\n<meta property=\"og:url\" content=\"https:\/\/nannienergy.com\/fr\/plaisance\/yacht\/generateurs\/\" \/>\n<meta property=\"og:site_name\" content=\"Nanni Industries\" \/>\n<meta property=\"article:modified_time\" content=\"2024-08-29T14:35:25+00:00\" \/>\n<meta name=\"twitter:card\" content=\"summary_large_image\" \/>\n<meta name=\"twitter:label1\" content=\"Dur\u00e9e de lecture estim\u00e9e\" \/>\n\t<meta name=\"twitter:data1\" content=\"1 minute\" \/>\n<script type=\"application\/ld+json\" class=\"yoast-schema-graph\">{\"@context\":\"https:\/\/schema.org\",\"@graph\":[{\"@type\":\"WebPage\",\"@id\":\"https:\/\/nannienergy.com\/fr\/plaisance\/yacht\/generateurs\/\",\"url\":\"https:\/\/nannienergy.com\/fr\/plaisance\/yacht\/generateurs\/\",\"name\":\"Yacht - G\u00e9n\u00e9rateurs - Nanni Industries\",\"isPartOf\":{\"@id\":\"https:\/\/nannienergy.com\/fr\/#website\"},\"datePublished\":\"2024-06-20T12:41:14+00:00\",\"dateModified\":\"2024-08-29T14:35:25+00:00\",\"breadcrumb\":{\"@id\":\"https:\/\/nannienergy.com\/fr\/plaisance\/yacht\/generateurs\/#breadcrumb\"},\"inLanguage\":\"fr-FR\",\"potentialAction\":[{\"@type\":\"ReadAction\",\"target\":[\"https:\/\/nannienergy.com\/fr\/plaisance\/yacht\/generateurs\/\"]}]},{\"@type\":\"BreadcrumbList\",\"@id\":\"https:\/\/nannienergy.com\/fr\/plaisance\/yacht\/generateurs\/#breadcrumb\",\"itemListElement\":[{\"@type\":\"ListItem\",\"position\":1,\"name\":\"\",\"item\":\"https:\/\/nannienergy.com\/fr\/\"},{\"@type\":\"ListItem\",\"position\":2,\"name\":\"Plaisance\",\"item\":\"https:\/\/nannienergy.com\/fr\/plaisance\/\"},{\"@type\":\"ListItem\",\"position\":3,\"name\":\"Yacht\",\"item\":\"https:\/\/nannienergy.com\/fr\/plaisance\/yacht\/\"},{\"@type\":\"ListItem\",\"position\":4,\"name\":\"Yacht &#8211; G\u00e9n\u00e9rateurs\"}]},{\"@type\":\"WebSite\",\"@id\":\"https:\/\/nannienergy.com\/fr\/#website\",\"url\":\"https:\/\/nannienergy.com\/fr\/\",\"name\":\"Nanni Industries\",\"description\":\"\",\"potentialAction\":[{\"@type\":\"SearchAction\",\"target\":{\"@type\":\"EntryPoint\",\"urlTemplate\":\"https:\/\/nannienergy.com\/fr\/?s={search_term_string}\"},\"query-input\":{\"@type\":\"PropertyValueSpecification\",\"valueRequired\":true,\"valueName\":\"search_term_string\"}}],\"inLanguage\":\"fr-FR\"}]}<\/script>\n<!-- \/ Yoast SEO plugin. -->","yoast_head_json":{"title":"Yacht - G\u00e9n\u00e9rateurs - Nanni Industries","robots":{"index":"index","follow":"follow","max-snippet":"max-snippet:-1","max-image-preview":"max-image-preview:large","max-video-preview":"max-video-preview:-1"},"canonical":"https:\/\/nannienergy.com\/fr\/plaisance\/yacht\/generateurs\/","og_locale":"fr_FR","og_type":"article","og_title":"Yacht - G\u00e9n\u00e9rateurs - Nanni Industries","og_description":"G\u00e9n\u00e9rateurs pour les yachts","og_url":"https:\/\/nannienergy.com\/fr\/plaisance\/yacht\/generateurs\/","og_site_name":"Nanni Industries","article_modified_time":"2024-08-29T14:35:25+00:00","twitter_card":"summary_large_image","twitter_misc":{"Dur\u00e9e de lecture estim\u00e9e":"1 minute"},"schema":{"@context":"https:\/\/schema.org","@graph":[{"@type":"WebPage","@id":"https:\/\/nannienergy.com\/fr\/plaisance\/yacht\/generateurs\/","url":"https:\/\/nannienergy.com\/fr\/plaisance\/yacht\/generateurs\/","name":"Yacht - G\u00e9n\u00e9rateurs - Nanni Industries","isPartOf":{"@id":"https:\/\/nannienergy.com\/fr\/#website"},"datePublished":"2024-06-20T12:41:14+00:00","dateModified":"2024-08-29T14:35:25+00:00","breadcrumb":{"@id":"https:\/\/nannienergy.com\/fr\/plaisance\/yacht\/generateurs\/#breadcrumb"},"inLanguage":"fr-FR","potentialAction":[{"@type":"ReadAction","target":["https:\/\/nannienergy.com\/fr\/plaisance\/yacht\/generateurs\/"]}]},{"@type":"BreadcrumbList","@id":"https:\/\/nannienergy.com\/fr\/plaisance\/yacht\/generateurs\/#breadcrumb","itemListElement":[{"@type":"ListItem","position":1,"name":"","item":"https:\/\/nannienergy.com\/fr\/"},{"@type":"ListItem","position":2,"name":"Plaisance","item":"https:\/\/nannienergy.com\/fr\/plaisance\/"},{"@type":"ListItem","position":3,"name":"Yacht","item":"https:\/\/nannienergy.com\/fr\/plaisance\/yacht\/"},{"@type":"ListItem","position":4,"name":"Yacht &#8211; G\u00e9n\u00e9rateurs"}]},{"@type":"WebSite","@id":"https:\/\/nannienergy.com\/fr\/#website","url":"https:\/\/nannienergy.com\/fr\/","name":"Nanni Industries","description":"","potentialAction":[{"@type":"SearchAction","target":{"@type":"EntryPoint","urlTemplate":"https:\/\/nannienergy.com\/fr\/?s={search_term_string}"},"query-input":{"@type":"PropertyValueSpecification","valueRequired":true,"valueName":"search_term_string"}}],"inLanguage":"fr-FR"}]}},"_links":{"self":[{"href":"https:\/\/nannienergy.com\/fr\/wp-json\/wp\/v2\/pages\/6133","targetHints":{"allow":["GET"]}}],"collection":[{"href":"https:\/\/nannienergy.com\/fr\/wp-json\/wp\/v2\/pages"}],"about":[{"href":"https:\/\/nannienergy.com\/fr\/wp-json\/wp\/v2\/types\/page"}],"author":[{"embeddable":true,"href":"https:\/\/nannienergy.com\/fr\/wp-json\/wp\/v2\/users\/1"}],"replies":[{"embeddable":true,"href":"https:\/\/nannienergy.com\/fr\/wp-json\/wp\/v2\/comments?post=6133"}],"version-history":[{"count":0,"href":"https:\/\/nannienergy.com\/fr\/wp-json\/wp\/v2\/pages\/6133\/revisions"}],"up":[{"embeddable":true,"href":"https:\/\/nannienergy.com\/fr\/wp-json\/wp\/v2\/pages\/5705"}],"wp:attachment":[{"href":"https:\/\/nannienergy.com\/fr\/wp-json\/wp\/v2\/media?parent=6133"}],"curies":[{"name":"wp","href":"https:\/\/api.w.org\/{rel}","templated":true}]}}