{"id":8,"date":"2023-07-20T11:24:52","date_gmt":"2023-07-20T09:24:52","guid":{"rendered":"https:\/\/preprod.nannienergy.com\/?page_id=8"},"modified":"2025-09-03T13:19:14","modified_gmt":"2025-09-03T11:19:14","slug":"produits","status":"publish","type":"page","link":"https:\/\/nannienergy.com\/fr\/produits\/","title":{"rendered":"Produits"},"content":{"rendered":"<div class=\"wpb-content-wrapper\"><p>[vc_row full_width=\u00a0\u00bbstretch_row_content\u00a0\u00bb el_class=\u00a0\u00bbtitle_content parent title-without-txt\u00a0\u00bb css=\u00a0\u00bb.vc_custom_1753184381885{background-image: url(https:\/\/nannienergy.com\/wp-content\/uploads\/2023\/08\/nanni-products-intro.jpg?id=367) !important;background-position: center !important;background-repeat: no-repeat !important;background-size: cover !important;}\u00a0\u00bb][vc_column][vc_column_text el_class=\u00a0\u00bbbreadcrumb\u00a0\u00bb]<span><span><a href=\"https:\/\/nannienergy.com\/fr\/\"><span class=\"home\"><\/span><\/a><\/span><\/span>[\/vc_column_text][vc_column_text css_animation=\u00a0\u00bbfadeIn\u00a0\u00bb css=\u00a0\u00bb\u00a0\u00bb el_class=\u00a0\u00bbtitle_container\u00a0\u00bb]<\/p>\n<h1>Produits<\/h1>\n<p>[\/vc_column_text][\/vc_column][\/vc_row][vc_row css_animation=\u00a0\u00bbnone\u00a0\u00bb el_class=\u00a0\u00bbhome_gammes\u00a0\u00bb][vc_column css_animation=\u00a0\u00bbfadeInUp\u00a0\u00bb][vc_column_text css_animation=\u00a0\u00bbnone\u00a0\u00bb css=\u00a0\u00bb\u00a0\u00bb]<\/p>\n<h2 class=\"title_large\">Soyez aux commandes.<\/h2>\n<p>Nanni propose une gamme de produits allant du yachting aux applications professionnelles, des moteurs de propulsion et des g\u00e9n\u00e9rateurs aux accessoires et transmissions, tous n\u00e9cessaires pour vous offrir la meilleure exp\u00e9rience de navigation.[\/vc_column_text][vc_row_inner][vc_column_inner width=\u00a0\u00bb1\/3&Prime;][vc_single_image image=\u00a0\u00bb11139&Prime; img_size=\u00a0\u00bbgammes\u00a0\u00bb css=\u00a0\u00bb\u00a0\u00bb][vc_column_text css=\u00a0\u00bb\u00a0\u00bb]<\/p>\n<h3 style=\"text-align: center;\">Moteurs<\/h3>\n<p style=\"text-align: center;\">Une gamme compl\u00e8te de moteurs de propulsion. Fiables et efficaces, nos syst\u00e8mes de propulsion marine ont \u00e9t\u00e9 d\u00e9velopp\u00e9s pour vous donner les meilleures conditions de navigation possibles.<\/p>\n<p style=\"text-align: center;\"><a class=\"link-chevron\" href=\"\/fr\/produits\/moteurs-propulsion\/\">Lien<\/a><\/p>\n<p>[\/vc_column_text][\/vc_column_inner][vc_column_inner width=\u00a0\u00bb1\/3&Prime;][vc_single_image image=\u00a0\u00bb11141&Prime; img_size=\u00a0\u00bbgammes\u00a0\u00bb css=\u00a0\u00bb\u00a0\u00bb][vc_column_text css=\u00a0\u00bb\u00a0\u00bb]<\/p>\n<h3 style=\"text-align: center;\">G\u00e9n\u00e9rateurs<\/h3>\n<p style=\"text-align: center;\">Une gamme compl\u00e8te de g\u00e9n\u00e9rateurs marins. Fiables, performants, nos groupes \u00e9lectrog\u00e8nes marins ont \u00e9t\u00e9 d\u00e9velopp\u00e9s avec des options d&rsquo;insonorisation, pour am\u00e9liorer votre confort \u00e0 bord.<\/p>\n<p style=\"text-align: center;\"><a class=\"link-chevron\" href=\"\/fr\/produits\/generateurs\/\">Lien<\/a><\/p>\n<p>[\/vc_column_text][\/vc_column_inner][vc_column_inner width=\u00a0\u00bb1\/3&Prime;][vc_single_image image=\u00a0\u00bb11144&Prime; img_size=\u00a0\u00bbgammes\u00a0\u00bb css=\u00a0\u00bb\u00a0\u00bb][vc_column_text css=\u00a0\u00bb\u00a0\u00bb]<\/p>\n<h3 style=\"text-align: center;\">Accessoires<\/h3>\n<p style=\"text-align: center;\">Nos manettes et joysticks sont pens\u00e9s comme autant d\u2019extensions du savoir-faire Nanni. Fiables et faciles \u00e0 prendre en main, ces accessoires vous permettent de contr\u00f4ler au mieux la puissance de votre moteur pour naviguer en toute s\u00e9r\u00e9nit\u00e9, en pleine mer ou dans le port.<\/p>\n<p style=\"text-align: center;\"><a class=\"link-chevron\" href=\"\/fr\/produits\/accessoires\/\">Lien<\/a><\/p>\n<p>[\/vc_column_text][\/vc_column_inner][\/vc_row_inner][\/vc_column][\/vc_row][vc_row css_animation=\u00a0\u00bbfadeIn\u00a0\u00bb el_class=\u00a0\u00bbimage-link\u00a0\u00bb][vc_column][vc_column_text css=\u00a0\u00bb\u00a0\u00bb]<\/p>\n<h2 style=\"text-align: center;\">Solutions de propulsion marine<\/h2>\n<p style=\"text-align: center;\">Nous fournissons tous les syst\u00e8mes et composants essentiels \u00e0 une salle des machines enti\u00e8rement op\u00e9rationnelle pour les yachts et navires commerciaux, couvrant la propulsion, la production d\u2019\u00e9lectricit\u00e9 et les \u00e9quipements auxiliaires.<\/p>\n<p><!-- imagelinks begin -->\n<div id=\"imgl-1-zu8xq\" class=\"imgl-map imgl-map-1 \"data-json-src=\"https:\/\/nannienergy.com\/wp-content\/uploads\/imagelinks\/1\/config.json?ver=1756460635\" data-item-id=\"1\" style=\"display:none;\" >\n<div class=\"imgl-store\">\n<div class=\"imgl-pin imgl-pin-1\" data-id=\"1\">\n<div class=\"imgl-pin-data\">\n<\/div>\n<\/div>\n<div class=\"imgl-pin imgl-pin-2\" data-id=\"2\">\n<div class=\"imgl-pin-data\">\n<\/div>\n<\/div>\n<div class=\"imgl-pin imgl-pin-3\" data-id=\"3\">\n<div class=\"imgl-pin-data\">\n<\/div>\n<\/div>\n<div class=\"imgl-pin imgl-pin-4\" data-id=\"4\">\n<div class=\"imgl-pin-data\">\n<\/div>\n<\/div>\n<div class=\"imgl-pin imgl-pin-5\" data-id=\"5\">\n<div class=\"imgl-pin-data\">\n<\/div>\n<\/div>\n<div class=\"imgl-tt imgl-tt-1\" data-id=\"1\" >\n<p><strong>G\u00e9n\u00e9rateur<\/strong><\/p>\n<p style=\"text-align: right;\"><a href=\"https:\/\/nannienergy.com\/fr\/produits\/generateurs\/\">En savoir plus<\/a><\/p><\/div>\n<div class=\"imgl-tt imgl-tt-2\" data-id=\"2\" >\n<p><strong>G\u00e9n\u00e9rateur<\/strong><\/p>\n<p style=\"text-align: right;\"><a href=\"https:\/\/nannienergy.com\/fr\/produits\/generateurs\/\">En savoir plus<\/a><\/p><\/div>\n<div class=\"imgl-tt imgl-tt-3\" data-id=\"3\" >\n<p><strong>Moteur propulsion<\/strong><\/p>\n<p style=\"text-align: right;\"><a href=\"https:\/\/nannienergy.com\/fr\/produits\/moteurs-propulsion\/\">En savoir plus<\/a><\/p><\/div>\n<div class=\"imgl-tt imgl-tt-4\" data-id=\"4\" >\n<p><strong>Moteur propulsion<\/strong><\/p>\n<p style=\"text-align: right;\"><a href=\"https:\/\/nannienergy.com\/fr\/produits\/moteurs-propulsion\/\">En savoir plus<\/a><\/p><\/div>\n<div class=\"imgl-tt imgl-tt-5\" data-id=\"5\" >\n<p><strong>Accessoires<\/strong><\/p>\n<p style=\"text-align: right;\"><a href=\"https:\/\/nannienergy.com\/fr\/produits\/moteurs-propulsion\/\">En savoir plus<\/a><\/p><\/div>\n<\/div>\n<\/div>\n<!-- imagelinks end -->\n[\/vc_column_text][\/vc_column][\/vc_row][vc_row el_class=\u00a0\u00bbbandeau-bleu\u00a0\u00bb][vc_column][vc_column_text css=\u00a0\u00bb\u00a0\u00bb]<\/p>\n<h2>Savoir-faire &amp; technologie<\/h2>\n<p>Con\u00e7ues pour offrir fiabilit\u00e9 et performance, nos solutions assurent une \u00e9nergie optimale en mer. Compatibles avec le HVO, nos moteurs permettent une transition vers une navigation plus responsable, \u00e0 votre rythme.<br \/>\nPour une s\u00e9r\u00e9nit\u00e9 totale, Nanni offre une garantie pouvant aller jusqu\u2019\u00e0 5 ans, v\u00e9ritable gage de s\u00e9curit\u00e9. Enfin, gr\u00e2ce \u00e0 notre innovation Soundless, profitez d\u2019un confort sonore in\u00e9gal\u00e9 pour une exp\u00e9rience de navigation encore plus agr\u00e9able.[\/vc_column_text][\/vc_column][\/vc_row]<\/p>\n<\/div>","protected":false},"excerpt":{"rendered":"[vc_row full_width=\u00a0\u00bbstretch_row_content\u00a0\u00bb el_class=\u00a0\u00bbtitle_content parent title-without-txt\u00a0\u00bb css=\u00a0\u00bb.vc_custom_1753184381885{background-image: url(https:\/\/nannienergy.com\/wp-content\/uploads\/2023\/08\/nanni-products-intro.jpg?id=367) !important;background-position: center !important;background-repeat: no-repeat !important;background-size: cover !important;}\u00a0\u00bb][vc_column][vc_column_text el_class=\u00a0\u00bbbreadcrumb\u00a0\u00bb][\/vc_column_text][vc_column_text css_animation=\u00a0\u00bbfadeIn\u00a0\u00bb css=\u00a0\u00bb\u00a0\u00bb el_class=\u00a0\u00bbtitle_container\u00a0\u00bb] Produits [\/vc_column_text][\/vc_column][\/vc_row][vc_row css_animation=\u00a0\u00bbnone\u00a0\u00bb el_class=\u00a0\u00bbhome_gammes\u00a0\u00bb][vc_column css_animation=\u00a0\u00bbfadeInUp\u00a0\u00bb][vc_column_text css_animation=\u00a0\u00bbnone\u00a0\u00bb css=\u00a0\u00bb\u00a0\u00bb] Soyez aux commandes. Nanni propose une gamme de produits allant du yachting aux applications professionnelles, des moteurs de propulsion et des g\u00e9n\u00e9rateurs aux accessoires et transmissions, tous n\u00e9cessaires pour vous&#8230; <a class=\"view-article\" href=\"https:\/\/nannienergy.com\/fr\/produits\/\">Voir l&rsquo;article<\/a>","protected":false},"author":1,"featured_media":0,"parent":0,"menu_order":0,"comment_status":"closed","ping_status":"closed","template":"","meta":{"_acf_changed":false,"footnotes":""},"class_list":["post-8","page","type-page","status-publish","hentry"],"acf":[],"yoast_head":"<!-- This site is optimized with the Yoast SEO plugin v26.4 - https:\/\/yoast.com\/wordpress\/plugins\/seo\/ -->\n<title>Produits - Nanni Industries<\/title>\n<meta name=\"robots\" content=\"index, follow, max-snippet:-1, max-image-preview:large, max-video-preview:-1\" \/>\n<link rel=\"canonical\" href=\"https:\/\/nannienergy.com\/fr\/produits\/\" \/>\n<meta property=\"og:locale\" content=\"fr_FR\" \/>\n<meta property=\"og:type\" content=\"article\" \/>\n<meta property=\"og:title\" content=\"Produits - Nanni Industries\" \/>\n<meta property=\"og:description\" content=\"[vc_row full_width=\u00a0\u00bbstretch_row_content\u00a0\u00bb el_class=\u00a0\u00bbtitle_content parent title-without-txt\u00a0\u00bb css=\u00a0\u00bb.vc_custom_1753184381885{background-image: url(https:\/\/nannienergy.com\/wp-content\/uploads\/2023\/08\/nanni-products-intro.jpg?id=367) !important;background-position: center !important;background-repeat: no-repeat !important;background-size: cover !important;}\u00a0\u00bb][vc_column][vc_column_text el_class=\u00a0\u00bbbreadcrumb\u00a0\u00bb][\/vc_column_text][vc_column_text css_animation=\u00a0\u00bbfadeIn\u00a0\u00bb css=\u00a0\u00bb\u00a0\u00bb el_class=\u00a0\u00bbtitle_container\u00a0\u00bb] Produits [\/vc_column_text][\/vc_column][\/vc_row][vc_row css_animation=\u00a0\u00bbnone\u00a0\u00bb el_class=\u00a0\u00bbhome_gammes\u00a0\u00bb][vc_column css_animation=\u00a0\u00bbfadeInUp\u00a0\u00bb][vc_column_text css_animation=\u00a0\u00bbnone\u00a0\u00bb css=\u00a0\u00bb\u00a0\u00bb] Soyez aux commandes. Nanni propose une gamme de produits allant du yachting aux applications professionnelles, des moteurs de propulsion et des g\u00e9n\u00e9rateurs aux accessoires et transmissions, tous n\u00e9cessaires pour vous... Voir l&#039;article\" \/>\n<meta property=\"og:url\" content=\"https:\/\/nannienergy.com\/fr\/produits\/\" \/>\n<meta property=\"og:site_name\" content=\"Nanni Industries\" \/>\n<meta property=\"article:modified_time\" content=\"2025-09-03T11:19:14+00:00\" \/>\n<meta name=\"twitter:card\" content=\"summary_large_image\" \/>\n<meta name=\"twitter:label1\" content=\"Dur\u00e9e de lecture estim\u00e9e\" \/>\n\t<meta name=\"twitter:data1\" content=\"2 minutes\" \/>\n<script type=\"application\/ld+json\" class=\"yoast-schema-graph\">{\"@context\":\"https:\/\/schema.org\",\"@graph\":[{\"@type\":\"WebPage\",\"@id\":\"https:\/\/nannienergy.com\/fr\/produits\/\",\"url\":\"https:\/\/nannienergy.com\/fr\/produits\/\",\"name\":\"Produits - Nanni Industries\",\"isPartOf\":{\"@id\":\"https:\/\/nannienergy.com\/fr\/#website\"},\"datePublished\":\"2023-07-20T09:24:52+00:00\",\"dateModified\":\"2025-09-03T11:19:14+00:00\",\"breadcrumb\":{\"@id\":\"https:\/\/nannienergy.com\/fr\/produits\/#breadcrumb\"},\"inLanguage\":\"fr-FR\",\"potentialAction\":[{\"@type\":\"ReadAction\",\"target\":[\"https:\/\/nannienergy.com\/fr\/produits\/\"]}]},{\"@type\":\"BreadcrumbList\",\"@id\":\"https:\/\/nannienergy.com\/fr\/produits\/#breadcrumb\",\"itemListElement\":[{\"@type\":\"ListItem\",\"position\":1,\"name\":\"\",\"item\":\"https:\/\/nannienergy.com\/fr\/\"},{\"@type\":\"ListItem\",\"position\":2,\"name\":\"Produits\"}]},{\"@type\":\"WebSite\",\"@id\":\"https:\/\/nannienergy.com\/fr\/#website\",\"url\":\"https:\/\/nannienergy.com\/fr\/\",\"name\":\"Nanni Industries\",\"description\":\"\",\"potentialAction\":[{\"@type\":\"SearchAction\",\"target\":{\"@type\":\"EntryPoint\",\"urlTemplate\":\"https:\/\/nannienergy.com\/fr\/?s={search_term_string}\"},\"query-input\":{\"@type\":\"PropertyValueSpecification\",\"valueRequired\":true,\"valueName\":\"search_term_string\"}}],\"inLanguage\":\"fr-FR\"}]}<\/script>\n<!-- \/ Yoast SEO plugin. -->","yoast_head_json":{"title":"Produits - Nanni Industries","robots":{"index":"index","follow":"follow","max-snippet":"max-snippet:-1","max-image-preview":"max-image-preview:large","max-video-preview":"max-video-preview:-1"},"canonical":"https:\/\/nannienergy.com\/fr\/produits\/","og_locale":"fr_FR","og_type":"article","og_title":"Produits - Nanni Industries","og_description":"[vc_row full_width=\u00a0\u00bbstretch_row_content\u00a0\u00bb el_class=\u00a0\u00bbtitle_content parent title-without-txt\u00a0\u00bb css=\u00a0\u00bb.vc_custom_1753184381885{background-image: url(https:\/\/nannienergy.com\/wp-content\/uploads\/2023\/08\/nanni-products-intro.jpg?id=367) !important;background-position: center !important;background-repeat: no-repeat !important;background-size: cover !important;}\u00a0\u00bb][vc_column][vc_column_text el_class=\u00a0\u00bbbreadcrumb\u00a0\u00bb][\/vc_column_text][vc_column_text css_animation=\u00a0\u00bbfadeIn\u00a0\u00bb css=\u00a0\u00bb\u00a0\u00bb el_class=\u00a0\u00bbtitle_container\u00a0\u00bb] Produits [\/vc_column_text][\/vc_column][\/vc_row][vc_row css_animation=\u00a0\u00bbnone\u00a0\u00bb el_class=\u00a0\u00bbhome_gammes\u00a0\u00bb][vc_column css_animation=\u00a0\u00bbfadeInUp\u00a0\u00bb][vc_column_text css_animation=\u00a0\u00bbnone\u00a0\u00bb css=\u00a0\u00bb\u00a0\u00bb] Soyez aux commandes. Nanni propose une gamme de produits allant du yachting aux applications professionnelles, des moteurs de propulsion et des g\u00e9n\u00e9rateurs aux accessoires et transmissions, tous n\u00e9cessaires pour vous... Voir l'article","og_url":"https:\/\/nannienergy.com\/fr\/produits\/","og_site_name":"Nanni Industries","article_modified_time":"2025-09-03T11:19:14+00:00","twitter_card":"summary_large_image","twitter_misc":{"Dur\u00e9e de lecture estim\u00e9e":"2 minutes"},"schema":{"@context":"https:\/\/schema.org","@graph":[{"@type":"WebPage","@id":"https:\/\/nannienergy.com\/fr\/produits\/","url":"https:\/\/nannienergy.com\/fr\/produits\/","name":"Produits - Nanni Industries","isPartOf":{"@id":"https:\/\/nannienergy.com\/fr\/#website"},"datePublished":"2023-07-20T09:24:52+00:00","dateModified":"2025-09-03T11:19:14+00:00","breadcrumb":{"@id":"https:\/\/nannienergy.com\/fr\/produits\/#breadcrumb"},"inLanguage":"fr-FR","potentialAction":[{"@type":"ReadAction","target":["https:\/\/nannienergy.com\/fr\/produits\/"]}]},{"@type":"BreadcrumbList","@id":"https:\/\/nannienergy.com\/fr\/produits\/#breadcrumb","itemListElement":[{"@type":"ListItem","position":1,"name":"","item":"https:\/\/nannienergy.com\/fr\/"},{"@type":"ListItem","position":2,"name":"Produits"}]},{"@type":"WebSite","@id":"https:\/\/nannienergy.com\/fr\/#website","url":"https:\/\/nannienergy.com\/fr\/","name":"Nanni Industries","description":"","potentialAction":[{"@type":"SearchAction","target":{"@type":"EntryPoint","urlTemplate":"https:\/\/nannienergy.com\/fr\/?s={search_term_string}"},"query-input":{"@type":"PropertyValueSpecification","valueRequired":true,"valueName":"search_term_string"}}],"inLanguage":"fr-FR"}]}},"_links":{"self":[{"href":"https:\/\/nannienergy.com\/fr\/wp-json\/wp\/v2\/pages\/8","targetHints":{"allow":["GET"]}}],"collection":[{"href":"https:\/\/nannienergy.com\/fr\/wp-json\/wp\/v2\/pages"}],"about":[{"href":"https:\/\/nannienergy.com\/fr\/wp-json\/wp\/v2\/types\/page"}],"author":[{"embeddable":true,"href":"https:\/\/nannienergy.com\/fr\/wp-json\/wp\/v2\/users\/1"}],"replies":[{"embeddable":true,"href":"https:\/\/nannienergy.com\/fr\/wp-json\/wp\/v2\/comments?post=8"}],"version-history":[{"count":0,"href":"https:\/\/nannienergy.com\/fr\/wp-json\/wp\/v2\/pages\/8\/revisions"}],"wp:attachment":[{"href":"https:\/\/nannienergy.com\/fr\/wp-json\/wp\/v2\/media?parent=8"}],"curies":[{"name":"wp","href":"https:\/\/api.w.org\/{rel}","templated":true}]}}