{"id":8336,"date":"2024-10-24T14:07:09","date_gmt":"2024-10-24T12:07:09","guid":{"rendered":"https:\/\/preprod.nannienergy.com\/?page_id=8336"},"modified":"2024-11-26T13:05:23","modified_gmt":"2024-11-26T12:05:23","slug":"sanlorenzo-life-mystic-methanol-transition-energetique-yachts","status":"publish","type":"page","link":"https:\/\/nannienergy.com\/fr\/sanlorenzo-life-mystic-methanol-transition-energetique-yachts\/","title":{"rendered":"SANLORENZO Life Mystic"},"content":{"rendered":"<div class=\"wpb-content-wrapper\"><p style=\"text-align: center;\">[vc_row full_width=\u00a0\u00bbstretch_row_content\u00a0\u00bb el_class=\u00a0\u00bbtitle_content\u00a0\u00bb css=\u00a0\u00bb.vc_custom_1729772120946{background-image: url(https:\/\/nannienergy.com\/wp-content\/uploads\/2024\/10\/Mystic-Banner.jpg?id=8301) !important;background-position: center !important;background-repeat: no-repeat !important;background-size: cover !important;}\u00a0\u00bb][vc_column][vc_column_text el_class=\u00a0\u00bbbreadcrumb\u00a0\u00bb]<span><span><a href=\"https:\/\/nannienergy.com\/fr\/\"><span class=\"home\"><\/span><\/a><\/span><\/span>[\/vc_column_text][vc_column_text css_animation=\u00a0\u00bbfadeIn\u00a0\u00bb css=\u00a0\u00bb\u00a0\u00bb el_class=\u00a0\u00bbtitle_container\u00a0\u00bb]<\/p>\n<h1 style=\"text-align: center;\">SANLORENZO Life Mystic :\u00a0Le m\u00e9thanol pour la transition \u00e9nerg\u00e9tique des yachts appliqu\u00e9 aux moteurs \u00e0 combustion interne<\/h1>\n<p style=\"text-align: center;\">[\/vc_column_text][\/vc_column][\/vc_row][vc_row el_class=\u00a0\u00bbcenter_content introduction\u00a0\u00bb][vc_column css_animation=\u00a0\u00bbfadeInUp\u00a0\u00bb][vc_column_text css=\u00a0\u00bb\u00a0\u00bb]L&rsquo;objectif du projet LIFE MYSTIC est de tester des moteurs de propulsion et des g\u00e9n\u00e9rateurs aliment\u00e9s par une combinaison de diesel et de m\u00e9thanol \u00e0 bord d&rsquo;un superyacht Sanlorenzo, actuellement aliment\u00e9 \u00e0 100 % par du carburant diesel.<\/p>\n<p style=\"text-align: center;\">Les \u00c9tats membres de l&rsquo;Organisation maritime internationale (OMI), r\u00e9unis au sein du Comit\u00e9 de protection du milieu marin (MEPC 80) en juillet 2023, ont d\u00e9cid\u00e9 d&rsquo;adopter la strat\u00e9gie 2023 de l&rsquo;OMI sur la r\u00e9duction des \u00e9missions de gaz \u00e0 effet de serre des navires. Selon la strat\u00e9gie de l&rsquo;OMI, les \u00e9missions nettes de GES dans le secteur maritime devraient \u00eatre atteintes en 2050 et pas plus en 2100, comme dans la r\u00e9glementation pr\u00e9c\u00e9dente. La strat\u00e9gie de d\u00e9carbonisation de Sanlorenzo vise \u00e0 atteindre des \u00e9missions nettes de GES nulles presque 10 ans plus t\u00f4t. Il convient de mentionner ici que cette ambition est \u00e9galement conforme au paquet \u00ab Fit for 55 \u00bb d\u00e9fini par le Green Deal de l&rsquo;UE, qui vise \u00e0 r\u00e9duire les \u00e9missions de l&rsquo;UE de 55 % en 2030 par rapport \u00e0 une base de r\u00e9f\u00e9rence de 1990.<\/p>\n<p style=\"text-align: center;\">En fait, le transport maritime est tr\u00e8s important en termes d&rsquo;\u00e9missions de gaz \u00e0 effet de serre, puisque 90 % du commerce mondial se fait par ce mode de transport. Pr\u00e8s de 100 000 navires sont en service au niveau mondial, et plus de 300 millions de tonnes de carburant sont consomm\u00e9es chaque ann\u00e9e. Pour r\u00e9duire les \u00e9missions des navires et se conformer aux r\u00e8gles et r\u00e9glementations de l&rsquo;OMI en mati\u00e8re d&rsquo;\u00e9missions, il existe diverses technologies et m\u00e9thodes, notamment la modernisation des moteurs avec des syst\u00e8mes de post-traitement et l&rsquo;adoption de carburants \u00e0 faible teneur en carbone ou \u00e0 teneur nulle en carbone.<\/p>\n<p style=\"text-align: center;\">Le m\u00e9thanol (MeOH) est l&rsquo;un des carburants alternatifs prometteurs pour les futurs transports maritimes. Il est liquide \u00e0 la temp\u00e9rature ambiante et est d\u00e9j\u00e0 disponible dans plus de 100 ports au niveau mondial. S&rsquo;il est produit \u00e0 partir de sources d&rsquo;\u00e9nergie renouvelables, le m\u00e9thanol devient un carburant neutre en carbone, ce qui favorise une strat\u00e9gie de r\u00e9duction nette des \u00e9missions de gaz \u00e0 effet de serre.<\/p>\n<p style=\"text-align: center;\">La disponibilit\u00e9 du m\u00e9thanol dans le monde entier est une n\u00e9cessit\u00e9 pour le projet Life Mystic, car un bateau qui ne peut pas remplir ses r\u00e9servoirs de m\u00e9thanol dans les principaux ports n&rsquo;est pas bien accueilli par le march\u00e9. La disponibilit\u00e9 de m\u00e9thanol renouvelable est donc n\u00e9cessaire au projet pour prouver au monde qu&rsquo;une forte r\u00e9duction des \u00e9missions de CO2 et d&rsquo;autres polluants peut \u00eatre obtenue avec cette solution.<\/p>\n<p style=\"text-align: center;\">Selon les statistiques publi\u00e9es par l&rsquo;<a href=\"https:\/\/www.methanol.org\/renewable\/\">Institut du m\u00e9thanol<\/a>, un grand nombre d&rsquo;usines de production sont en cours de construction et un bon nombre d&rsquo;entre elles sont en phase de conception. En 2024, la production de m\u00e9thanol renouvelable (bio+E) s&rsquo;\u00e9l\u00e8vera \u00e0 0,8 Mt, soit une augmentation de 60 % par rapport \u00e0 la production de 2023. En 2025, une augmentation de pr\u00e8s de 8 fois est attendue avec un certain nombre de nouvelles usines entrant en production.<\/p>\n<p style=\"text-align: center;\">L&rsquo;utilisation du m\u00e9thanol pour la propulsion dans les moteurs \u00e0 deux temps \u00e0 faible vitesse a d\u00e9j\u00e0 \u00e9t\u00e9 \u00e9tudi\u00e9e sur les grands navires (c&rsquo;est-\u00e0-dire les cargaisons de conteneurs), tandis que les applications du m\u00e9thanol dans les moteurs \u00e0 quatre temps \u00e0 faible vitesse sont \u00e0 l&rsquo;\u00e9tude dans le secteur de la fabrication de moteurs (c&rsquo;est-\u00e0-dire Man et W\u00e4rtsil\u00e4) pour d&rsquo;autres applications maritimes (qui n&rsquo;ont pas encore \u00e9t\u00e9 test\u00e9es sur les yachts et les superyachts).\u00a0Un superyacht Sanlorenzo a \u00e9t\u00e9 s\u00e9lectionn\u00e9 pour ce projet o\u00f9 2 moteurs diesel MAN \u00e0 quatre temps \u00e0 grande vitesse, en partenariat avec <a href=\"https:\/\/www.tonissi.com\/\">Ranieri Tonissi<\/a> en tant que partenaire de d\u00e9veloppement, et 2 g\u00e9n\u00e9rateurs diesel \u00e0 quatre temps d\u00e9velopp\u00e9s par <a href=\"https:\/\/nannienergy.com\/\">Nanni Industries<\/a> seront modernis\u00e9s pour un fonctionnement en bicarburation \u00e0 bord.<\/p>\n<p style=\"text-align: center;\">La conception d&rsquo;un kit d&rsquo;adaptation pour les moteurs \u00e0 bicarburation implique un processus d&rsquo;ing\u00e9nierie minutieux afin de garantir la combustion efficace et fiable de deux types de carburants diff\u00e9rents dans un seul moteur, tout en assurant une transition en douceur et sans faille vers un fonctionnement uniquement au diesel \u00e0 tout moment, ce qui fait de ces moteurs une solution parfaite pour un march\u00e9 en transition. La conception tiendra compte des aspects suivants :<\/p>\n<ul style=\"text-align: center;\">\n<li>la distribution du m\u00e9thanol dans le moteur<\/li>\n<li>le syst\u00e8me d&rsquo;injection de m\u00e9thanol pour contr\u00f4ler avec pr\u00e9cision l&rsquo;injection dans les orifices d&rsquo;admission de chaque cylindre avec le bon timing et la bonne quantit\u00e9 ;<\/li>\n<li>l&rsquo;alignement du syst\u00e8me d&rsquo;injection diesel existant avec l&rsquo;ajout de carburant dans le m\u00e9lange ;<\/li>\n<li>le syst\u00e8me d&rsquo;allumage : Les moteurs diesel\/m\u00e9thanol utiliseront l&rsquo;allumage par compression donn\u00e9 par les deux carburants (diesel et m\u00e9thanol respectivement), le diesel faisant office de carburant pilote.<\/li>\n<\/ul>\n<p style=\"text-align: center;\">Des campagnes d&rsquo;essais au banc garantiront la fiabilit\u00e9 et l&rsquo;efficacit\u00e9 de la conception et de la fabrication des prototypes qui seront install\u00e9s \u00e0 bord.<\/p>\n<p style=\"text-align: center;\">La conception du navire sera mise \u00e0 jour par Sanlorenzo avec la transformation de deux r\u00e9servoirs d&rsquo;une conception diesel traditionnelle \u00e0 une conception m\u00e9thanol, en conformit\u00e9 avec les r\u00e9glementations applicables, et l&rsquo;installation de distribution de carburant sera int\u00e9gr\u00e9e avec le syst\u00e8me additif de distribution de carburant.<\/p>\n<p style=\"text-align: center;\">Impact du projet :<br \/>\nR\u00e9duction des \u00e9missions de gaz \u00e0 effet de serre : 150 t\/an CO2eq<br \/>\nR\u00e9duction de la consommation d&rsquo;\u00e9nergie fossile primaire : 700 MW h\/an<br \/>\nR\u00e9duction des contaminants de la qualit\u00e9 de l&rsquo;air : 630 kg\/an<\/p>\n<p style=\"text-align: center;\">R\u00e9f\u00e9rence : LIFE23-ENV-IT-LIFE MYSTIC\/ 101148420<br \/>\nAcronyme : LIFE23-ENV-IT-LIFE MYSTIC<br \/>\nCo\u00fbts totaux : 4.817.889,00<br \/>\nContribution totale de l&rsquo;UE : 2.890.733,40<\/p>\n<p style=\"text-align: center;\"><img decoding=\"async\" width=\"250\" height=\"37\" class=\"alignnone size-medium wp-image-8399\" src=\"https:\/\/nannienergy.com\/wp-content\/uploads\/2024\/11\/sanlorenzo-yachts-logo-vector-e1732622665691-250x37.png\" alt=\"\" srcset=\"https:\/\/nannienergy.com\/wp-content\/uploads\/2024\/11\/sanlorenzo-yachts-logo-vector-e1732622665691-250x37.png 250w, https:\/\/nannienergy.com\/wp-content\/uploads\/2024\/11\/sanlorenzo-yachts-logo-vector-e1732622665691-870x133.png 870w, https:\/\/nannienergy.com\/wp-content\/uploads\/2024\/11\/sanlorenzo-yachts-logo-vector-e1732622665691-768x113.png 768w, https:\/\/nannienergy.com\/wp-content\/uploads\/2024\/11\/sanlorenzo-yachts-logo-vector-e1732622665691-700x103.png 700w, https:\/\/nannienergy.com\/wp-content\/uploads\/2024\/11\/sanlorenzo-yachts-logo-vector-e1732622665691-120x18.png 120w, https:\/\/nannienergy.com\/wp-content\/uploads\/2024\/11\/sanlorenzo-yachts-logo-vector-e1732622665691.png 900w\" sizes=\"(max-width: 250px) 100vw, 250px\" \/><\/p>\n<p style=\"text-align: center;\"><img decoding=\"async\" class=\"wp-image-8320 aligncenter\" src=\"https:\/\/nannienergy.com\/wp-content\/uploads\/2024\/10\/Logo_Life_Mystic_Black-250x115.jpg\" alt=\"\" width=\"258\" height=\"119\" srcset=\"https:\/\/nannienergy.com\/wp-content\/uploads\/2024\/10\/Logo_Life_Mystic_Black-250x115.jpg 250w, https:\/\/nannienergy.com\/wp-content\/uploads\/2024\/10\/Logo_Life_Mystic_Black-768x353.jpg 768w, https:\/\/nannienergy.com\/wp-content\/uploads\/2024\/10\/Logo_Life_Mystic_Black-700x322.jpg 700w, https:\/\/nannienergy.com\/wp-content\/uploads\/2024\/10\/Logo_Life_Mystic_Black-1536x706.jpg 1536w, https:\/\/nannienergy.com\/wp-content\/uploads\/2024\/10\/Logo_Life_Mystic_Black-2048x941.jpg 2048w, https:\/\/nannienergy.com\/wp-content\/uploads\/2024\/10\/Logo_Life_Mystic_Black-120x55.jpg 120w\" sizes=\"(max-width: 258px) 100vw, 258px\" \/><\/p>\n<p style=\"text-align: center;\"><img decoding=\"async\" class=\"wp-image-8326 aligncenter\" src=\"https:\/\/nannienergy.com\/wp-content\/uploads\/2024\/10\/18785it-EN_Co-funded_by_the_EU_BLACK-250x52.jpg\" alt=\"\" width=\"298\" height=\"62\" srcset=\"https:\/\/nannienergy.com\/wp-content\/uploads\/2024\/10\/18785it-EN_Co-funded_by_the_EU_BLACK-250x52.jpg 250w, https:\/\/nannienergy.com\/wp-content\/uploads\/2024\/10\/18785it-EN_Co-funded_by_the_EU_BLACK-768x161.jpg 768w, https:\/\/nannienergy.com\/wp-content\/uploads\/2024\/10\/18785it-EN_Co-funded_by_the_EU_BLACK-700x147.jpg 700w, https:\/\/nannienergy.com\/wp-content\/uploads\/2024\/10\/18785it-EN_Co-funded_by_the_EU_BLACK-120x25.jpg 120w, https:\/\/nannienergy.com\/wp-content\/uploads\/2024\/10\/18785it-EN_Co-funded_by_the_EU_BLACK.jpg 1280w\" sizes=\"(max-width: 298px) 100vw, 298px\" \/><\/p>\n<p style=\"text-align: center;\"><img decoding=\"async\" class=\"wp-image-8324 aligncenter\" src=\"https:\/\/nannienergy.com\/wp-content\/uploads\/2024\/10\/18498it-Nanni_Bleu_Quadri_01_2023-250x86.jpg\" alt=\"\" width=\"256\" height=\"88\" srcset=\"https:\/\/nannienergy.com\/wp-content\/uploads\/2024\/10\/18498it-Nanni_Bleu_Quadri_01_2023-250x86.jpg 250w, https:\/\/nannienergy.com\/wp-content\/uploads\/2024\/10\/18498it-Nanni_Bleu_Quadri_01_2023-120x41.jpg 120w, https:\/\/nannienergy.com\/wp-content\/uploads\/2024\/10\/18498it-Nanni_Bleu_Quadri_01_2023.jpg 500w\" sizes=\"(max-width: 256px) 100vw, 256px\" \/><\/p>\n<p style=\"text-align: center;\"><img decoding=\"async\" class=\"wp-image-8322 aligncenter\" src=\"https:\/\/nannienergy.com\/wp-content\/uploads\/2024\/10\/Tonissi-LogoRT_MAN.png\" alt=\"\" width=\"184\" height=\"175\" srcset=\"https:\/\/nannienergy.com\/wp-content\/uploads\/2024\/10\/Tonissi-LogoRT_MAN.png 243w, https:\/\/nannienergy.com\/wp-content\/uploads\/2024\/10\/Tonissi-LogoRT_MAN-120x114.png 120w\" sizes=\"(max-width: 184px) 100vw, 184px\" \/><\/p>\n<p style=\"text-align: center;\">Financ\u00e9 par l&rsquo;Union europ\u00e9enne. Les points de vue et opinions exprim\u00e9s n&rsquo;engagent que leurs auteurs et ne refl\u00e8tent pas n\u00e9cessairement ceux de l&rsquo;Union europ\u00e9enne ou de l&rsquo;Agence ex\u00e9cutive europ\u00e9enne pour l&rsquo;\u00e9ducation et la culture (EACEA). Ni l&rsquo;Union europ\u00e9enne ni l&rsquo;EACEA ne peuvent en \u00eatre tenues pour responsables.[\/vc_column_text][\/vc_column][\/vc_row]<\/p>\n<\/div>","protected":false},"excerpt":{"rendered":"[vc_row full_width=\u00a0\u00bbstretch_row_content\u00a0\u00bb el_class=\u00a0\u00bbtitle_content\u00a0\u00bb css=\u00a0\u00bb.vc_custom_1729772120946{background-image: url(https:\/\/nannienergy.com\/wp-content\/uploads\/2024\/10\/Mystic-Banner.jpg?id=8301) !important;background-position: center !important;background-repeat: no-repeat !important;background-size: cover !important;}\u00a0\u00bb][vc_column][vc_column_text el_class=\u00a0\u00bbbreadcrumb\u00a0\u00bb][\/vc_column_text][vc_column_text css_animation=\u00a0\u00bbfadeIn\u00a0\u00bb css=\u00a0\u00bb\u00a0\u00bb el_class=\u00a0\u00bbtitle_container\u00a0\u00bb] SANLORENZO Life Mystic :\u00a0Le m\u00e9thanol pour la transition \u00e9nerg\u00e9tique des yachts appliqu\u00e9 aux moteurs \u00e0 combustion interne [\/vc_column_text][\/vc_column][\/vc_row][vc_row el_class=\u00a0\u00bbcenter_content introduction\u00a0\u00bb][vc_column css_animation=\u00a0\u00bbfadeInUp\u00a0\u00bb][vc_column_text css=\u00a0\u00bb\u00a0\u00bb]L&rsquo;objectif du projet LIFE MYSTIC est de tester des moteurs de propulsion et des g\u00e9n\u00e9rateurs aliment\u00e9s par une&#8230; <a class=\"view-article\" href=\"https:\/\/nannienergy.com\/fr\/sanlorenzo-life-mystic-methanol-transition-energetique-yachts\/\">Voir l&rsquo;article<\/a>","protected":false},"author":4,"featured_media":0,"parent":0,"menu_order":0,"comment_status":"closed","ping_status":"closed","template":"","meta":{"_acf_changed":false,"footnotes":""},"class_list":["post-8336","page","type-page","status-publish","hentry"],"acf":[],"yoast_head":"<!-- This site is optimized with the Yoast SEO plugin v26.4 - https:\/\/yoast.com\/wordpress\/plugins\/seo\/ -->\n<title>SANLORENZO Life Mystic - Nanni Industries<\/title>\n<meta name=\"robots\" content=\"index, follow, max-snippet:-1, max-image-preview:large, max-video-preview:-1\" \/>\n<link rel=\"canonical\" href=\"https:\/\/nannienergy.com\/fr\/sanlorenzo-life-mystic-methanol-transition-energetique-yachts\/\" \/>\n<meta property=\"og:locale\" content=\"fr_FR\" \/>\n<meta property=\"og:type\" content=\"article\" \/>\n<meta property=\"og:title\" content=\"SANLORENZO Life Mystic - Nanni Industries\" \/>\n<meta property=\"og:description\" content=\"[vc_row full_width=\u00a0\u00bbstretch_row_content\u00a0\u00bb el_class=\u00a0\u00bbtitle_content\u00a0\u00bb css=\u00a0\u00bb.vc_custom_1729772120946{background-image: url(https:\/\/nannienergy.com\/wp-content\/uploads\/2024\/10\/Mystic-Banner.jpg?id=8301) !important;background-position: center !important;background-repeat: no-repeat !important;background-size: cover !important;}\u00a0\u00bb][vc_column][vc_column_text el_class=\u00a0\u00bbbreadcrumb\u00a0\u00bb][\/vc_column_text][vc_column_text css_animation=\u00a0\u00bbfadeIn\u00a0\u00bb css=\u00a0\u00bb\u00a0\u00bb el_class=\u00a0\u00bbtitle_container\u00a0\u00bb] SANLORENZO Life Mystic :\u00a0Le m\u00e9thanol pour la transition \u00e9nerg\u00e9tique des yachts appliqu\u00e9 aux moteurs \u00e0 combustion interne [\/vc_column_text][\/vc_column][\/vc_row][vc_row el_class=\u00a0\u00bbcenter_content introduction\u00a0\u00bb][vc_column css_animation=\u00a0\u00bbfadeInUp\u00a0\u00bb][vc_column_text css=\u00a0\u00bb\u00a0\u00bb]L&rsquo;objectif du projet LIFE MYSTIC est de tester des moteurs de propulsion et des g\u00e9n\u00e9rateurs aliment\u00e9s par une... Voir l&#039;article\" \/>\n<meta property=\"og:url\" content=\"https:\/\/nannienergy.com\/fr\/sanlorenzo-life-mystic-methanol-transition-energetique-yachts\/\" \/>\n<meta property=\"og:site_name\" content=\"Nanni Industries\" \/>\n<meta property=\"article:modified_time\" content=\"2024-11-26T12:05:23+00:00\" \/>\n<meta property=\"og:image\" content=\"https:\/\/nannienergy.com\/wp-content\/uploads\/2024\/11\/sanlorenzo-yachts-logo-vector-e1732622665691-250x37.png\" \/>\n<meta name=\"twitter:card\" content=\"summary_large_image\" \/>\n<meta name=\"twitter:label1\" content=\"Dur\u00e9e de lecture estim\u00e9e\" \/>\n\t<meta name=\"twitter:data1\" content=\"6 minutes\" \/>\n<script type=\"application\/ld+json\" class=\"yoast-schema-graph\">{\"@context\":\"https:\/\/schema.org\",\"@graph\":[{\"@type\":\"WebPage\",\"@id\":\"https:\/\/nannienergy.com\/fr\/sanlorenzo-life-mystic-methanol-transition-energetique-yachts\/\",\"url\":\"https:\/\/nannienergy.com\/fr\/sanlorenzo-life-mystic-methanol-transition-energetique-yachts\/\",\"name\":\"SANLORENZO Life Mystic - Nanni Industries\",\"isPartOf\":{\"@id\":\"https:\/\/nannienergy.com\/fr\/#website\"},\"primaryImageOfPage\":{\"@id\":\"https:\/\/nannienergy.com\/fr\/sanlorenzo-life-mystic-methanol-transition-energetique-yachts\/#primaryimage\"},\"image\":{\"@id\":\"https:\/\/nannienergy.com\/fr\/sanlorenzo-life-mystic-methanol-transition-energetique-yachts\/#primaryimage\"},\"thumbnailUrl\":\"https:\/\/nannienergy.com\/wp-content\/uploads\/2024\/11\/sanlorenzo-yachts-logo-vector-e1732622665691-250x37.png\",\"datePublished\":\"2024-10-24T12:07:09+00:00\",\"dateModified\":\"2024-11-26T12:05:23+00:00\",\"breadcrumb\":{\"@id\":\"https:\/\/nannienergy.com\/fr\/sanlorenzo-life-mystic-methanol-transition-energetique-yachts\/#breadcrumb\"},\"inLanguage\":\"fr-FR\",\"potentialAction\":[{\"@type\":\"ReadAction\",\"target\":[\"https:\/\/nannienergy.com\/fr\/sanlorenzo-life-mystic-methanol-transition-energetique-yachts\/\"]}]},{\"@type\":\"ImageObject\",\"inLanguage\":\"fr-FR\",\"@id\":\"https:\/\/nannienergy.com\/fr\/sanlorenzo-life-mystic-methanol-transition-energetique-yachts\/#primaryimage\",\"url\":\"https:\/\/nannienergy.com\/wp-content\/uploads\/2024\/11\/sanlorenzo-yachts-logo-vector-e1732622665691-250x37.png\",\"contentUrl\":\"https:\/\/nannienergy.com\/wp-content\/uploads\/2024\/11\/sanlorenzo-yachts-logo-vector-e1732622665691-250x37.png\"},{\"@type\":\"BreadcrumbList\",\"@id\":\"https:\/\/nannienergy.com\/fr\/sanlorenzo-life-mystic-methanol-transition-energetique-yachts\/#breadcrumb\",\"itemListElement\":[{\"@type\":\"ListItem\",\"position\":1,\"name\":\"\",\"item\":\"https:\/\/nannienergy.com\/fr\/\"},{\"@type\":\"ListItem\",\"position\":2,\"name\":\"SANLORENZO Life Mystic\"}]},{\"@type\":\"WebSite\",\"@id\":\"https:\/\/nannienergy.com\/fr\/#website\",\"url\":\"https:\/\/nannienergy.com\/fr\/\",\"name\":\"Nanni Industries\",\"description\":\"\",\"potentialAction\":[{\"@type\":\"SearchAction\",\"target\":{\"@type\":\"EntryPoint\",\"urlTemplate\":\"https:\/\/nannienergy.com\/fr\/?s={search_term_string}\"},\"query-input\":{\"@type\":\"PropertyValueSpecification\",\"valueRequired\":true,\"valueName\":\"search_term_string\"}}],\"inLanguage\":\"fr-FR\"}]}<\/script>\n<!-- \/ Yoast SEO plugin. -->","yoast_head_json":{"title":"SANLORENZO Life Mystic - Nanni Industries","robots":{"index":"index","follow":"follow","max-snippet":"max-snippet:-1","max-image-preview":"max-image-preview:large","max-video-preview":"max-video-preview:-1"},"canonical":"https:\/\/nannienergy.com\/fr\/sanlorenzo-life-mystic-methanol-transition-energetique-yachts\/","og_locale":"fr_FR","og_type":"article","og_title":"SANLORENZO Life Mystic - Nanni Industries","og_description":"[vc_row full_width=\u00a0\u00bbstretch_row_content\u00a0\u00bb el_class=\u00a0\u00bbtitle_content\u00a0\u00bb css=\u00a0\u00bb.vc_custom_1729772120946{background-image: url(https:\/\/nannienergy.com\/wp-content\/uploads\/2024\/10\/Mystic-Banner.jpg?id=8301) !important;background-position: center !important;background-repeat: no-repeat !important;background-size: cover !important;}\u00a0\u00bb][vc_column][vc_column_text el_class=\u00a0\u00bbbreadcrumb\u00a0\u00bb][\/vc_column_text][vc_column_text css_animation=\u00a0\u00bbfadeIn\u00a0\u00bb css=\u00a0\u00bb\u00a0\u00bb el_class=\u00a0\u00bbtitle_container\u00a0\u00bb] SANLORENZO Life Mystic :\u00a0Le m\u00e9thanol pour la transition \u00e9nerg\u00e9tique des yachts appliqu\u00e9 aux moteurs \u00e0 combustion interne [\/vc_column_text][\/vc_column][\/vc_row][vc_row el_class=\u00a0\u00bbcenter_content introduction\u00a0\u00bb][vc_column css_animation=\u00a0\u00bbfadeInUp\u00a0\u00bb][vc_column_text css=\u00a0\u00bb\u00a0\u00bb]L&rsquo;objectif du projet LIFE MYSTIC est de tester des moteurs de propulsion et des g\u00e9n\u00e9rateurs aliment\u00e9s par une... Voir l'article","og_url":"https:\/\/nannienergy.com\/fr\/sanlorenzo-life-mystic-methanol-transition-energetique-yachts\/","og_site_name":"Nanni Industries","article_modified_time":"2024-11-26T12:05:23+00:00","og_image":[{"url":"https:\/\/nannienergy.com\/wp-content\/uploads\/2024\/11\/sanlorenzo-yachts-logo-vector-e1732622665691-250x37.png","type":"","width":"","height":""}],"twitter_card":"summary_large_image","twitter_misc":{"Dur\u00e9e de lecture estim\u00e9e":"6 minutes"},"schema":{"@context":"https:\/\/schema.org","@graph":[{"@type":"WebPage","@id":"https:\/\/nannienergy.com\/fr\/sanlorenzo-life-mystic-methanol-transition-energetique-yachts\/","url":"https:\/\/nannienergy.com\/fr\/sanlorenzo-life-mystic-methanol-transition-energetique-yachts\/","name":"SANLORENZO Life Mystic - Nanni Industries","isPartOf":{"@id":"https:\/\/nannienergy.com\/fr\/#website"},"primaryImageOfPage":{"@id":"https:\/\/nannienergy.com\/fr\/sanlorenzo-life-mystic-methanol-transition-energetique-yachts\/#primaryimage"},"image":{"@id":"https:\/\/nannienergy.com\/fr\/sanlorenzo-life-mystic-methanol-transition-energetique-yachts\/#primaryimage"},"thumbnailUrl":"https:\/\/nannienergy.com\/wp-content\/uploads\/2024\/11\/sanlorenzo-yachts-logo-vector-e1732622665691-250x37.png","datePublished":"2024-10-24T12:07:09+00:00","dateModified":"2024-11-26T12:05:23+00:00","breadcrumb":{"@id":"https:\/\/nannienergy.com\/fr\/sanlorenzo-life-mystic-methanol-transition-energetique-yachts\/#breadcrumb"},"inLanguage":"fr-FR","potentialAction":[{"@type":"ReadAction","target":["https:\/\/nannienergy.com\/fr\/sanlorenzo-life-mystic-methanol-transition-energetique-yachts\/"]}]},{"@type":"ImageObject","inLanguage":"fr-FR","@id":"https:\/\/nannienergy.com\/fr\/sanlorenzo-life-mystic-methanol-transition-energetique-yachts\/#primaryimage","url":"https:\/\/nannienergy.com\/wp-content\/uploads\/2024\/11\/sanlorenzo-yachts-logo-vector-e1732622665691-250x37.png","contentUrl":"https:\/\/nannienergy.com\/wp-content\/uploads\/2024\/11\/sanlorenzo-yachts-logo-vector-e1732622665691-250x37.png"},{"@type":"BreadcrumbList","@id":"https:\/\/nannienergy.com\/fr\/sanlorenzo-life-mystic-methanol-transition-energetique-yachts\/#breadcrumb","itemListElement":[{"@type":"ListItem","position":1,"name":"","item":"https:\/\/nannienergy.com\/fr\/"},{"@type":"ListItem","position":2,"name":"SANLORENZO Life Mystic"}]},{"@type":"WebSite","@id":"https:\/\/nannienergy.com\/fr\/#website","url":"https:\/\/nannienergy.com\/fr\/","name":"Nanni Industries","description":"","potentialAction":[{"@type":"SearchAction","target":{"@type":"EntryPoint","urlTemplate":"https:\/\/nannienergy.com\/fr\/?s={search_term_string}"},"query-input":{"@type":"PropertyValueSpecification","valueRequired":true,"valueName":"search_term_string"}}],"inLanguage":"fr-FR"}]}},"_links":{"self":[{"href":"https:\/\/nannienergy.com\/fr\/wp-json\/wp\/v2\/pages\/8336","targetHints":{"allow":["GET"]}}],"collection":[{"href":"https:\/\/nannienergy.com\/fr\/wp-json\/wp\/v2\/pages"}],"about":[{"href":"https:\/\/nannienergy.com\/fr\/wp-json\/wp\/v2\/types\/page"}],"author":[{"embeddable":true,"href":"https:\/\/nannienergy.com\/fr\/wp-json\/wp\/v2\/users\/4"}],"replies":[{"embeddable":true,"href":"https:\/\/nannienergy.com\/fr\/wp-json\/wp\/v2\/comments?post=8336"}],"version-history":[{"count":0,"href":"https:\/\/nannienergy.com\/fr\/wp-json\/wp\/v2\/pages\/8336\/revisions"}],"wp:attachment":[{"href":"https:\/\/nannienergy.com\/fr\/wp-json\/wp\/v2\/media?parent=8336"}],"curies":[{"name":"wp","href":"https:\/\/api.w.org\/{rel}","templated":true}]}}